{"id":7937,"date":"2022-01-25T21:22:50","date_gmt":"2022-01-25T21:22:50","guid":{"rendered":"https:\/\/botanicapetit.es\/?post_type=product&#038;p=7937"},"modified":"2026-03-28T08:20:47","modified_gmt":"2026-03-28T08:20:47","slug":"conjunto-lavanda-con-pantalon","status":"publish","type":"product","link":"https:\/\/botanicapetit.es\/en\/product\/conjunto-lavanda-con-pantalon\/","title":{"rendered":"Lavender set with pants"},"content":{"rendered":"<p>conjuntazo para esta primavera\/verano, formado por vestidito mini + Pantaloncito a juego.<\/p>\n<p>el Vestido mini\/camisita es sin mangas, con cuello a la caja, botonadura trasera, con dos bolsillos delanteros y una puntilla blanca que rodea mangas, bolsillos y cuello.<\/p>\n<p>y pantal\u00f3n a juego con el vestido! Largo, con la puntilla de la parte superior formando un vilante ideal en el bajo del pantal\u00f3n.<\/p>\n<p>Tenemos la opci\u00f3n de esta misma parte de arriba con braguita, lo encontrareis como &#8221; CONJUNTO LAVANDA CON BRAGUITA&#8221;<\/p>\n<p><strong><span style=\"color: #ff0000;\">Ten\u00e9is que medir de tiro del pantal\u00f3n al tobillo y ponerlo en cometarios adicionales.<\/span> en caso de que no pong\u00e1is medidas os haremos las de los patrones, pero al tener volante abajo ( que es lo que le da tanta gracia) si lo remang\u00e1is no se ver\u00e1.<\/strong><\/p>\n<p><strong>En el cuadro de elecci\u00f3n de telas debes especificar el n\u00famero de tela en el que \u00a0quieres este producto \u00a0y seleccionar en las casilla de arriba tanto el tama\u00f1o (edad), como el tipo de bot\u00f3n. LA PUNTILLA SIEMPRE VA EN COLOR BLANCO!<\/strong><\/p>\n<p>&nbsp;<\/p>\n<p>&nbsp;<\/p>","protected":false},"excerpt":{"rendered":"<p>conjuntazo para esta primavera\/verano, formado por vestidito mini + Pantaloncito a juego. el Vestido mini\/camisita es sin mangas, con cuello a la caja, botonadura trasera, con dos bolsillos delanteros y una puntilla blanca que rodea mangas, bolsillos y cuello. y pantal\u00f3n a juego con el vestido! Largo, con la puntilla de la parte superior formando [&hellip;]<\/p>\n","protected":false},"featured_media":18880,"template":"","meta":{"om_disable_all_campaigns":false,"site-sidebar-layout":"default","site-content-layout":"default","ast-site-content-layout":"default","site-content-style":"default","site-sidebar-style":"default","ast-global-header-display":"","ast-banner-title-visibility":"","ast-main-header-display":"","ast-hfb-above-header-display":"","ast-hfb-below-header-display":"","ast-hfb-mobile-header-display":"","site-post-title":"","ast-breadcrumbs-content":"","ast-featured-img":"","footer-sml-layout":"","ast-disable-related-posts":"","theme-transparent-header-meta":"default","adv-header-id-meta":"","stick-header-meta":"","header-above-stick-meta":"","header-main-stick-meta":"","header-below-stick-meta":"","astra-migrate-meta-layouts":"set","ast-page-background-enabled":"default","ast-page-background-meta":{"desktop":{"background-color":"","background-image":"","background-repeat":"repeat","background-position":"center center","background-size":"auto","background-attachment":"scroll","background-type":"","background-media":"","overlay-type":"","overlay-color":"","overlay-opacity":"","overlay-gradient":""},"tablet":{"background-color":"","background-image":"","background-repeat":"repeat","background-position":"center center","background-size":"auto","background-attachment":"scroll","background-type":"","background-media":"","overlay-type":"","overlay-color":"","overlay-opacity":"","overlay-gradient":""},"mobile":{"background-color":"","background-image":"","background-repeat":"repeat","background-position":"center center","background-size":"auto","background-attachment":"scroll","background-type":"","background-media":"","overlay-type":"","overlay-color":"","overlay-opacity":"","overlay-gradient":""}},"ast-content-background-meta":{"desktop":{"background-color":"var(--ast-global-color-5)","background-image":"","background-repeat":"repeat","background-position":"center center","background-size":"auto","background-attachment":"scroll","background-type":"","background-media":"","overlay-type":"","overlay-color":"","overlay-opacity":"","overlay-gradient":""},"tablet":{"background-color":"var(--ast-global-color-5)","background-image":"","background-repeat":"repeat","background-position":"center center","background-size":"auto","background-attachment":"scroll","background-type":"","background-media":"","overlay-type":"","overlay-color":"","overlay-opacity":"","overlay-gradient":""},"mobile":{"background-color":"var(--ast-global-color-5)","background-image":"","background-repeat":"repeat","background-position":"center center","background-size":"auto","background-attachment":"scroll","background-type":"","background-media":"","overlay-type":"","overlay-color":"","overlay-opacity":"","overlay-gradient":""}}},"product_brand":[],"product_cat":[62,38,34],"product_tag":[],"class_list":{"0":"post-7937","1":"product","2":"type-product","3":"status-publish","4":"has-post-thumbnail","6":"product_cat-conjuntos","7":"product_cat-pantalones","8":"product_cat-ropa","9":"desktop-align-left","10":"tablet-align-left","11":"mobile-align-left","13":"first","14":"instock","15":"shipping-taxable","16":"purchasable","17":"product-type-variable","18":"rtwpvs-product"},"yoast_head":"<!-- This site is optimized with the Yoast SEO plugin v26.8 - https:\/\/yoast.com\/product\/yoast-seo-wordpress\/ -->\n<title>Conjunto lavanda con pantal\u00f3n - Bota\u0301nica Petit<\/title>\n<meta name=\"robots\" content=\"index, follow, max-snippet:-1, max-image-preview:large, max-video-preview:-1\" \/>\n<link rel=\"canonical\" href=\"https:\/\/botanicapetit.es\/en\/product\/conjunto-lavanda-con-pantalon\/\" \/>\n<meta property=\"og:locale\" content=\"en_US\" \/>\n<meta property=\"og:type\" content=\"article\" \/>\n<meta property=\"og:title\" content=\"Conjunto lavanda con pantal\u00f3n - Bota\u0301nica Petit\" \/>\n<meta property=\"og:description\" content=\"conjuntazo para esta primavera\/verano, formado por vestidito mini + Pantaloncito a juego. el Vestido mini\/camisita es sin mangas, con cuello a la caja, botonadura trasera, con dos bolsillos delanteros y una puntilla blanca que rodea mangas, bolsillos y cuello. y pantal\u00f3n a juego con el vestido! Largo, con la puntilla de la parte superior formando [&hellip;]\" \/>\n<meta property=\"og:url\" content=\"https:\/\/botanicapetit.es\/en\/product\/conjunto-lavanda-con-pantalon\/\" \/>\n<meta property=\"og:site_name\" content=\"Bota\u0301nica Petit\" \/>\n<meta property=\"article:modified_time\" content=\"2026-03-28T08:20:47+00:00\" \/>\n<meta property=\"og:image\" content=\"https:\/\/botanicapetit.es\/wp-content\/uploads\/2022\/01\/Photoroom_20260328_082704.png\" \/>\n\t<meta property=\"og:image:width\" content=\"832\" \/>\n\t<meta property=\"og:image:height\" content=\"1248\" \/>\n\t<meta property=\"og:image:type\" content=\"image\/png\" \/>\n<meta name=\"twitter:card\" content=\"summary_large_image\" \/>\n<meta name=\"twitter:label1\" content=\"Est. reading time\" \/>\n\t<meta name=\"twitter:data1\" content=\"1 minute\" \/>\n<script type=\"application\/ld+json\" class=\"yoast-schema-graph\">{\"@context\":\"https:\/\/schema.org\",\"@graph\":[{\"@type\":\"WebPage\",\"@id\":\"https:\/\/botanicapetit.es\/producto\/conjunto-lavanda-con-pantalon\/\",\"url\":\"https:\/\/botanicapetit.es\/producto\/conjunto-lavanda-con-pantalon\/\",\"name\":\"Conjunto lavanda con pantal\u00f3n - Bota\u0301nica Petit\",\"isPartOf\":{\"@id\":\"https:\/\/botanicapetit.es\/#website\"},\"primaryImageOfPage\":{\"@id\":\"https:\/\/botanicapetit.es\/producto\/conjunto-lavanda-con-pantalon\/#primaryimage\"},\"image\":{\"@id\":\"https:\/\/botanicapetit.es\/producto\/conjunto-lavanda-con-pantalon\/#primaryimage\"},\"thumbnailUrl\":\"https:\/\/botanicapetit.es\/wp-content\/uploads\/2022\/01\/Photoroom_20260328_082704.png\",\"datePublished\":\"2022-01-25T21:22:50+00:00\",\"dateModified\":\"2026-03-28T08:20:47+00:00\",\"breadcrumb\":{\"@id\":\"https:\/\/botanicapetit.es\/producto\/conjunto-lavanda-con-pantalon\/#breadcrumb\"},\"inLanguage\":\"en-US\",\"potentialAction\":[{\"@type\":\"ReadAction\",\"target\":[\"https:\/\/botanicapetit.es\/producto\/conjunto-lavanda-con-pantalon\/\"]}]},{\"@type\":\"ImageObject\",\"inLanguage\":\"en-US\",\"@id\":\"https:\/\/botanicapetit.es\/producto\/conjunto-lavanda-con-pantalon\/#primaryimage\",\"url\":\"https:\/\/botanicapetit.es\/wp-content\/uploads\/2022\/01\/Photoroom_20260328_082704.png\",\"contentUrl\":\"https:\/\/botanicapetit.es\/wp-content\/uploads\/2022\/01\/Photoroom_20260328_082704.png\",\"width\":832,\"height\":1248},{\"@type\":\"BreadcrumbList\",\"@id\":\"https:\/\/botanicapetit.es\/producto\/conjunto-lavanda-con-pantalon\/#breadcrumb\",\"itemListElement\":[{\"@type\":\"ListItem\",\"position\":1,\"name\":\"Portada\",\"item\":\"https:\/\/botanicapetit.es\/\"},{\"@type\":\"ListItem\",\"position\":2,\"name\":\"Tienda\",\"item\":\"https:\/\/botanicapetit.es\/tienda\/\"},{\"@type\":\"ListItem\",\"position\":3,\"name\":\"Conjunto lavanda con pantal\u00f3n\"}]},{\"@type\":\"WebSite\",\"@id\":\"https:\/\/botanicapetit.es\/#website\",\"url\":\"https:\/\/botanicapetit.es\/\",\"name\":\"Bota\u0301nica Petit\",\"description\":\"Just another WordPress site\",\"publisher\":{\"@id\":\"https:\/\/botanicapetit.es\/#organization\"},\"potentialAction\":[{\"@type\":\"SearchAction\",\"target\":{\"@type\":\"EntryPoint\",\"urlTemplate\":\"https:\/\/botanicapetit.es\/?s={search_term_string}\"},\"query-input\":{\"@type\":\"PropertyValueSpecification\",\"valueRequired\":true,\"valueName\":\"search_term_string\"}}],\"inLanguage\":\"en-US\"},{\"@type\":\"Organization\",\"@id\":\"https:\/\/botanicapetit.es\/#organization\",\"name\":\"Bota\u0301nica Petit\",\"url\":\"https:\/\/botanicapetit.es\/\",\"logo\":{\"@type\":\"ImageObject\",\"inLanguage\":\"en-US\",\"@id\":\"https:\/\/botanicapetit.es\/#\/schema\/logo\/image\/\",\"url\":\"https:\/\/botanicapetit.es\/wp-content\/uploads\/2021\/03\/LOGO-BPETIT.png\",\"contentUrl\":\"https:\/\/botanicapetit.es\/wp-content\/uploads\/2021\/03\/LOGO-BPETIT.png\",\"width\":439,\"height\":455,\"caption\":\"Bota\u0301nica Petit\"},\"image\":{\"@id\":\"https:\/\/botanicapetit.es\/#\/schema\/logo\/image\/\"}}]}<\/script>\n<!-- \/ Yoast SEO plugin. -->","yoast_head_json":{"title":"Conjunto lavanda con pantal\u00f3n - Bota\u0301nica Petit","robots":{"index":"index","follow":"follow","max-snippet":"max-snippet:-1","max-image-preview":"max-image-preview:large","max-video-preview":"max-video-preview:-1"},"canonical":"https:\/\/botanicapetit.es\/en\/product\/conjunto-lavanda-con-pantalon\/","og_locale":"en_US","og_type":"article","og_title":"Conjunto lavanda con pantal\u00f3n - Bota\u0301nica Petit","og_description":"conjuntazo para esta primavera\/verano, formado por vestidito mini + Pantaloncito a juego. el Vestido mini\/camisita es sin mangas, con cuello a la caja, botonadura trasera, con dos bolsillos delanteros y una puntilla blanca que rodea mangas, bolsillos y cuello. y pantal\u00f3n a juego con el vestido! Largo, con la puntilla de la parte superior formando [&hellip;]","og_url":"https:\/\/botanicapetit.es\/en\/product\/conjunto-lavanda-con-pantalon\/","og_site_name":"Bota\u0301nica Petit","article_modified_time":"2026-03-28T08:20:47+00:00","og_image":[{"width":832,"height":1248,"url":"https:\/\/botanicapetit.es\/wp-content\/uploads\/2022\/01\/Photoroom_20260328_082704.png","type":"image\/png"}],"twitter_card":"summary_large_image","twitter_misc":{"Est. reading time":"1 minute"},"schema":{"@context":"https:\/\/schema.org","@graph":[{"@type":"WebPage","@id":"https:\/\/botanicapetit.es\/producto\/conjunto-lavanda-con-pantalon\/","url":"https:\/\/botanicapetit.es\/producto\/conjunto-lavanda-con-pantalon\/","name":"Conjunto lavanda con pantal\u00f3n - Bota\u0301nica Petit","isPartOf":{"@id":"https:\/\/botanicapetit.es\/#website"},"primaryImageOfPage":{"@id":"https:\/\/botanicapetit.es\/producto\/conjunto-lavanda-con-pantalon\/#primaryimage"},"image":{"@id":"https:\/\/botanicapetit.es\/producto\/conjunto-lavanda-con-pantalon\/#primaryimage"},"thumbnailUrl":"https:\/\/botanicapetit.es\/wp-content\/uploads\/2022\/01\/Photoroom_20260328_082704.png","datePublished":"2022-01-25T21:22:50+00:00","dateModified":"2026-03-28T08:20:47+00:00","breadcrumb":{"@id":"https:\/\/botanicapetit.es\/producto\/conjunto-lavanda-con-pantalon\/#breadcrumb"},"inLanguage":"en-US","potentialAction":[{"@type":"ReadAction","target":["https:\/\/botanicapetit.es\/producto\/conjunto-lavanda-con-pantalon\/"]}]},{"@type":"ImageObject","inLanguage":"en-US","@id":"https:\/\/botanicapetit.es\/producto\/conjunto-lavanda-con-pantalon\/#primaryimage","url":"https:\/\/botanicapetit.es\/wp-content\/uploads\/2022\/01\/Photoroom_20260328_082704.png","contentUrl":"https:\/\/botanicapetit.es\/wp-content\/uploads\/2022\/01\/Photoroom_20260328_082704.png","width":832,"height":1248},{"@type":"BreadcrumbList","@id":"https:\/\/botanicapetit.es\/producto\/conjunto-lavanda-con-pantalon\/#breadcrumb","itemListElement":[{"@type":"ListItem","position":1,"name":"Portada","item":"https:\/\/botanicapetit.es\/"},{"@type":"ListItem","position":2,"name":"Tienda","item":"https:\/\/botanicapetit.es\/tienda\/"},{"@type":"ListItem","position":3,"name":"Conjunto lavanda con pantal\u00f3n"}]},{"@type":"WebSite","@id":"https:\/\/botanicapetit.es\/#website","url":"https:\/\/botanicapetit.es\/","name":"Petit Botany","description":"Just another WordPress site","publisher":{"@id":"https:\/\/botanicapetit.es\/#organization"},"potentialAction":[{"@type":"SearchAction","target":{"@type":"EntryPoint","urlTemplate":"https:\/\/botanicapetit.es\/?s={search_term_string}"},"query-input":{"@type":"PropertyValueSpecification","valueRequired":true,"valueName":"search_term_string"}}],"inLanguage":"en-US"},{"@type":"Organization","@id":"https:\/\/botanicapetit.es\/#organization","name":"Petit Botany","url":"https:\/\/botanicapetit.es\/","logo":{"@type":"ImageObject","inLanguage":"en-US","@id":"https:\/\/botanicapetit.es\/#\/schema\/logo\/image\/","url":"https:\/\/botanicapetit.es\/wp-content\/uploads\/2021\/03\/LOGO-BPETIT.png","contentUrl":"https:\/\/botanicapetit.es\/wp-content\/uploads\/2021\/03\/LOGO-BPETIT.png","width":439,"height":455,"caption":"Bota\u0301nica Petit"},"image":{"@id":"https:\/\/botanicapetit.es\/#\/schema\/logo\/image\/"}}]}},"_links":{"self":[{"href":"https:\/\/botanicapetit.es\/en\/wp-json\/wp\/v2\/product\/7937","targetHints":{"allow":["GET"]}}],"collection":[{"href":"https:\/\/botanicapetit.es\/en\/wp-json\/wp\/v2\/product"}],"about":[{"href":"https:\/\/botanicapetit.es\/en\/wp-json\/wp\/v2\/types\/product"}],"wp:featuredmedia":[{"embeddable":true,"href":"https:\/\/botanicapetit.es\/en\/wp-json\/wp\/v2\/media\/18880"}],"wp:attachment":[{"href":"https:\/\/botanicapetit.es\/en\/wp-json\/wp\/v2\/media?parent=7937"}],"wp:term":[{"taxonomy":"product_brand","embeddable":true,"href":"https:\/\/botanicapetit.es\/en\/wp-json\/wp\/v2\/product_brand?post=7937"},{"taxonomy":"product_cat","embeddable":true,"href":"https:\/\/botanicapetit.es\/en\/wp-json\/wp\/v2\/product_cat?post=7937"},{"taxonomy":"product_tag","embeddable":true,"href":"https:\/\/botanicapetit.es\/en\/wp-json\/wp\/v2\/product_tag?post=7937"}],"curies":[{"name":"wp","href":"https:\/\/api.w.org\/{rel}","templated":true}]}}