{"id":7815,"date":"2022-01-19T10:40:45","date_gmt":"2022-01-19T10:40:45","guid":{"rendered":"https:\/\/botanicapetit.es\/?post_type=product&#038;p=7815"},"modified":"2026-03-09T11:02:05","modified_gmt":"2026-03-09T11:02:05","slug":"capota-hortensia","status":"publish","type":"product","link":"https:\/\/botanicapetit.es\/en\/product\/capota-hortensia\/","title":{"rendered":"Capota Hortensia"},"content":{"rendered":"<p>Un complemento que nos chifla! las capotas son perfectas para todo el a\u00f1o, capota con volante delantero y con lazada ancha. toda la capota es de la misma tela.<\/p>\n<p><strong>Depende de la temporada del a\u00f1o para la que quer\u00e1is la capota, deb\u00e9is seleccionar el forro marcando la casilla. Pod\u00e9is elegir entre:<\/strong><\/p>\n<ul>\n<li><strong>forro polar<\/strong><\/li>\n<li><strong>borreguito<\/strong><\/li>\n<li><strong>y, forro de verano<\/strong><\/li>\n<\/ul>\n<p><strong>En el cuadro de elecci\u00f3n de telas debes escribir el n\u00famero de tela en el que \u00a0quieres este producto \u00a0y seleccionar en la casilla de arriba el tama\u00f1o (edad) y el forro de la capota<\/strong>.<\/p>\n<p><strong>\u00a0<\/strong><\/p>","protected":false},"excerpt":{"rendered":"<p>Un complemento que nos chifla! las capotas son perfectas para todo el a\u00f1o, capota con volante delantero y con lazada ancha. toda la capota es de la misma tela. Depende de la temporada del a\u00f1o para la que quer\u00e1is la capota, deb\u00e9is seleccionar el forro marcando la casilla. Pod\u00e9is elegir entre: forro polar borreguito y, [&hellip;]<\/p>\n","protected":false},"featured_media":7837,"template":"","meta":{"om_disable_all_campaigns":false,"site-sidebar-layout":"default","site-content-layout":"default","ast-site-content-layout":"default","site-content-style":"default","site-sidebar-style":"default","ast-global-header-display":"","ast-banner-title-visibility":"","ast-main-header-display":"","ast-hfb-above-header-display":"","ast-hfb-below-header-display":"","ast-hfb-mobile-header-display":"","site-post-title":"","ast-breadcrumbs-content":"","ast-featured-img":"","footer-sml-layout":"","ast-disable-related-posts":"","theme-transparent-header-meta":"default","adv-header-id-meta":"","stick-header-meta":"","header-above-stick-meta":"","header-main-stick-meta":"","header-below-stick-meta":"","astra-migrate-meta-layouts":"set","ast-page-background-enabled":"default","ast-page-background-meta":{"desktop":{"background-color":"","background-image":"","background-repeat":"repeat","background-position":"center center","background-size":"auto","background-attachment":"scroll","background-type":"","background-media":"","overlay-type":"","overlay-color":"","overlay-opacity":"","overlay-gradient":""},"tablet":{"background-color":"","background-image":"","background-repeat":"repeat","background-position":"center center","background-size":"auto","background-attachment":"scroll","background-type":"","background-media":"","overlay-type":"","overlay-color":"","overlay-opacity":"","overlay-gradient":""},"mobile":{"background-color":"","background-image":"","background-repeat":"repeat","background-position":"center center","background-size":"auto","background-attachment":"scroll","background-type":"","background-media":"","overlay-type":"","overlay-color":"","overlay-opacity":"","overlay-gradient":""}},"ast-content-background-meta":{"desktop":{"background-color":"var(--ast-global-color-5)","background-image":"","background-repeat":"repeat","background-position":"center center","background-size":"auto","background-attachment":"scroll","background-type":"","background-media":"","overlay-type":"","overlay-color":"","overlay-opacity":"","overlay-gradient":""},"tablet":{"background-color":"var(--ast-global-color-5)","background-image":"","background-repeat":"repeat","background-position":"center center","background-size":"auto","background-attachment":"scroll","background-type":"","background-media":"","overlay-type":"","overlay-color":"","overlay-opacity":"","overlay-gradient":""},"mobile":{"background-color":"var(--ast-global-color-5)","background-image":"","background-repeat":"repeat","background-position":"center center","background-size":"auto","background-attachment":"scroll","background-type":"","background-media":"","overlay-type":"","overlay-color":"","overlay-opacity":"","overlay-gradient":""}}},"product_brand":[],"product_cat":[156,41,98,155,34],"product_tag":[],"class_list":{"0":"post-7815","1":"product","2":"type-product","3":"status-publish","4":"has-post-thumbnail","6":"product_cat-bebes","7":"product_cat-capotas","8":"product_cat-ceremonias-eventos-especiales","9":"product_cat-ninas","10":"product_cat-ropa","11":"desktop-align-left","12":"tablet-align-left","13":"mobile-align-left","15":"first","16":"instock","17":"shipping-taxable","18":"purchasable","19":"product-type-variable","20":"rtwpvs-product"},"yoast_head":"<!-- This site is optimized with the Yoast SEO plugin v26.8 - https:\/\/yoast.com\/product\/yoast-seo-wordpress\/ -->\n<title>Capota Hortensia - Bota\u0301nica Petit<\/title>\n<meta name=\"robots\" content=\"index, follow, max-snippet:-1, max-image-preview:large, max-video-preview:-1\" \/>\n<link rel=\"canonical\" href=\"https:\/\/botanicapetit.es\/en\/product\/capota-hortensia\/\" \/>\n<meta property=\"og:locale\" content=\"en_US\" \/>\n<meta property=\"og:type\" content=\"article\" \/>\n<meta property=\"og:title\" content=\"Capota Hortensia - Bota\u0301nica Petit\" \/>\n<meta property=\"og:description\" content=\"Un complemento que nos chifla! las capotas son perfectas para todo el a\u00f1o, capota con volante delantero y con lazada ancha. toda la capota es de la misma tela. Depende de la temporada del a\u00f1o para la que quer\u00e1is la capota, deb\u00e9is seleccionar el forro marcando la casilla. Pod\u00e9is elegir entre: forro polar borreguito y, [&hellip;]\" \/>\n<meta property=\"og:url\" content=\"https:\/\/botanicapetit.es\/en\/product\/capota-hortensia\/\" \/>\n<meta property=\"og:site_name\" content=\"Bota\u0301nica Petit\" \/>\n<meta property=\"article:modified_time\" content=\"2026-03-09T11:02:05+00:00\" \/>\n<meta property=\"og:image\" content=\"https:\/\/botanicapetit.es\/wp-content\/uploads\/2022\/01\/IMG_0193.jpg\" \/>\n\t<meta property=\"og:image:width\" content=\"1526\" \/>\n\t<meta property=\"og:image:height\" content=\"2034\" \/>\n\t<meta property=\"og:image:type\" content=\"image\/jpeg\" \/>\n<meta name=\"twitter:card\" content=\"summary_large_image\" \/>\n<meta name=\"twitter:label1\" content=\"Est. reading time\" \/>\n\t<meta name=\"twitter:data1\" content=\"1 minute\" \/>\n<script type=\"application\/ld+json\" class=\"yoast-schema-graph\">{\"@context\":\"https:\/\/schema.org\",\"@graph\":[{\"@type\":\"WebPage\",\"@id\":\"https:\/\/botanicapetit.es\/producto\/capota-hortensia\/\",\"url\":\"https:\/\/botanicapetit.es\/producto\/capota-hortensia\/\",\"name\":\"Capota Hortensia - Bota\u0301nica Petit\",\"isPartOf\":{\"@id\":\"https:\/\/botanicapetit.es\/#website\"},\"primaryImageOfPage\":{\"@id\":\"https:\/\/botanicapetit.es\/producto\/capota-hortensia\/#primaryimage\"},\"image\":{\"@id\":\"https:\/\/botanicapetit.es\/producto\/capota-hortensia\/#primaryimage\"},\"thumbnailUrl\":\"https:\/\/botanicapetit.es\/wp-content\/uploads\/2022\/01\/IMG_0193.jpg\",\"datePublished\":\"2022-01-19T10:40:45+00:00\",\"dateModified\":\"2026-03-09T11:02:05+00:00\",\"breadcrumb\":{\"@id\":\"https:\/\/botanicapetit.es\/producto\/capota-hortensia\/#breadcrumb\"},\"inLanguage\":\"en-US\",\"potentialAction\":[{\"@type\":\"ReadAction\",\"target\":[\"https:\/\/botanicapetit.es\/producto\/capota-hortensia\/\"]}]},{\"@type\":\"ImageObject\",\"inLanguage\":\"en-US\",\"@id\":\"https:\/\/botanicapetit.es\/producto\/capota-hortensia\/#primaryimage\",\"url\":\"https:\/\/botanicapetit.es\/wp-content\/uploads\/2022\/01\/IMG_0193.jpg\",\"contentUrl\":\"https:\/\/botanicapetit.es\/wp-content\/uploads\/2022\/01\/IMG_0193.jpg\",\"width\":1526,\"height\":2034},{\"@type\":\"BreadcrumbList\",\"@id\":\"https:\/\/botanicapetit.es\/producto\/capota-hortensia\/#breadcrumb\",\"itemListElement\":[{\"@type\":\"ListItem\",\"position\":1,\"name\":\"Portada\",\"item\":\"https:\/\/botanicapetit.es\/\"},{\"@type\":\"ListItem\",\"position\":2,\"name\":\"Tienda\",\"item\":\"https:\/\/botanicapetit.es\/tienda\/\"},{\"@type\":\"ListItem\",\"position\":3,\"name\":\"Capota Hortensia\"}]},{\"@type\":\"WebSite\",\"@id\":\"https:\/\/botanicapetit.es\/#website\",\"url\":\"https:\/\/botanicapetit.es\/\",\"name\":\"Bota\u0301nica Petit\",\"description\":\"Just another WordPress site\",\"publisher\":{\"@id\":\"https:\/\/botanicapetit.es\/#organization\"},\"potentialAction\":[{\"@type\":\"SearchAction\",\"target\":{\"@type\":\"EntryPoint\",\"urlTemplate\":\"https:\/\/botanicapetit.es\/?s={search_term_string}\"},\"query-input\":{\"@type\":\"PropertyValueSpecification\",\"valueRequired\":true,\"valueName\":\"search_term_string\"}}],\"inLanguage\":\"en-US\"},{\"@type\":\"Organization\",\"@id\":\"https:\/\/botanicapetit.es\/#organization\",\"name\":\"Bota\u0301nica Petit\",\"url\":\"https:\/\/botanicapetit.es\/\",\"logo\":{\"@type\":\"ImageObject\",\"inLanguage\":\"en-US\",\"@id\":\"https:\/\/botanicapetit.es\/#\/schema\/logo\/image\/\",\"url\":\"https:\/\/botanicapetit.es\/wp-content\/uploads\/2021\/03\/LOGO-BPETIT.png\",\"contentUrl\":\"https:\/\/botanicapetit.es\/wp-content\/uploads\/2021\/03\/LOGO-BPETIT.png\",\"width\":439,\"height\":455,\"caption\":\"Bota\u0301nica Petit\"},\"image\":{\"@id\":\"https:\/\/botanicapetit.es\/#\/schema\/logo\/image\/\"}}]}<\/script>\n<!-- \/ Yoast SEO plugin. -->","yoast_head_json":{"title":"Capota Hortensia - Bota\u0301nica Petit","robots":{"index":"index","follow":"follow","max-snippet":"max-snippet:-1","max-image-preview":"max-image-preview:large","max-video-preview":"max-video-preview:-1"},"canonical":"https:\/\/botanicapetit.es\/en\/product\/capota-hortensia\/","og_locale":"en_US","og_type":"article","og_title":"Capota Hortensia - Bota\u0301nica Petit","og_description":"Un complemento que nos chifla! las capotas son perfectas para todo el a\u00f1o, capota con volante delantero y con lazada ancha. toda la capota es de la misma tela. Depende de la temporada del a\u00f1o para la que quer\u00e1is la capota, deb\u00e9is seleccionar el forro marcando la casilla. Pod\u00e9is elegir entre: forro polar borreguito y, [&hellip;]","og_url":"https:\/\/botanicapetit.es\/en\/product\/capota-hortensia\/","og_site_name":"Bota\u0301nica Petit","article_modified_time":"2026-03-09T11:02:05+00:00","og_image":[{"width":1526,"height":2034,"url":"https:\/\/botanicapetit.es\/wp-content\/uploads\/2022\/01\/IMG_0193.jpg","type":"image\/jpeg"}],"twitter_card":"summary_large_image","twitter_misc":{"Est. reading time":"1 minute"},"schema":{"@context":"https:\/\/schema.org","@graph":[{"@type":"WebPage","@id":"https:\/\/botanicapetit.es\/producto\/capota-hortensia\/","url":"https:\/\/botanicapetit.es\/producto\/capota-hortensia\/","name":"Capota Hortensia - Bota\u0301nica Petit","isPartOf":{"@id":"https:\/\/botanicapetit.es\/#website"},"primaryImageOfPage":{"@id":"https:\/\/botanicapetit.es\/producto\/capota-hortensia\/#primaryimage"},"image":{"@id":"https:\/\/botanicapetit.es\/producto\/capota-hortensia\/#primaryimage"},"thumbnailUrl":"https:\/\/botanicapetit.es\/wp-content\/uploads\/2022\/01\/IMG_0193.jpg","datePublished":"2022-01-19T10:40:45+00:00","dateModified":"2026-03-09T11:02:05+00:00","breadcrumb":{"@id":"https:\/\/botanicapetit.es\/producto\/capota-hortensia\/#breadcrumb"},"inLanguage":"en-US","potentialAction":[{"@type":"ReadAction","target":["https:\/\/botanicapetit.es\/producto\/capota-hortensia\/"]}]},{"@type":"ImageObject","inLanguage":"en-US","@id":"https:\/\/botanicapetit.es\/producto\/capota-hortensia\/#primaryimage","url":"https:\/\/botanicapetit.es\/wp-content\/uploads\/2022\/01\/IMG_0193.jpg","contentUrl":"https:\/\/botanicapetit.es\/wp-content\/uploads\/2022\/01\/IMG_0193.jpg","width":1526,"height":2034},{"@type":"BreadcrumbList","@id":"https:\/\/botanicapetit.es\/producto\/capota-hortensia\/#breadcrumb","itemListElement":[{"@type":"ListItem","position":1,"name":"Portada","item":"https:\/\/botanicapetit.es\/"},{"@type":"ListItem","position":2,"name":"Tienda","item":"https:\/\/botanicapetit.es\/tienda\/"},{"@type":"ListItem","position":3,"name":"Capota Hortensia"}]},{"@type":"WebSite","@id":"https:\/\/botanicapetit.es\/#website","url":"https:\/\/botanicapetit.es\/","name":"Petit Botany","description":"Just another WordPress site","publisher":{"@id":"https:\/\/botanicapetit.es\/#organization"},"potentialAction":[{"@type":"SearchAction","target":{"@type":"EntryPoint","urlTemplate":"https:\/\/botanicapetit.es\/?s={search_term_string}"},"query-input":{"@type":"PropertyValueSpecification","valueRequired":true,"valueName":"search_term_string"}}],"inLanguage":"en-US"},{"@type":"Organization","@id":"https:\/\/botanicapetit.es\/#organization","name":"Petit Botany","url":"https:\/\/botanicapetit.es\/","logo":{"@type":"ImageObject","inLanguage":"en-US","@id":"https:\/\/botanicapetit.es\/#\/schema\/logo\/image\/","url":"https:\/\/botanicapetit.es\/wp-content\/uploads\/2021\/03\/LOGO-BPETIT.png","contentUrl":"https:\/\/botanicapetit.es\/wp-content\/uploads\/2021\/03\/LOGO-BPETIT.png","width":439,"height":455,"caption":"Bota\u0301nica Petit"},"image":{"@id":"https:\/\/botanicapetit.es\/#\/schema\/logo\/image\/"}}]}},"_links":{"self":[{"href":"https:\/\/botanicapetit.es\/en\/wp-json\/wp\/v2\/product\/7815","targetHints":{"allow":["GET"]}}],"collection":[{"href":"https:\/\/botanicapetit.es\/en\/wp-json\/wp\/v2\/product"}],"about":[{"href":"https:\/\/botanicapetit.es\/en\/wp-json\/wp\/v2\/types\/product"}],"wp:featuredmedia":[{"embeddable":true,"href":"https:\/\/botanicapetit.es\/en\/wp-json\/wp\/v2\/media\/7837"}],"wp:attachment":[{"href":"https:\/\/botanicapetit.es\/en\/wp-json\/wp\/v2\/media?parent=7815"}],"wp:term":[{"taxonomy":"product_brand","embeddable":true,"href":"https:\/\/botanicapetit.es\/en\/wp-json\/wp\/v2\/product_brand?post=7815"},{"taxonomy":"product_cat","embeddable":true,"href":"https:\/\/botanicapetit.es\/en\/wp-json\/wp\/v2\/product_cat?post=7815"},{"taxonomy":"product_tag","embeddable":true,"href":"https:\/\/botanicapetit.es\/en\/wp-json\/wp\/v2\/product_tag?post=7815"}],"curies":[{"name":"wp","href":"https:\/\/api.w.org\/{rel}","templated":true}]}}