{"id":6289,"date":"2021-09-22T08:53:19","date_gmt":"2021-09-22T08:53:19","guid":{"rendered":"https:\/\/botanicapetit.es\/?post_type=product&#038;p=6289"},"modified":"2021-09-22T08:53:19","modified_gmt":"2021-09-22T08:53:19","slug":"vestido-santiago-de-compostela","status":"publish","type":"product","link":"https:\/\/botanicapetit.es\/en\/product\/vestido-santiago-de-compostela\/","title":{"rendered":"VESTIDO SANTIAGO DE COMPOSTELA"},"content":{"rendered":"<p>Otra de nuestras novedades para este oto\u00f1o\/invierno.<\/p>\n<p>Vestido de manga larga , con cuello bobo xl y dos bolsillos delanteros. Tanto el cuello como los bolsillos est\u00e1n rodeados con un volantito que le da un toque ideal! tiene dible botonadura delantera.<\/p>\n<p>Vestido con corte evas\u00e9, con plisado delantero y trasero!<\/p>\n<p><strong>En este modelo pod\u00e9is elegir dos telas, una para la base y otra para el volante que rodea el cuello y de los bolsillos. Es muy importante que en la casilla de telas especifiqu\u00e9is que tela quer\u00e9is para cada parte, por ejemplo:\u00a0 \u00a0 \u00a0\u00abvolantes tela 4 y base tela 45 \u00bb<\/strong><\/p>\n<p>&nbsp;<\/p>\n<p><strong>Recordad tambi\u00e9n seleccionar el tipo de bot\u00f3n y la talla<\/strong><\/p>\n<p>&nbsp;<\/p>","protected":false},"excerpt":{"rendered":"<p>Otra de nuestras novedades para este oto\u00f1o\/invierno. Vestido de manga larga , con cuello bobo xl y dos bolsillos delanteros. Tanto el cuello como los bolsillos est\u00e1n rodeados con un volantito que le da un toque ideal! tiene dible botonadura delantera. Vestido con corte evas\u00e9, con plisado delantero y trasero! En este modelo pod\u00e9is elegir [&hellip;]<\/p>\n","protected":false},"featured_media":6295,"template":"","meta":{"om_disable_all_campaigns":false,"site-sidebar-layout":"default","site-content-layout":"default","ast-site-content-layout":"default","site-content-style":"default","site-sidebar-style":"default","ast-global-header-display":"","ast-banner-title-visibility":"","ast-main-header-display":"","ast-hfb-above-header-display":"","ast-hfb-below-header-display":"","ast-hfb-mobile-header-display":"","site-post-title":"","ast-breadcrumbs-content":"","ast-featured-img":"","footer-sml-layout":"","ast-disable-related-posts":"","theme-transparent-header-meta":"default","adv-header-id-meta":"","stick-header-meta":"","header-above-stick-meta":"","header-main-stick-meta":"","header-below-stick-meta":"","astra-migrate-meta-layouts":"default","ast-page-background-enabled":"default","ast-page-background-meta":{"desktop":{"background-color":"","background-image":"","background-repeat":"repeat","background-position":"center center","background-size":"auto","background-attachment":"scroll","background-type":"","background-media":"","overlay-type":"","overlay-color":"","overlay-opacity":"","overlay-gradient":""},"tablet":{"background-color":"","background-image":"","background-repeat":"repeat","background-position":"center center","background-size":"auto","background-attachment":"scroll","background-type":"","background-media":"","overlay-type":"","overlay-color":"","overlay-opacity":"","overlay-gradient":""},"mobile":{"background-color":"","background-image":"","background-repeat":"repeat","background-position":"center center","background-size":"auto","background-attachment":"scroll","background-type":"","background-media":"","overlay-type":"","overlay-color":"","overlay-opacity":"","overlay-gradient":""}},"ast-content-background-meta":{"desktop":{"background-color":"var(--ast-global-color-5)","background-image":"","background-repeat":"repeat","background-position":"center center","background-size":"auto","background-attachment":"scroll","background-type":"","background-media":"","overlay-type":"","overlay-color":"","overlay-opacity":"","overlay-gradient":""},"tablet":{"background-color":"var(--ast-global-color-5)","background-image":"","background-repeat":"repeat","background-position":"center center","background-size":"auto","background-attachment":"scroll","background-type":"","background-media":"","overlay-type":"","overlay-color":"","overlay-opacity":"","overlay-gradient":""},"mobile":{"background-color":"var(--ast-global-color-5)","background-image":"","background-repeat":"repeat","background-position":"center center","background-size":"auto","background-attachment":"scroll","background-type":"","background-media":"","overlay-type":"","overlay-color":"","overlay-opacity":"","overlay-gradient":""}}},"product_brand":[],"product_cat":[34,35],"product_tag":[],"class_list":{"0":"post-6289","1":"product","2":"type-product","3":"status-publish","4":"has-post-thumbnail","6":"product_cat-ropa","7":"product_cat-vestidos","8":"desktop-align-left","9":"tablet-align-left","10":"mobile-align-left","12":"first","13":"instock","14":"shipping-taxable","15":"purchasable","16":"product-type-variable","17":"rtwpvs-product"},"yoast_head":"<!-- This site is optimized with the Yoast SEO plugin v26.8 - https:\/\/yoast.com\/product\/yoast-seo-wordpress\/ -->\n<title>VESTIDO SANTIAGO DE COMPOSTELA - Bota\u0301nica Petit<\/title>\n<meta name=\"robots\" content=\"index, follow, max-snippet:-1, max-image-preview:large, max-video-preview:-1\" \/>\n<link rel=\"canonical\" href=\"https:\/\/botanicapetit.es\/en\/product\/vestido-santiago-de-compostela\/\" \/>\n<meta property=\"og:locale\" content=\"en_US\" \/>\n<meta property=\"og:type\" content=\"article\" \/>\n<meta property=\"og:title\" content=\"VESTIDO SANTIAGO DE COMPOSTELA - Bota\u0301nica Petit\" \/>\n<meta property=\"og:description\" content=\"Otra de nuestras novedades para este oto\u00f1o\/invierno. Vestido de manga larga , con cuello bobo xl y dos bolsillos delanteros. Tanto el cuello como los bolsillos est\u00e1n rodeados con un volantito que le da un toque ideal! tiene dible botonadura delantera. Vestido con corte evas\u00e9, con plisado delantero y trasero! En este modelo pod\u00e9is elegir [&hellip;]\" \/>\n<meta property=\"og:url\" content=\"https:\/\/botanicapetit.es\/en\/product\/vestido-santiago-de-compostela\/\" \/>\n<meta property=\"og:site_name\" content=\"Bota\u0301nica Petit\" \/>\n<meta property=\"og:image\" content=\"https:\/\/botanicapetit.es\/wp-content\/uploads\/2021\/09\/IMG_1098.jpg\" \/>\n\t<meta property=\"og:image:width\" content=\"1768\" \/>\n\t<meta property=\"og:image:height\" content=\"1326\" \/>\n\t<meta property=\"og:image:type\" content=\"image\/jpeg\" \/>\n<meta name=\"twitter:card\" content=\"summary_large_image\" \/>\n<meta name=\"twitter:label1\" content=\"Est. reading time\" \/>\n\t<meta name=\"twitter:data1\" content=\"1 minute\" \/>\n<script type=\"application\/ld+json\" class=\"yoast-schema-graph\">{\"@context\":\"https:\/\/schema.org\",\"@graph\":[{\"@type\":\"WebPage\",\"@id\":\"https:\/\/botanicapetit.es\/producto\/vestido-santiago-de-compostela\/\",\"url\":\"https:\/\/botanicapetit.es\/producto\/vestido-santiago-de-compostela\/\",\"name\":\"VESTIDO SANTIAGO DE COMPOSTELA - Bota\u0301nica Petit\",\"isPartOf\":{\"@id\":\"https:\/\/botanicapetit.es\/#website\"},\"primaryImageOfPage\":{\"@id\":\"https:\/\/botanicapetit.es\/producto\/vestido-santiago-de-compostela\/#primaryimage\"},\"image\":{\"@id\":\"https:\/\/botanicapetit.es\/producto\/vestido-santiago-de-compostela\/#primaryimage\"},\"thumbnailUrl\":\"https:\/\/botanicapetit.es\/wp-content\/uploads\/2021\/09\/IMG_1098.jpg\",\"datePublished\":\"2021-09-22T08:53:19+00:00\",\"breadcrumb\":{\"@id\":\"https:\/\/botanicapetit.es\/producto\/vestido-santiago-de-compostela\/#breadcrumb\"},\"inLanguage\":\"en-US\",\"potentialAction\":[{\"@type\":\"ReadAction\",\"target\":[\"https:\/\/botanicapetit.es\/producto\/vestido-santiago-de-compostela\/\"]}]},{\"@type\":\"ImageObject\",\"inLanguage\":\"en-US\",\"@id\":\"https:\/\/botanicapetit.es\/producto\/vestido-santiago-de-compostela\/#primaryimage\",\"url\":\"https:\/\/botanicapetit.es\/wp-content\/uploads\/2021\/09\/IMG_1098.jpg\",\"contentUrl\":\"https:\/\/botanicapetit.es\/wp-content\/uploads\/2021\/09\/IMG_1098.jpg\",\"width\":1768,\"height\":1326},{\"@type\":\"BreadcrumbList\",\"@id\":\"https:\/\/botanicapetit.es\/producto\/vestido-santiago-de-compostela\/#breadcrumb\",\"itemListElement\":[{\"@type\":\"ListItem\",\"position\":1,\"name\":\"Portada\",\"item\":\"https:\/\/botanicapetit.es\/\"},{\"@type\":\"ListItem\",\"position\":2,\"name\":\"Tienda\",\"item\":\"https:\/\/botanicapetit.es\/tienda\/\"},{\"@type\":\"ListItem\",\"position\":3,\"name\":\"VESTIDO SANTIAGO DE COMPOSTELA\"}]},{\"@type\":\"WebSite\",\"@id\":\"https:\/\/botanicapetit.es\/#website\",\"url\":\"https:\/\/botanicapetit.es\/\",\"name\":\"Bota\u0301nica Petit\",\"description\":\"Just another WordPress site\",\"publisher\":{\"@id\":\"https:\/\/botanicapetit.es\/#organization\"},\"potentialAction\":[{\"@type\":\"SearchAction\",\"target\":{\"@type\":\"EntryPoint\",\"urlTemplate\":\"https:\/\/botanicapetit.es\/?s={search_term_string}\"},\"query-input\":{\"@type\":\"PropertyValueSpecification\",\"valueRequired\":true,\"valueName\":\"search_term_string\"}}],\"inLanguage\":\"en-US\"},{\"@type\":\"Organization\",\"@id\":\"https:\/\/botanicapetit.es\/#organization\",\"name\":\"Bota\u0301nica Petit\",\"url\":\"https:\/\/botanicapetit.es\/\",\"logo\":{\"@type\":\"ImageObject\",\"inLanguage\":\"en-US\",\"@id\":\"https:\/\/botanicapetit.es\/#\/schema\/logo\/image\/\",\"url\":\"https:\/\/botanicapetit.es\/wp-content\/uploads\/2021\/03\/LOGO-BPETIT.png\",\"contentUrl\":\"https:\/\/botanicapetit.es\/wp-content\/uploads\/2021\/03\/LOGO-BPETIT.png\",\"width\":439,\"height\":455,\"caption\":\"Bota\u0301nica Petit\"},\"image\":{\"@id\":\"https:\/\/botanicapetit.es\/#\/schema\/logo\/image\/\"}}]}<\/script>\n<!-- \/ Yoast SEO plugin. -->","yoast_head_json":{"title":"VESTIDO SANTIAGO DE COMPOSTELA - Bota\u0301nica Petit","robots":{"index":"index","follow":"follow","max-snippet":"max-snippet:-1","max-image-preview":"max-image-preview:large","max-video-preview":"max-video-preview:-1"},"canonical":"https:\/\/botanicapetit.es\/en\/product\/vestido-santiago-de-compostela\/","og_locale":"en_US","og_type":"article","og_title":"VESTIDO SANTIAGO DE COMPOSTELA - Bota\u0301nica Petit","og_description":"Otra de nuestras novedades para este oto\u00f1o\/invierno. Vestido de manga larga , con cuello bobo xl y dos bolsillos delanteros. Tanto el cuello como los bolsillos est\u00e1n rodeados con un volantito que le da un toque ideal! tiene dible botonadura delantera. Vestido con corte evas\u00e9, con plisado delantero y trasero! En este modelo pod\u00e9is elegir [&hellip;]","og_url":"https:\/\/botanicapetit.es\/en\/product\/vestido-santiago-de-compostela\/","og_site_name":"Bota\u0301nica Petit","og_image":[{"width":1768,"height":1326,"url":"https:\/\/botanicapetit.es\/wp-content\/uploads\/2021\/09\/IMG_1098.jpg","type":"image\/jpeg"}],"twitter_card":"summary_large_image","twitter_misc":{"Est. reading time":"1 minute"},"schema":{"@context":"https:\/\/schema.org","@graph":[{"@type":"WebPage","@id":"https:\/\/botanicapetit.es\/producto\/vestido-santiago-de-compostela\/","url":"https:\/\/botanicapetit.es\/producto\/vestido-santiago-de-compostela\/","name":"VESTIDO SANTIAGO DE COMPOSTELA - Bota\u0301nica Petit","isPartOf":{"@id":"https:\/\/botanicapetit.es\/#website"},"primaryImageOfPage":{"@id":"https:\/\/botanicapetit.es\/producto\/vestido-santiago-de-compostela\/#primaryimage"},"image":{"@id":"https:\/\/botanicapetit.es\/producto\/vestido-santiago-de-compostela\/#primaryimage"},"thumbnailUrl":"https:\/\/botanicapetit.es\/wp-content\/uploads\/2021\/09\/IMG_1098.jpg","datePublished":"2021-09-22T08:53:19+00:00","breadcrumb":{"@id":"https:\/\/botanicapetit.es\/producto\/vestido-santiago-de-compostela\/#breadcrumb"},"inLanguage":"en-US","potentialAction":[{"@type":"ReadAction","target":["https:\/\/botanicapetit.es\/producto\/vestido-santiago-de-compostela\/"]}]},{"@type":"ImageObject","inLanguage":"en-US","@id":"https:\/\/botanicapetit.es\/producto\/vestido-santiago-de-compostela\/#primaryimage","url":"https:\/\/botanicapetit.es\/wp-content\/uploads\/2021\/09\/IMG_1098.jpg","contentUrl":"https:\/\/botanicapetit.es\/wp-content\/uploads\/2021\/09\/IMG_1098.jpg","width":1768,"height":1326},{"@type":"BreadcrumbList","@id":"https:\/\/botanicapetit.es\/producto\/vestido-santiago-de-compostela\/#breadcrumb","itemListElement":[{"@type":"ListItem","position":1,"name":"Portada","item":"https:\/\/botanicapetit.es\/"},{"@type":"ListItem","position":2,"name":"Tienda","item":"https:\/\/botanicapetit.es\/tienda\/"},{"@type":"ListItem","position":3,"name":"VESTIDO SANTIAGO DE COMPOSTELA"}]},{"@type":"WebSite","@id":"https:\/\/botanicapetit.es\/#website","url":"https:\/\/botanicapetit.es\/","name":"Petit Botany","description":"Just another WordPress site","publisher":{"@id":"https:\/\/botanicapetit.es\/#organization"},"potentialAction":[{"@type":"SearchAction","target":{"@type":"EntryPoint","urlTemplate":"https:\/\/botanicapetit.es\/?s={search_term_string}"},"query-input":{"@type":"PropertyValueSpecification","valueRequired":true,"valueName":"search_term_string"}}],"inLanguage":"en-US"},{"@type":"Organization","@id":"https:\/\/botanicapetit.es\/#organization","name":"Petit Botany","url":"https:\/\/botanicapetit.es\/","logo":{"@type":"ImageObject","inLanguage":"en-US","@id":"https:\/\/botanicapetit.es\/#\/schema\/logo\/image\/","url":"https:\/\/botanicapetit.es\/wp-content\/uploads\/2021\/03\/LOGO-BPETIT.png","contentUrl":"https:\/\/botanicapetit.es\/wp-content\/uploads\/2021\/03\/LOGO-BPETIT.png","width":439,"height":455,"caption":"Bota\u0301nica Petit"},"image":{"@id":"https:\/\/botanicapetit.es\/#\/schema\/logo\/image\/"}}]}},"_links":{"self":[{"href":"https:\/\/botanicapetit.es\/en\/wp-json\/wp\/v2\/product\/6289","targetHints":{"allow":["GET"]}}],"collection":[{"href":"https:\/\/botanicapetit.es\/en\/wp-json\/wp\/v2\/product"}],"about":[{"href":"https:\/\/botanicapetit.es\/en\/wp-json\/wp\/v2\/types\/product"}],"wp:featuredmedia":[{"embeddable":true,"href":"https:\/\/botanicapetit.es\/en\/wp-json\/wp\/v2\/media\/6295"}],"wp:attachment":[{"href":"https:\/\/botanicapetit.es\/en\/wp-json\/wp\/v2\/media?parent=6289"}],"wp:term":[{"taxonomy":"product_brand","embeddable":true,"href":"https:\/\/botanicapetit.es\/en\/wp-json\/wp\/v2\/product_brand?post=6289"},{"taxonomy":"product_cat","embeddable":true,"href":"https:\/\/botanicapetit.es\/en\/wp-json\/wp\/v2\/product_cat?post=6289"},{"taxonomy":"product_tag","embeddable":true,"href":"https:\/\/botanicapetit.es\/en\/wp-json\/wp\/v2\/product_tag?post=6289"}],"curies":[{"name":"wp","href":"https:\/\/api.w.org\/{rel}","templated":true}]}}