{"id":6181,"date":"2021-09-17T20:28:43","date_gmt":"2021-09-17T20:28:43","guid":{"rendered":"https:\/\/botanicapetit.es\/?post_type=product&#038;p=6181"},"modified":"2023-04-02T09:34:41","modified_gmt":"2023-04-02T09:34:41","slug":"peto-playa-de-samil","status":"publish","type":"product","link":"https:\/\/botanicapetit.es\/en\/product\/peto-playa-de-samil\/","title":{"rendered":"Peto playa de Samil"},"content":{"rendered":"<p>Otra novedad de esta temporada oto\u00f1o\/invierno .<\/p>\n<p>Peto largo con bolsillo delantero, base en una tela y tirantes simples en otra! . Pod\u00e9is elegir la tela que mas os guste para los tirantes!\u00a0 en este caso hemos usado para este modelo los pasadores met\u00e1licos, pero pod\u00e9is escoger el tipo de bot\u00f3n que m\u00e1s os guste.<\/p>\n<p><strong>es importante que en el cuadro de elecci\u00f3n de telas especifiqu\u00e9is cual quer\u00e9is para cada parte, por ejemplo:\u00a0 \u00abcuerpo n.3 y tiras n.4\u00bb, no os olvideis de marcar la casilla con el tipo de boton que mas os guste y con el tama\u00f1o (edad) .<\/strong><\/p>","protected":false},"excerpt":{"rendered":"<p>Otra novedad de esta temporada oto\u00f1o\/invierno . Peto largo con bolsillo delantero, base en una tela y tirantes simples en otra! . Pod\u00e9is elegir la tela que mas os guste para los tirantes!\u00a0 en este caso hemos usado para este modelo los pasadores met\u00e1licos, pero pod\u00e9is escoger el tipo de bot\u00f3n que m\u00e1s os guste. [&hellip;]<\/p>\n","protected":false},"featured_media":6184,"template":"","meta":{"om_disable_all_campaigns":false,"site-sidebar-layout":"default","site-content-layout":"default","ast-site-content-layout":"default","site-content-style":"default","site-sidebar-style":"default","ast-global-header-display":"","ast-banner-title-visibility":"","ast-main-header-display":"","ast-hfb-above-header-display":"","ast-hfb-below-header-display":"","ast-hfb-mobile-header-display":"","site-post-title":"","ast-breadcrumbs-content":"","ast-featured-img":"","footer-sml-layout":"","ast-disable-related-posts":"","theme-transparent-header-meta":"default","adv-header-id-meta":"","stick-header-meta":"","header-above-stick-meta":"","header-main-stick-meta":"","header-below-stick-meta":"","astra-migrate-meta-layouts":"default","ast-page-background-enabled":"default","ast-page-background-meta":{"desktop":{"background-color":"","background-image":"","background-repeat":"repeat","background-position":"center center","background-size":"auto","background-attachment":"scroll","background-type":"","background-media":"","overlay-type":"","overlay-color":"","overlay-opacity":"","overlay-gradient":""},"tablet":{"background-color":"","background-image":"","background-repeat":"repeat","background-position":"center center","background-size":"auto","background-attachment":"scroll","background-type":"","background-media":"","overlay-type":"","overlay-color":"","overlay-opacity":"","overlay-gradient":""},"mobile":{"background-color":"","background-image":"","background-repeat":"repeat","background-position":"center center","background-size":"auto","background-attachment":"scroll","background-type":"","background-media":"","overlay-type":"","overlay-color":"","overlay-opacity":"","overlay-gradient":""}},"ast-content-background-meta":{"desktop":{"background-color":"var(--ast-global-color-5)","background-image":"","background-repeat":"repeat","background-position":"center center","background-size":"auto","background-attachment":"scroll","background-type":"","background-media":"","overlay-type":"","overlay-color":"","overlay-opacity":"","overlay-gradient":""},"tablet":{"background-color":"var(--ast-global-color-5)","background-image":"","background-repeat":"repeat","background-position":"center center","background-size":"auto","background-attachment":"scroll","background-type":"","background-media":"","overlay-type":"","overlay-color":"","overlay-opacity":"","overlay-gradient":""},"mobile":{"background-color":"var(--ast-global-color-5)","background-image":"","background-repeat":"repeat","background-position":"center center","background-size":"auto","background-attachment":"scroll","background-type":"","background-media":"","overlay-type":"","overlay-color":"","overlay-opacity":"","overlay-gradient":""}}},"product_brand":[],"product_cat":[32,48,34],"product_tag":[],"class_list":{"0":"post-6181","1":"product","2":"type-product","3":"status-publish","4":"has-post-thumbnail","6":"product_cat-petos","7":"product_cat-largos","8":"product_cat-ropa","9":"desktop-align-left","10":"tablet-align-left","11":"mobile-align-left","13":"first","14":"instock","15":"shipping-taxable","16":"purchasable","17":"product-type-variable","18":"rtwpvs-product"},"yoast_head":"<!-- This site is optimized with the Yoast SEO plugin v26.8 - https:\/\/yoast.com\/product\/yoast-seo-wordpress\/ -->\n<title>Peto playa de Samil - Bota\u0301nica Petit<\/title>\n<meta name=\"robots\" content=\"index, follow, max-snippet:-1, max-image-preview:large, max-video-preview:-1\" \/>\n<link rel=\"canonical\" href=\"https:\/\/botanicapetit.es\/en\/product\/peto-playa-de-samil\/\" \/>\n<meta property=\"og:locale\" content=\"en_US\" \/>\n<meta property=\"og:type\" content=\"article\" \/>\n<meta property=\"og:title\" content=\"Peto playa de Samil - Bota\u0301nica Petit\" \/>\n<meta property=\"og:description\" content=\"Otra novedad de esta temporada oto\u00f1o\/invierno . Peto largo con bolsillo delantero, base en una tela y tirantes simples en otra! . Pod\u00e9is elegir la tela que mas os guste para los tirantes!\u00a0 en este caso hemos usado para este modelo los pasadores met\u00e1licos, pero pod\u00e9is escoger el tipo de bot\u00f3n que m\u00e1s os guste. [&hellip;]\" \/>\n<meta property=\"og:url\" content=\"https:\/\/botanicapetit.es\/en\/product\/peto-playa-de-samil\/\" \/>\n<meta property=\"og:site_name\" content=\"Bota\u0301nica Petit\" \/>\n<meta property=\"article:modified_time\" content=\"2023-04-02T09:34:41+00:00\" \/>\n<meta property=\"og:image\" content=\"https:\/\/botanicapetit.es\/wp-content\/uploads\/2021\/09\/IMG_0852.jpg\" \/>\n\t<meta property=\"og:image:width\" content=\"1512\" \/>\n\t<meta property=\"og:image:height\" content=\"2016\" \/>\n\t<meta property=\"og:image:type\" content=\"image\/jpeg\" \/>\n<meta name=\"twitter:card\" content=\"summary_large_image\" \/>\n<meta name=\"twitter:label1\" content=\"Est. reading time\" \/>\n\t<meta name=\"twitter:data1\" content=\"1 minute\" \/>\n<script type=\"application\/ld+json\" class=\"yoast-schema-graph\">{\"@context\":\"https:\/\/schema.org\",\"@graph\":[{\"@type\":\"WebPage\",\"@id\":\"https:\/\/botanicapetit.es\/producto\/peto-playa-de-samil\/\",\"url\":\"https:\/\/botanicapetit.es\/producto\/peto-playa-de-samil\/\",\"name\":\"Peto playa de Samil - Bota\u0301nica Petit\",\"isPartOf\":{\"@id\":\"https:\/\/botanicapetit.es\/#website\"},\"primaryImageOfPage\":{\"@id\":\"https:\/\/botanicapetit.es\/producto\/peto-playa-de-samil\/#primaryimage\"},\"image\":{\"@id\":\"https:\/\/botanicapetit.es\/producto\/peto-playa-de-samil\/#primaryimage\"},\"thumbnailUrl\":\"https:\/\/botanicapetit.es\/wp-content\/uploads\/2021\/09\/IMG_0852.jpg\",\"datePublished\":\"2021-09-17T20:28:43+00:00\",\"dateModified\":\"2023-04-02T09:34:41+00:00\",\"breadcrumb\":{\"@id\":\"https:\/\/botanicapetit.es\/producto\/peto-playa-de-samil\/#breadcrumb\"},\"inLanguage\":\"en-US\",\"potentialAction\":[{\"@type\":\"ReadAction\",\"target\":[\"https:\/\/botanicapetit.es\/producto\/peto-playa-de-samil\/\"]}]},{\"@type\":\"ImageObject\",\"inLanguage\":\"en-US\",\"@id\":\"https:\/\/botanicapetit.es\/producto\/peto-playa-de-samil\/#primaryimage\",\"url\":\"https:\/\/botanicapetit.es\/wp-content\/uploads\/2021\/09\/IMG_0852.jpg\",\"contentUrl\":\"https:\/\/botanicapetit.es\/wp-content\/uploads\/2021\/09\/IMG_0852.jpg\",\"width\":1512,\"height\":2016},{\"@type\":\"BreadcrumbList\",\"@id\":\"https:\/\/botanicapetit.es\/producto\/peto-playa-de-samil\/#breadcrumb\",\"itemListElement\":[{\"@type\":\"ListItem\",\"position\":1,\"name\":\"Portada\",\"item\":\"https:\/\/botanicapetit.es\/\"},{\"@type\":\"ListItem\",\"position\":2,\"name\":\"Tienda\",\"item\":\"https:\/\/botanicapetit.es\/tienda\/\"},{\"@type\":\"ListItem\",\"position\":3,\"name\":\"Peto playa de Samil\"}]},{\"@type\":\"WebSite\",\"@id\":\"https:\/\/botanicapetit.es\/#website\",\"url\":\"https:\/\/botanicapetit.es\/\",\"name\":\"Bota\u0301nica Petit\",\"description\":\"Just another WordPress site\",\"publisher\":{\"@id\":\"https:\/\/botanicapetit.es\/#organization\"},\"potentialAction\":[{\"@type\":\"SearchAction\",\"target\":{\"@type\":\"EntryPoint\",\"urlTemplate\":\"https:\/\/botanicapetit.es\/?s={search_term_string}\"},\"query-input\":{\"@type\":\"PropertyValueSpecification\",\"valueRequired\":true,\"valueName\":\"search_term_string\"}}],\"inLanguage\":\"en-US\"},{\"@type\":\"Organization\",\"@id\":\"https:\/\/botanicapetit.es\/#organization\",\"name\":\"Bota\u0301nica Petit\",\"url\":\"https:\/\/botanicapetit.es\/\",\"logo\":{\"@type\":\"ImageObject\",\"inLanguage\":\"en-US\",\"@id\":\"https:\/\/botanicapetit.es\/#\/schema\/logo\/image\/\",\"url\":\"https:\/\/botanicapetit.es\/wp-content\/uploads\/2021\/03\/LOGO-BPETIT.png\",\"contentUrl\":\"https:\/\/botanicapetit.es\/wp-content\/uploads\/2021\/03\/LOGO-BPETIT.png\",\"width\":439,\"height\":455,\"caption\":\"Bota\u0301nica Petit\"},\"image\":{\"@id\":\"https:\/\/botanicapetit.es\/#\/schema\/logo\/image\/\"}}]}<\/script>\n<!-- \/ Yoast SEO plugin. -->","yoast_head_json":{"title":"Peto playa de Samil - Bota\u0301nica Petit","robots":{"index":"index","follow":"follow","max-snippet":"max-snippet:-1","max-image-preview":"max-image-preview:large","max-video-preview":"max-video-preview:-1"},"canonical":"https:\/\/botanicapetit.es\/en\/product\/peto-playa-de-samil\/","og_locale":"en_US","og_type":"article","og_title":"Peto playa de Samil - Bota\u0301nica Petit","og_description":"Otra novedad de esta temporada oto\u00f1o\/invierno . Peto largo con bolsillo delantero, base en una tela y tirantes simples en otra! . Pod\u00e9is elegir la tela que mas os guste para los tirantes!\u00a0 en este caso hemos usado para este modelo los pasadores met\u00e1licos, pero pod\u00e9is escoger el tipo de bot\u00f3n que m\u00e1s os guste. [&hellip;]","og_url":"https:\/\/botanicapetit.es\/en\/product\/peto-playa-de-samil\/","og_site_name":"Bota\u0301nica Petit","article_modified_time":"2023-04-02T09:34:41+00:00","og_image":[{"width":1512,"height":2016,"url":"https:\/\/botanicapetit.es\/wp-content\/uploads\/2021\/09\/IMG_0852.jpg","type":"image\/jpeg"}],"twitter_card":"summary_large_image","twitter_misc":{"Est. reading time":"1 minute"},"schema":{"@context":"https:\/\/schema.org","@graph":[{"@type":"WebPage","@id":"https:\/\/botanicapetit.es\/producto\/peto-playa-de-samil\/","url":"https:\/\/botanicapetit.es\/producto\/peto-playa-de-samil\/","name":"Peto playa de Samil - Bota\u0301nica Petit","isPartOf":{"@id":"https:\/\/botanicapetit.es\/#website"},"primaryImageOfPage":{"@id":"https:\/\/botanicapetit.es\/producto\/peto-playa-de-samil\/#primaryimage"},"image":{"@id":"https:\/\/botanicapetit.es\/producto\/peto-playa-de-samil\/#primaryimage"},"thumbnailUrl":"https:\/\/botanicapetit.es\/wp-content\/uploads\/2021\/09\/IMG_0852.jpg","datePublished":"2021-09-17T20:28:43+00:00","dateModified":"2023-04-02T09:34:41+00:00","breadcrumb":{"@id":"https:\/\/botanicapetit.es\/producto\/peto-playa-de-samil\/#breadcrumb"},"inLanguage":"en-US","potentialAction":[{"@type":"ReadAction","target":["https:\/\/botanicapetit.es\/producto\/peto-playa-de-samil\/"]}]},{"@type":"ImageObject","inLanguage":"en-US","@id":"https:\/\/botanicapetit.es\/producto\/peto-playa-de-samil\/#primaryimage","url":"https:\/\/botanicapetit.es\/wp-content\/uploads\/2021\/09\/IMG_0852.jpg","contentUrl":"https:\/\/botanicapetit.es\/wp-content\/uploads\/2021\/09\/IMG_0852.jpg","width":1512,"height":2016},{"@type":"BreadcrumbList","@id":"https:\/\/botanicapetit.es\/producto\/peto-playa-de-samil\/#breadcrumb","itemListElement":[{"@type":"ListItem","position":1,"name":"Portada","item":"https:\/\/botanicapetit.es\/"},{"@type":"ListItem","position":2,"name":"Tienda","item":"https:\/\/botanicapetit.es\/tienda\/"},{"@type":"ListItem","position":3,"name":"Peto playa de Samil"}]},{"@type":"WebSite","@id":"https:\/\/botanicapetit.es\/#website","url":"https:\/\/botanicapetit.es\/","name":"Petit Botany","description":"Just another WordPress site","publisher":{"@id":"https:\/\/botanicapetit.es\/#organization"},"potentialAction":[{"@type":"SearchAction","target":{"@type":"EntryPoint","urlTemplate":"https:\/\/botanicapetit.es\/?s={search_term_string}"},"query-input":{"@type":"PropertyValueSpecification","valueRequired":true,"valueName":"search_term_string"}}],"inLanguage":"en-US"},{"@type":"Organization","@id":"https:\/\/botanicapetit.es\/#organization","name":"Petit Botany","url":"https:\/\/botanicapetit.es\/","logo":{"@type":"ImageObject","inLanguage":"en-US","@id":"https:\/\/botanicapetit.es\/#\/schema\/logo\/image\/","url":"https:\/\/botanicapetit.es\/wp-content\/uploads\/2021\/03\/LOGO-BPETIT.png","contentUrl":"https:\/\/botanicapetit.es\/wp-content\/uploads\/2021\/03\/LOGO-BPETIT.png","width":439,"height":455,"caption":"Bota\u0301nica Petit"},"image":{"@id":"https:\/\/botanicapetit.es\/#\/schema\/logo\/image\/"}}]}},"_links":{"self":[{"href":"https:\/\/botanicapetit.es\/en\/wp-json\/wp\/v2\/product\/6181","targetHints":{"allow":["GET"]}}],"collection":[{"href":"https:\/\/botanicapetit.es\/en\/wp-json\/wp\/v2\/product"}],"about":[{"href":"https:\/\/botanicapetit.es\/en\/wp-json\/wp\/v2\/types\/product"}],"wp:featuredmedia":[{"embeddable":true,"href":"https:\/\/botanicapetit.es\/en\/wp-json\/wp\/v2\/media\/6184"}],"wp:attachment":[{"href":"https:\/\/botanicapetit.es\/en\/wp-json\/wp\/v2\/media?parent=6181"}],"wp:term":[{"taxonomy":"product_brand","embeddable":true,"href":"https:\/\/botanicapetit.es\/en\/wp-json\/wp\/v2\/product_brand?post=6181"},{"taxonomy":"product_cat","embeddable":true,"href":"https:\/\/botanicapetit.es\/en\/wp-json\/wp\/v2\/product_cat?post=6181"},{"taxonomy":"product_tag","embeddable":true,"href":"https:\/\/botanicapetit.es\/en\/wp-json\/wp\/v2\/product_tag?post=6181"}],"curies":[{"name":"wp","href":"https:\/\/api.w.org\/{rel}","templated":true}]}}