{"id":2630,"date":"2021-05-03T18:40:03","date_gmt":"2021-05-03T18:40:03","guid":{"rendered":"https:\/\/botanicapetit.es\/?post_type=product&#038;p=2630"},"modified":"2024-11-17T09:42:59","modified_gmt":"2024-11-17T09:42:59","slug":"peto-monteferro","status":"publish","type":"product","link":"https:\/\/botanicapetit.es\/en\/product\/peto-monteferro\/","title":{"rendered":"Peto monteferro"},"content":{"rendered":"<p>Otro de nuestros petos mas demandados, ideal para ni\u00f1os\/as peque\u00f1itos.<\/p>\n<p>Peto corto con el\u00e1stico en las piernas y bolsillo delantero , un acierto seguro para llevarlos ideales y c\u00f3modos\/as<\/p>\n<p>&nbsp;<\/p>\n<p>In the fabric choice box you must specify the fabric number in which you want this product and select in the boxes above both the size (age) and the type of button.<\/p>","protected":false},"excerpt":{"rendered":"<p>Otro de nuestros petos mas demandados, ideal para ni\u00f1os\/as peque\u00f1itos. Peto corto con el\u00e1stico en las piernas y bolsillo delantero , un acierto seguro para llevarlos ideales y c\u00f3modos\/as &nbsp; En el cuadro de elecci\u00f3n de telas debes especificar el n\u00famero de tela en el que \u00a0quieres este producto \u00a0y seleccionar en las casilla de [&hellip;]<\/p>\n","protected":false},"featured_media":10934,"template":"","meta":{"om_disable_all_campaigns":false,"site-sidebar-layout":"default","site-content-layout":"default","ast-site-content-layout":"default","site-content-style":"default","site-sidebar-style":"default","ast-global-header-display":"","ast-banner-title-visibility":"","ast-main-header-display":"","ast-hfb-above-header-display":"","ast-hfb-below-header-display":"","ast-hfb-mobile-header-display":"","site-post-title":"","ast-breadcrumbs-content":"","ast-featured-img":"","footer-sml-layout":"","ast-disable-related-posts":"","theme-transparent-header-meta":"default","adv-header-id-meta":"","stick-header-meta":"","header-above-stick-meta":"","header-main-stick-meta":"","header-below-stick-meta":"","astra-migrate-meta-layouts":"default","ast-page-background-enabled":"default","ast-page-background-meta":{"desktop":{"background-color":"","background-image":"","background-repeat":"repeat","background-position":"center center","background-size":"auto","background-attachment":"scroll","background-type":"","background-media":"","overlay-type":"","overlay-color":"","overlay-opacity":"","overlay-gradient":""},"tablet":{"background-color":"","background-image":"","background-repeat":"repeat","background-position":"center center","background-size":"auto","background-attachment":"scroll","background-type":"","background-media":"","overlay-type":"","overlay-color":"","overlay-opacity":"","overlay-gradient":""},"mobile":{"background-color":"","background-image":"","background-repeat":"repeat","background-position":"center center","background-size":"auto","background-attachment":"scroll","background-type":"","background-media":"","overlay-type":"","overlay-color":"","overlay-opacity":"","overlay-gradient":""}},"ast-content-background-meta":{"desktop":{"background-color":"var(--ast-global-color-5)","background-image":"","background-repeat":"repeat","background-position":"center center","background-size":"auto","background-attachment":"scroll","background-type":"","background-media":"","overlay-type":"","overlay-color":"","overlay-opacity":"","overlay-gradient":""},"tablet":{"background-color":"var(--ast-global-color-5)","background-image":"","background-repeat":"repeat","background-position":"center center","background-size":"auto","background-attachment":"scroll","background-type":"","background-media":"","overlay-type":"","overlay-color":"","overlay-opacity":"","overlay-gradient":""},"mobile":{"background-color":"var(--ast-global-color-5)","background-image":"","background-repeat":"repeat","background-position":"center center","background-size":"auto","background-attachment":"scroll","background-type":"","background-media":"","overlay-type":"","overlay-color":"","overlay-opacity":"","overlay-gradient":""}}},"product_brand":[],"product_cat":[32,49,34],"product_tag":[],"class_list":{"0":"post-2630","1":"product","2":"type-product","3":"status-publish","4":"has-post-thumbnail","6":"product_cat-petos","7":"product_cat-cortos","8":"product_cat-ropa","9":"desktop-align-left","10":"tablet-align-left","11":"mobile-align-left","13":"first","14":"instock","15":"shipping-taxable","16":"purchasable","17":"product-type-variable","18":"rtwpvs-product"},"yoast_head":"<!-- This site is optimized with the Yoast SEO plugin v26.8 - https:\/\/yoast.com\/product\/yoast-seo-wordpress\/ -->\n<title>Peto monteferro - Bota\u0301nica Petit<\/title>\n<meta name=\"robots\" content=\"index, follow, max-snippet:-1, max-image-preview:large, max-video-preview:-1\" \/>\n<link rel=\"canonical\" href=\"https:\/\/botanicapetit.es\/en\/product\/peto-monteferro\/\" \/>\n<meta property=\"og:locale\" content=\"en_US\" \/>\n<meta property=\"og:type\" content=\"article\" \/>\n<meta property=\"og:title\" content=\"Peto monteferro - Bota\u0301nica Petit\" \/>\n<meta property=\"og:description\" content=\"Otro de nuestros petos mas demandados, ideal para ni\u00f1os\/as peque\u00f1itos. Peto corto con el\u00e1stico en las piernas y bolsillo delantero , un acierto seguro para llevarlos ideales y c\u00f3modos\/as &nbsp; En el cuadro de elecci\u00f3n de telas debes especificar el n\u00famero de tela en el que \u00a0quieres este producto \u00a0y seleccionar en las casilla de [&hellip;]\" \/>\n<meta property=\"og:url\" content=\"https:\/\/botanicapetit.es\/en\/product\/peto-monteferro\/\" \/>\n<meta property=\"og:site_name\" content=\"Bota\u0301nica Petit\" \/>\n<meta property=\"article:modified_time\" content=\"2024-11-17T09:42:59+00:00\" \/>\n<meta property=\"og:image\" content=\"https:\/\/botanicapetit.es\/wp-content\/uploads\/2021\/05\/IMG_1097-1.jpg\" \/>\n\t<meta property=\"og:image:width\" content=\"1634\" \/>\n\t<meta property=\"og:image:height\" content=\"2178\" \/>\n\t<meta property=\"og:image:type\" content=\"image\/jpeg\" \/>\n<meta name=\"twitter:card\" content=\"summary_large_image\" \/>\n<meta name=\"twitter:label1\" content=\"Est. reading time\" \/>\n\t<meta name=\"twitter:data1\" content=\"1 minute\" \/>\n<script type=\"application\/ld+json\" class=\"yoast-schema-graph\">{\"@context\":\"https:\/\/schema.org\",\"@graph\":[{\"@type\":\"WebPage\",\"@id\":\"https:\/\/botanicapetit.es\/producto\/peto-monteferro\/\",\"url\":\"https:\/\/botanicapetit.es\/producto\/peto-monteferro\/\",\"name\":\"Peto monteferro - Bota\u0301nica Petit\",\"isPartOf\":{\"@id\":\"https:\/\/botanicapetit.es\/#website\"},\"primaryImageOfPage\":{\"@id\":\"https:\/\/botanicapetit.es\/producto\/peto-monteferro\/#primaryimage\"},\"image\":{\"@id\":\"https:\/\/botanicapetit.es\/producto\/peto-monteferro\/#primaryimage\"},\"thumbnailUrl\":\"https:\/\/botanicapetit.es\/wp-content\/uploads\/2021\/05\/IMG_1097-1.jpg\",\"datePublished\":\"2021-05-03T18:40:03+00:00\",\"dateModified\":\"2024-11-17T09:42:59+00:00\",\"breadcrumb\":{\"@id\":\"https:\/\/botanicapetit.es\/producto\/peto-monteferro\/#breadcrumb\"},\"inLanguage\":\"en-US\",\"potentialAction\":[{\"@type\":\"ReadAction\",\"target\":[\"https:\/\/botanicapetit.es\/producto\/peto-monteferro\/\"]}]},{\"@type\":\"ImageObject\",\"inLanguage\":\"en-US\",\"@id\":\"https:\/\/botanicapetit.es\/producto\/peto-monteferro\/#primaryimage\",\"url\":\"https:\/\/botanicapetit.es\/wp-content\/uploads\/2021\/05\/IMG_1097-1.jpg\",\"contentUrl\":\"https:\/\/botanicapetit.es\/wp-content\/uploads\/2021\/05\/IMG_1097-1.jpg\",\"width\":1634,\"height\":2178},{\"@type\":\"BreadcrumbList\",\"@id\":\"https:\/\/botanicapetit.es\/producto\/peto-monteferro\/#breadcrumb\",\"itemListElement\":[{\"@type\":\"ListItem\",\"position\":1,\"name\":\"Portada\",\"item\":\"https:\/\/botanicapetit.es\/\"},{\"@type\":\"ListItem\",\"position\":2,\"name\":\"Tienda\",\"item\":\"https:\/\/botanicapetit.es\/tienda\/\"},{\"@type\":\"ListItem\",\"position\":3,\"name\":\"Peto monteferro\"}]},{\"@type\":\"WebSite\",\"@id\":\"https:\/\/botanicapetit.es\/#website\",\"url\":\"https:\/\/botanicapetit.es\/\",\"name\":\"Bota\u0301nica Petit\",\"description\":\"Just another WordPress site\",\"publisher\":{\"@id\":\"https:\/\/botanicapetit.es\/#organization\"},\"potentialAction\":[{\"@type\":\"SearchAction\",\"target\":{\"@type\":\"EntryPoint\",\"urlTemplate\":\"https:\/\/botanicapetit.es\/?s={search_term_string}\"},\"query-input\":{\"@type\":\"PropertyValueSpecification\",\"valueRequired\":true,\"valueName\":\"search_term_string\"}}],\"inLanguage\":\"en-US\"},{\"@type\":\"Organization\",\"@id\":\"https:\/\/botanicapetit.es\/#organization\",\"name\":\"Bota\u0301nica Petit\",\"url\":\"https:\/\/botanicapetit.es\/\",\"logo\":{\"@type\":\"ImageObject\",\"inLanguage\":\"en-US\",\"@id\":\"https:\/\/botanicapetit.es\/#\/schema\/logo\/image\/\",\"url\":\"https:\/\/botanicapetit.es\/wp-content\/uploads\/2021\/03\/LOGO-BPETIT.png\",\"contentUrl\":\"https:\/\/botanicapetit.es\/wp-content\/uploads\/2021\/03\/LOGO-BPETIT.png\",\"width\":439,\"height\":455,\"caption\":\"Bota\u0301nica Petit\"},\"image\":{\"@id\":\"https:\/\/botanicapetit.es\/#\/schema\/logo\/image\/\"}}]}<\/script>\n<!-- \/ Yoast SEO plugin. -->","yoast_head_json":{"title":"Peto monteferro - Bota\u0301nica Petit","robots":{"index":"index","follow":"follow","max-snippet":"max-snippet:-1","max-image-preview":"max-image-preview:large","max-video-preview":"max-video-preview:-1"},"canonical":"https:\/\/botanicapetit.es\/en\/product\/peto-monteferro\/","og_locale":"en_US","og_type":"article","og_title":"Peto monteferro - Bota\u0301nica Petit","og_description":"Otro de nuestros petos mas demandados, ideal para ni\u00f1os\/as peque\u00f1itos. Peto corto con el\u00e1stico en las piernas y bolsillo delantero , un acierto seguro para llevarlos ideales y c\u00f3modos\/as &nbsp; En el cuadro de elecci\u00f3n de telas debes especificar el n\u00famero de tela en el que \u00a0quieres este producto \u00a0y seleccionar en las casilla de [&hellip;]","og_url":"https:\/\/botanicapetit.es\/en\/product\/peto-monteferro\/","og_site_name":"Bota\u0301nica Petit","article_modified_time":"2024-11-17T09:42:59+00:00","og_image":[{"width":1634,"height":2178,"url":"https:\/\/botanicapetit.es\/wp-content\/uploads\/2021\/05\/IMG_1097-1.jpg","type":"image\/jpeg"}],"twitter_card":"summary_large_image","twitter_misc":{"Est. reading time":"1 minute"},"schema":{"@context":"https:\/\/schema.org","@graph":[{"@type":"WebPage","@id":"https:\/\/botanicapetit.es\/producto\/peto-monteferro\/","url":"https:\/\/botanicapetit.es\/producto\/peto-monteferro\/","name":"Peto monteferro - Bota\u0301nica Petit","isPartOf":{"@id":"https:\/\/botanicapetit.es\/#website"},"primaryImageOfPage":{"@id":"https:\/\/botanicapetit.es\/producto\/peto-monteferro\/#primaryimage"},"image":{"@id":"https:\/\/botanicapetit.es\/producto\/peto-monteferro\/#primaryimage"},"thumbnailUrl":"https:\/\/botanicapetit.es\/wp-content\/uploads\/2021\/05\/IMG_1097-1.jpg","datePublished":"2021-05-03T18:40:03+00:00","dateModified":"2024-11-17T09:42:59+00:00","breadcrumb":{"@id":"https:\/\/botanicapetit.es\/producto\/peto-monteferro\/#breadcrumb"},"inLanguage":"en-US","potentialAction":[{"@type":"ReadAction","target":["https:\/\/botanicapetit.es\/producto\/peto-monteferro\/"]}]},{"@type":"ImageObject","inLanguage":"en-US","@id":"https:\/\/botanicapetit.es\/producto\/peto-monteferro\/#primaryimage","url":"https:\/\/botanicapetit.es\/wp-content\/uploads\/2021\/05\/IMG_1097-1.jpg","contentUrl":"https:\/\/botanicapetit.es\/wp-content\/uploads\/2021\/05\/IMG_1097-1.jpg","width":1634,"height":2178},{"@type":"BreadcrumbList","@id":"https:\/\/botanicapetit.es\/producto\/peto-monteferro\/#breadcrumb","itemListElement":[{"@type":"ListItem","position":1,"name":"Portada","item":"https:\/\/botanicapetit.es\/"},{"@type":"ListItem","position":2,"name":"Tienda","item":"https:\/\/botanicapetit.es\/tienda\/"},{"@type":"ListItem","position":3,"name":"Peto monteferro"}]},{"@type":"WebSite","@id":"https:\/\/botanicapetit.es\/#website","url":"https:\/\/botanicapetit.es\/","name":"Petit Botany","description":"Just another WordPress site","publisher":{"@id":"https:\/\/botanicapetit.es\/#organization"},"potentialAction":[{"@type":"SearchAction","target":{"@type":"EntryPoint","urlTemplate":"https:\/\/botanicapetit.es\/?s={search_term_string}"},"query-input":{"@type":"PropertyValueSpecification","valueRequired":true,"valueName":"search_term_string"}}],"inLanguage":"en-US"},{"@type":"Organization","@id":"https:\/\/botanicapetit.es\/#organization","name":"Petit Botany","url":"https:\/\/botanicapetit.es\/","logo":{"@type":"ImageObject","inLanguage":"en-US","@id":"https:\/\/botanicapetit.es\/#\/schema\/logo\/image\/","url":"https:\/\/botanicapetit.es\/wp-content\/uploads\/2021\/03\/LOGO-BPETIT.png","contentUrl":"https:\/\/botanicapetit.es\/wp-content\/uploads\/2021\/03\/LOGO-BPETIT.png","width":439,"height":455,"caption":"Bota\u0301nica Petit"},"image":{"@id":"https:\/\/botanicapetit.es\/#\/schema\/logo\/image\/"}}]}},"_links":{"self":[{"href":"https:\/\/botanicapetit.es\/en\/wp-json\/wp\/v2\/product\/2630","targetHints":{"allow":["GET"]}}],"collection":[{"href":"https:\/\/botanicapetit.es\/en\/wp-json\/wp\/v2\/product"}],"about":[{"href":"https:\/\/botanicapetit.es\/en\/wp-json\/wp\/v2\/types\/product"}],"wp:featuredmedia":[{"embeddable":true,"href":"https:\/\/botanicapetit.es\/en\/wp-json\/wp\/v2\/media\/10934"}],"wp:attachment":[{"href":"https:\/\/botanicapetit.es\/en\/wp-json\/wp\/v2\/media?parent=2630"}],"wp:term":[{"taxonomy":"product_brand","embeddable":true,"href":"https:\/\/botanicapetit.es\/en\/wp-json\/wp\/v2\/product_brand?post=2630"},{"taxonomy":"product_cat","embeddable":true,"href":"https:\/\/botanicapetit.es\/en\/wp-json\/wp\/v2\/product_cat?post=2630"},{"taxonomy":"product_tag","embeddable":true,"href":"https:\/\/botanicapetit.es\/en\/wp-json\/wp\/v2\/product_tag?post=2630"}],"curies":[{"name":"wp","href":"https:\/\/api.w.org\/{rel}","templated":true}]}}