{"id":18483,"date":"2026-03-16T19:36:03","date_gmt":"2026-03-16T19:36:03","guid":{"rendered":"https:\/\/botanicapetit.es\/?post_type=product&#038;p=18483"},"modified":"2026-03-16T19:36:03","modified_gmt":"2026-03-16T19:36:03","slug":"poncho-toalla-volantes-portofino-tramonto","status":"publish","type":"product","link":"https:\/\/botanicapetit.es\/en\/product\/poncho-toalla-volantes-portofino-tramonto\/","title":{"rendered":"Poncho toalla volantes Portofino- tramonto"},"content":{"rendered":"<p><span style=\"color: #993300;\"><strong>Nuestra inspo?<\/strong> terracota, piedra c\u00e1lida, atardeceres sobre el mar, meriendas acompa\u00f1adas de limonadas <\/span><\/p>\n<p>poncho en toalla marr\u00f3n claro, con una tela de rayas rojiza sobre un fondo natural.<\/p>\n<p>capucha con interior en toalla, volantes en la capucha y alrededor del bolsillo central. lleva dos lazadas en los lados para ajustarlo.<\/p>","protected":false},"excerpt":{"rendered":"<p>Nuestra inspo? terracota, piedra c\u00e1lida, atardeceres sobre el mar, meriendas acompa\u00f1adas de limonadas poncho en toalla marr\u00f3n claro, con una tela de rayas rojiza sobre un fondo natural. capucha con interior en toalla, volantes en la capucha y alrededor del bolsillo central. lleva dos lazadas en los lados para ajustarlo.<\/p>","protected":false},"featured_media":18484,"template":"","meta":{"om_disable_all_campaigns":false,"site-sidebar-layout":"default","site-content-layout":"","ast-site-content-layout":"default","site-content-style":"default","site-sidebar-style":"default","ast-global-header-display":"","ast-banner-title-visibility":"","ast-main-header-display":"","ast-hfb-above-header-display":"","ast-hfb-below-header-display":"","ast-hfb-mobile-header-display":"","site-post-title":"","ast-breadcrumbs-content":"","ast-featured-img":"","footer-sml-layout":"","ast-disable-related-posts":"","theme-transparent-header-meta":"default","adv-header-id-meta":"","stick-header-meta":"","header-above-stick-meta":"","header-main-stick-meta":"","header-below-stick-meta":"","astra-migrate-meta-layouts":"set","ast-page-background-enabled":"default","ast-page-background-meta":{"desktop":{"background-color":"","background-image":"","background-repeat":"repeat","background-position":"center center","background-size":"auto","background-attachment":"scroll","background-type":"","background-media":"","overlay-type":"","overlay-color":"","overlay-opacity":"","overlay-gradient":""},"tablet":{"background-color":"","background-image":"","background-repeat":"repeat","background-position":"center center","background-size":"auto","background-attachment":"scroll","background-type":"","background-media":"","overlay-type":"","overlay-color":"","overlay-opacity":"","overlay-gradient":""},"mobile":{"background-color":"","background-image":"","background-repeat":"repeat","background-position":"center center","background-size":"auto","background-attachment":"scroll","background-type":"","background-media":"","overlay-type":"","overlay-color":"","overlay-opacity":"","overlay-gradient":""}},"ast-content-background-meta":{"desktop":{"background-color":"var(--ast-global-color-5)","background-image":"","background-repeat":"repeat","background-position":"center center","background-size":"auto","background-attachment":"scroll","background-type":"","background-media":"","overlay-type":"","overlay-color":"","overlay-opacity":"","overlay-gradient":""},"tablet":{"background-color":"var(--ast-global-color-5)","background-image":"","background-repeat":"repeat","background-position":"center center","background-size":"auto","background-attachment":"scroll","background-type":"","background-media":"","overlay-type":"","overlay-color":"","overlay-opacity":"","overlay-gradient":""},"mobile":{"background-color":"var(--ast-global-color-5)","background-image":"","background-repeat":"repeat","background-position":"center center","background-size":"auto","background-attachment":"scroll","background-type":"","background-media":"","overlay-type":"","overlay-color":"","overlay-opacity":"","overlay-gradient":""}}},"product_brand":[],"product_cat":[264,106],"product_tag":[],"class_list":{"0":"post-18483","1":"product","2":"type-product","3":"status-publish","4":"has-post-thumbnail","6":"product_cat-linea-tramonto","7":"product_cat-portofino","8":"desktop-align-left","9":"tablet-align-left","10":"mobile-align-left","12":"first","13":"instock","14":"shipping-taxable","15":"purchasable","16":"product-type-variable","17":"rtwpvs-product"},"yoast_head":"<!-- This site is optimized with the Yoast SEO plugin v26.8 - https:\/\/yoast.com\/product\/yoast-seo-wordpress\/ -->\n<title>Poncho toalla volantes Portofino- tramonto - Bota\u0301nica Petit<\/title>\n<meta name=\"robots\" content=\"index, follow, max-snippet:-1, max-image-preview:large, max-video-preview:-1\" \/>\n<link rel=\"canonical\" href=\"https:\/\/botanicapetit.es\/en\/product\/poncho-toalla-volantes-portofino-tramonto\/\" \/>\n<meta property=\"og:locale\" content=\"en_US\" \/>\n<meta property=\"og:type\" content=\"article\" \/>\n<meta property=\"og:title\" content=\"Poncho toalla volantes Portofino- tramonto - Bota\u0301nica Petit\" \/>\n<meta property=\"og:description\" content=\"Nuestra inspo? terracota, piedra c\u00e1lida, atardeceres sobre el mar, meriendas acompa\u00f1adas de limonadas poncho en toalla marr\u00f3n claro, con una tela de rayas rojiza sobre un fondo natural. capucha con interior en toalla, volantes en la capucha y alrededor del bolsillo central. lleva dos lazadas en los lados para ajustarlo.\" \/>\n<meta property=\"og:url\" content=\"https:\/\/botanicapetit.es\/en\/product\/poncho-toalla-volantes-portofino-tramonto\/\" \/>\n<meta property=\"og:site_name\" content=\"Bota\u0301nica Petit\" \/>\n<meta property=\"og:image\" content=\"https:\/\/botanicapetit.es\/wp-content\/uploads\/2026\/03\/Photoroom_20260311_090122.png\" \/>\n\t<meta property=\"og:image:width\" content=\"832\" \/>\n\t<meta property=\"og:image:height\" content=\"1248\" \/>\n\t<meta property=\"og:image:type\" content=\"image\/png\" \/>\n<meta name=\"twitter:card\" content=\"summary_large_image\" \/>\n<meta name=\"twitter:label1\" content=\"Est. reading time\" \/>\n\t<meta name=\"twitter:data1\" content=\"1 minute\" \/>\n<script type=\"application\/ld+json\" class=\"yoast-schema-graph\">{\"@context\":\"https:\/\/schema.org\",\"@graph\":[{\"@type\":\"WebPage\",\"@id\":\"https:\/\/botanicapetit.es\/producto\/poncho-toalla-volantes-portofino-tramonto\/\",\"url\":\"https:\/\/botanicapetit.es\/producto\/poncho-toalla-volantes-portofino-tramonto\/\",\"name\":\"Poncho toalla volantes Portofino- tramonto - Bota\u0301nica Petit\",\"isPartOf\":{\"@id\":\"https:\/\/botanicapetit.es\/#website\"},\"primaryImageOfPage\":{\"@id\":\"https:\/\/botanicapetit.es\/producto\/poncho-toalla-volantes-portofino-tramonto\/#primaryimage\"},\"image\":{\"@id\":\"https:\/\/botanicapetit.es\/producto\/poncho-toalla-volantes-portofino-tramonto\/#primaryimage\"},\"thumbnailUrl\":\"https:\/\/botanicapetit.es\/wp-content\/uploads\/2026\/03\/Photoroom_20260311_090122.png\",\"datePublished\":\"2026-03-16T19:36:03+00:00\",\"breadcrumb\":{\"@id\":\"https:\/\/botanicapetit.es\/producto\/poncho-toalla-volantes-portofino-tramonto\/#breadcrumb\"},\"inLanguage\":\"en-US\",\"potentialAction\":[{\"@type\":\"ReadAction\",\"target\":[\"https:\/\/botanicapetit.es\/producto\/poncho-toalla-volantes-portofino-tramonto\/\"]}]},{\"@type\":\"ImageObject\",\"inLanguage\":\"en-US\",\"@id\":\"https:\/\/botanicapetit.es\/producto\/poncho-toalla-volantes-portofino-tramonto\/#primaryimage\",\"url\":\"https:\/\/botanicapetit.es\/wp-content\/uploads\/2026\/03\/Photoroom_20260311_090122.png\",\"contentUrl\":\"https:\/\/botanicapetit.es\/wp-content\/uploads\/2026\/03\/Photoroom_20260311_090122.png\",\"width\":832,\"height\":1248},{\"@type\":\"BreadcrumbList\",\"@id\":\"https:\/\/botanicapetit.es\/producto\/poncho-toalla-volantes-portofino-tramonto\/#breadcrumb\",\"itemListElement\":[{\"@type\":\"ListItem\",\"position\":1,\"name\":\"Portada\",\"item\":\"https:\/\/botanicapetit.es\/\"},{\"@type\":\"ListItem\",\"position\":2,\"name\":\"Tienda\",\"item\":\"https:\/\/botanicapetit.es\/tienda\/\"},{\"@type\":\"ListItem\",\"position\":3,\"name\":\"Poncho toalla volantes Portofino- tramonto\"}]},{\"@type\":\"WebSite\",\"@id\":\"https:\/\/botanicapetit.es\/#website\",\"url\":\"https:\/\/botanicapetit.es\/\",\"name\":\"Bota\u0301nica Petit\",\"description\":\"Just another WordPress site\",\"publisher\":{\"@id\":\"https:\/\/botanicapetit.es\/#organization\"},\"potentialAction\":[{\"@type\":\"SearchAction\",\"target\":{\"@type\":\"EntryPoint\",\"urlTemplate\":\"https:\/\/botanicapetit.es\/?s={search_term_string}\"},\"query-input\":{\"@type\":\"PropertyValueSpecification\",\"valueRequired\":true,\"valueName\":\"search_term_string\"}}],\"inLanguage\":\"en-US\"},{\"@type\":\"Organization\",\"@id\":\"https:\/\/botanicapetit.es\/#organization\",\"name\":\"Bota\u0301nica Petit\",\"url\":\"https:\/\/botanicapetit.es\/\",\"logo\":{\"@type\":\"ImageObject\",\"inLanguage\":\"en-US\",\"@id\":\"https:\/\/botanicapetit.es\/#\/schema\/logo\/image\/\",\"url\":\"https:\/\/botanicapetit.es\/wp-content\/uploads\/2021\/03\/LOGO-BPETIT.png\",\"contentUrl\":\"https:\/\/botanicapetit.es\/wp-content\/uploads\/2021\/03\/LOGO-BPETIT.png\",\"width\":439,\"height\":455,\"caption\":\"Bota\u0301nica Petit\"},\"image\":{\"@id\":\"https:\/\/botanicapetit.es\/#\/schema\/logo\/image\/\"}}]}<\/script>\n<!-- \/ Yoast SEO plugin. -->","yoast_head_json":{"title":"Poncho toalla volantes Portofino- tramonto - Bota\u0301nica Petit","robots":{"index":"index","follow":"follow","max-snippet":"max-snippet:-1","max-image-preview":"max-image-preview:large","max-video-preview":"max-video-preview:-1"},"canonical":"https:\/\/botanicapetit.es\/en\/product\/poncho-toalla-volantes-portofino-tramonto\/","og_locale":"en_US","og_type":"article","og_title":"Poncho toalla volantes Portofino- tramonto - Bota\u0301nica Petit","og_description":"Nuestra inspo? terracota, piedra c\u00e1lida, atardeceres sobre el mar, meriendas acompa\u00f1adas de limonadas poncho en toalla marr\u00f3n claro, con una tela de rayas rojiza sobre un fondo natural. capucha con interior en toalla, volantes en la capucha y alrededor del bolsillo central. lleva dos lazadas en los lados para ajustarlo.","og_url":"https:\/\/botanicapetit.es\/en\/product\/poncho-toalla-volantes-portofino-tramonto\/","og_site_name":"Bota\u0301nica Petit","og_image":[{"width":832,"height":1248,"url":"https:\/\/botanicapetit.es\/wp-content\/uploads\/2026\/03\/Photoroom_20260311_090122.png","type":"image\/png"}],"twitter_card":"summary_large_image","twitter_misc":{"Est. reading time":"1 minute"},"schema":{"@context":"https:\/\/schema.org","@graph":[{"@type":"WebPage","@id":"https:\/\/botanicapetit.es\/producto\/poncho-toalla-volantes-portofino-tramonto\/","url":"https:\/\/botanicapetit.es\/producto\/poncho-toalla-volantes-portofino-tramonto\/","name":"Poncho toalla volantes Portofino- tramonto - Bota\u0301nica Petit","isPartOf":{"@id":"https:\/\/botanicapetit.es\/#website"},"primaryImageOfPage":{"@id":"https:\/\/botanicapetit.es\/producto\/poncho-toalla-volantes-portofino-tramonto\/#primaryimage"},"image":{"@id":"https:\/\/botanicapetit.es\/producto\/poncho-toalla-volantes-portofino-tramonto\/#primaryimage"},"thumbnailUrl":"https:\/\/botanicapetit.es\/wp-content\/uploads\/2026\/03\/Photoroom_20260311_090122.png","datePublished":"2026-03-16T19:36:03+00:00","breadcrumb":{"@id":"https:\/\/botanicapetit.es\/producto\/poncho-toalla-volantes-portofino-tramonto\/#breadcrumb"},"inLanguage":"en-US","potentialAction":[{"@type":"ReadAction","target":["https:\/\/botanicapetit.es\/producto\/poncho-toalla-volantes-portofino-tramonto\/"]}]},{"@type":"ImageObject","inLanguage":"en-US","@id":"https:\/\/botanicapetit.es\/producto\/poncho-toalla-volantes-portofino-tramonto\/#primaryimage","url":"https:\/\/botanicapetit.es\/wp-content\/uploads\/2026\/03\/Photoroom_20260311_090122.png","contentUrl":"https:\/\/botanicapetit.es\/wp-content\/uploads\/2026\/03\/Photoroom_20260311_090122.png","width":832,"height":1248},{"@type":"BreadcrumbList","@id":"https:\/\/botanicapetit.es\/producto\/poncho-toalla-volantes-portofino-tramonto\/#breadcrumb","itemListElement":[{"@type":"ListItem","position":1,"name":"Portada","item":"https:\/\/botanicapetit.es\/"},{"@type":"ListItem","position":2,"name":"Tienda","item":"https:\/\/botanicapetit.es\/tienda\/"},{"@type":"ListItem","position":3,"name":"Poncho toalla volantes Portofino- tramonto"}]},{"@type":"WebSite","@id":"https:\/\/botanicapetit.es\/#website","url":"https:\/\/botanicapetit.es\/","name":"Petit Botany","description":"Just another WordPress site","publisher":{"@id":"https:\/\/botanicapetit.es\/#organization"},"potentialAction":[{"@type":"SearchAction","target":{"@type":"EntryPoint","urlTemplate":"https:\/\/botanicapetit.es\/?s={search_term_string}"},"query-input":{"@type":"PropertyValueSpecification","valueRequired":true,"valueName":"search_term_string"}}],"inLanguage":"en-US"},{"@type":"Organization","@id":"https:\/\/botanicapetit.es\/#organization","name":"Petit Botany","url":"https:\/\/botanicapetit.es\/","logo":{"@type":"ImageObject","inLanguage":"en-US","@id":"https:\/\/botanicapetit.es\/#\/schema\/logo\/image\/","url":"https:\/\/botanicapetit.es\/wp-content\/uploads\/2021\/03\/LOGO-BPETIT.png","contentUrl":"https:\/\/botanicapetit.es\/wp-content\/uploads\/2021\/03\/LOGO-BPETIT.png","width":439,"height":455,"caption":"Bota\u0301nica Petit"},"image":{"@id":"https:\/\/botanicapetit.es\/#\/schema\/logo\/image\/"}}]}},"_links":{"self":[{"href":"https:\/\/botanicapetit.es\/en\/wp-json\/wp\/v2\/product\/18483","targetHints":{"allow":["GET"]}}],"collection":[{"href":"https:\/\/botanicapetit.es\/en\/wp-json\/wp\/v2\/product"}],"about":[{"href":"https:\/\/botanicapetit.es\/en\/wp-json\/wp\/v2\/types\/product"}],"wp:featuredmedia":[{"embeddable":true,"href":"https:\/\/botanicapetit.es\/en\/wp-json\/wp\/v2\/media\/18484"}],"wp:attachment":[{"href":"https:\/\/botanicapetit.es\/en\/wp-json\/wp\/v2\/media?parent=18483"}],"wp:term":[{"taxonomy":"product_brand","embeddable":true,"href":"https:\/\/botanicapetit.es\/en\/wp-json\/wp\/v2\/product_brand?post=18483"},{"taxonomy":"product_cat","embeddable":true,"href":"https:\/\/botanicapetit.es\/en\/wp-json\/wp\/v2\/product_cat?post=18483"},{"taxonomy":"product_tag","embeddable":true,"href":"https:\/\/botanicapetit.es\/en\/wp-json\/wp\/v2\/product_tag?post=18483"}],"curies":[{"name":"wp","href":"https:\/\/api.w.org\/{rel}","templated":true}]}}