{"id":17849,"date":"2025-12-03T17:39:12","date_gmt":"2025-12-03T17:39:12","guid":{"rendered":"https:\/\/botanicapetit.es\/?post_type=product&#038;p=17849"},"modified":"2025-12-03T17:40:29","modified_gmt":"2025-12-03T17:40:29","slug":"vestido-julieta","status":"publish","type":"product","link":"https:\/\/botanicapetit.es\/en\/product\/vestido-julieta\/","title":{"rendered":"Vestido Julieta"},"content":{"rendered":"<p>vestido corte evas\u00e9 con vuelo, mangan ranglan larga, y cuello volante.<\/p>\n<p>Lleva mandil que remata en la espalda con una lazada XL! en la parte de arriba del mandil pod\u00e9is elegir que lleve una tira de terciopelo (os dejamos los colores disponibles en la galer\u00eda de fotos del producto)<\/p>\n<p>pod\u00e9is elegir dos telas, en este caso han elegido una tela para cuello y mandil y otra tela para la base, pero pod\u00e9is hacer el cuello y la base de la misma tela y el mandil de otra.\u00a0 Deb\u00e9is especificarlo bien en la casilla de tela!<\/p>\n<p>ej: mandil y cuello tela 1, base tela 2.\u00a0 O\u00a0 \u00a0mandil en tela 1 y base y cuello tela 2 .<\/p>\n<p><strong><span style=\"color: #800080;\">recordad seleccionar la talla, los botones, y el color de terciopelo,\u00a0<\/span><\/strong><\/p>\n<p><strong><span style=\"color: #800080;\">IMPORTANTE:<\/span><\/strong> que nos pong\u00e1is el <strong><span style=\"color: #800080;\">largo del vestido<\/span><\/strong>! pod\u00e9is medir un vestido que os giste el largo o a la ni\u00f1a directamente.<\/p>\n<p>\u00bfc\u00f3mo medir? de hombro, por donde colgmaos el bolso, hacia abajo, hasta donde quer\u00e1is que le llegue. os recomendamos que sea cortito, que queda mas mono! en caso de que no pong\u00e1is largo, haremos la medida standard. (de 3 a\u00f1os -incluido- hacia abajo, incluye braguita)<\/p>\n<p>pod\u00e9is hacer capotas a juego, solo tendr\u00e9is que seleccionar el modelo de capota que mas os giste y poner la misma tela!<\/p>\n<p>EN CASO QUE LO QUER\u00c1IS COMO EN ESTA FOTO, DEBEIS PONER EN LA CASILLA: TELA 99.B para la base y pique blanco roto para cuello y mandil.<\/p>\n<p>&nbsp;<\/p>\n<p>&nbsp;<\/p>","protected":false},"excerpt":{"rendered":"<p>vestido corte evas\u00e9 con vuelo, mangan ranglan larga, y cuello volante. Lleva mandil que remata en la espalda con una lazada XL! en la parte de arriba del mandil pod\u00e9is elegir que lleve una tira de terciopelo (os dejamos los colores disponibles en la galer\u00eda de fotos del producto) pod\u00e9is elegir dos telas, en este [&hellip;]<\/p>\n","protected":false},"featured_media":17855,"template":"","meta":{"om_disable_all_campaigns":false,"site-sidebar-layout":"default","site-content-layout":"","ast-site-content-layout":"default","site-content-style":"default","site-sidebar-style":"default","ast-global-header-display":"","ast-banner-title-visibility":"","ast-main-header-display":"","ast-hfb-above-header-display":"","ast-hfb-below-header-display":"","ast-hfb-mobile-header-display":"","site-post-title":"","ast-breadcrumbs-content":"","ast-featured-img":"","footer-sml-layout":"","ast-disable-related-posts":"","theme-transparent-header-meta":"default","adv-header-id-meta":"","stick-header-meta":"","header-above-stick-meta":"","header-main-stick-meta":"","header-below-stick-meta":"","astra-migrate-meta-layouts":"set","ast-page-background-enabled":"default","ast-page-background-meta":{"desktop":{"background-color":"","background-image":"","background-repeat":"repeat","background-position":"center center","background-size":"auto","background-attachment":"scroll","background-type":"","background-media":"","overlay-type":"","overlay-color":"","overlay-opacity":"","overlay-gradient":""},"tablet":{"background-color":"","background-image":"","background-repeat":"repeat","background-position":"center center","background-size":"auto","background-attachment":"scroll","background-type":"","background-media":"","overlay-type":"","overlay-color":"","overlay-opacity":"","overlay-gradient":""},"mobile":{"background-color":"","background-image":"","background-repeat":"repeat","background-position":"center center","background-size":"auto","background-attachment":"scroll","background-type":"","background-media":"","overlay-type":"","overlay-color":"","overlay-opacity":"","overlay-gradient":""}},"ast-content-background-meta":{"desktop":{"background-color":"var(--ast-global-color-5)","background-image":"","background-repeat":"repeat","background-position":"center center","background-size":"auto","background-attachment":"scroll","background-type":"","background-media":"","overlay-type":"","overlay-color":"","overlay-opacity":"","overlay-gradient":""},"tablet":{"background-color":"var(--ast-global-color-5)","background-image":"","background-repeat":"repeat","background-position":"center center","background-size":"auto","background-attachment":"scroll","background-type":"","background-media":"","overlay-type":"","overlay-color":"","overlay-opacity":"","overlay-gradient":""},"mobile":{"background-color":"var(--ast-global-color-5)","background-image":"","background-repeat":"repeat","background-position":"center center","background-size":"auto","background-attachment":"scroll","background-type":"","background-media":"","overlay-type":"","overlay-color":"","overlay-opacity":"","overlay-gradient":""}}},"product_brand":[],"product_cat":[98,155,34,35],"product_tag":[],"class_list":{"0":"post-17849","1":"product","2":"type-product","3":"status-publish","4":"has-post-thumbnail","6":"product_cat-ceremonias-eventos-especiales","7":"product_cat-ninas","8":"product_cat-ropa","9":"product_cat-vestidos","10":"desktop-align-left","11":"tablet-align-left","12":"mobile-align-left","14":"first","15":"instock","16":"shipping-taxable","17":"purchasable","18":"product-type-variable","19":"rtwpvs-product"},"yoast_head":"<!-- This site is optimized with the Yoast SEO plugin v26.8 - https:\/\/yoast.com\/product\/yoast-seo-wordpress\/ -->\n<title>Vestido Julieta - Bota\u0301nica Petit<\/title>\n<meta name=\"robots\" content=\"index, follow, max-snippet:-1, max-image-preview:large, max-video-preview:-1\" \/>\n<link rel=\"canonical\" href=\"https:\/\/botanicapetit.es\/en\/product\/vestido-julieta\/\" \/>\n<meta property=\"og:locale\" content=\"en_US\" \/>\n<meta property=\"og:type\" content=\"article\" \/>\n<meta property=\"og:title\" content=\"Vestido Julieta - Bota\u0301nica Petit\" \/>\n<meta property=\"og:description\" content=\"vestido corte evas\u00e9 con vuelo, mangan ranglan larga, y cuello volante. Lleva mandil que remata en la espalda con una lazada XL! en la parte de arriba del mandil pod\u00e9is elegir que lleve una tira de terciopelo (os dejamos los colores disponibles en la galer\u00eda de fotos del producto) pod\u00e9is elegir dos telas, en este [&hellip;]\" \/>\n<meta property=\"og:url\" content=\"https:\/\/botanicapetit.es\/en\/product\/vestido-julieta\/\" \/>\n<meta property=\"og:site_name\" content=\"Bota\u0301nica Petit\" \/>\n<meta property=\"article:modified_time\" content=\"2025-12-03T17:40:29+00:00\" \/>\n<meta property=\"og:image\" content=\"https:\/\/botanicapetit.es\/wp-content\/uploads\/2025\/12\/Photoroom_20251203_175821.webp\" \/>\n\t<meta property=\"og:image:width\" content=\"1024\" \/>\n\t<meta property=\"og:image:height\" content=\"1024\" \/>\n\t<meta property=\"og:image:type\" content=\"image\/jpeg\" \/>\n<meta name=\"twitter:card\" content=\"summary_large_image\" \/>\n<meta name=\"twitter:label1\" content=\"Est. reading time\" \/>\n\t<meta name=\"twitter:data1\" content=\"2 minutes\" \/>\n<script type=\"application\/ld+json\" class=\"yoast-schema-graph\">{\"@context\":\"https:\/\/schema.org\",\"@graph\":[{\"@type\":\"WebPage\",\"@id\":\"https:\/\/botanicapetit.es\/producto\/vestido-julieta\/\",\"url\":\"https:\/\/botanicapetit.es\/producto\/vestido-julieta\/\",\"name\":\"Vestido Julieta - Bota\u0301nica Petit\",\"isPartOf\":{\"@id\":\"https:\/\/botanicapetit.es\/#website\"},\"primaryImageOfPage\":{\"@id\":\"https:\/\/botanicapetit.es\/producto\/vestido-julieta\/#primaryimage\"},\"image\":{\"@id\":\"https:\/\/botanicapetit.es\/producto\/vestido-julieta\/#primaryimage\"},\"thumbnailUrl\":\"https:\/\/botanicapetit.es\/wp-content\/uploads\/2025\/12\/Photoroom_20251203_175821.webp\",\"datePublished\":\"2025-12-03T17:39:12+00:00\",\"dateModified\":\"2025-12-03T17:40:29+00:00\",\"breadcrumb\":{\"@id\":\"https:\/\/botanicapetit.es\/producto\/vestido-julieta\/#breadcrumb\"},\"inLanguage\":\"en-US\",\"potentialAction\":[{\"@type\":\"ReadAction\",\"target\":[\"https:\/\/botanicapetit.es\/producto\/vestido-julieta\/\"]}]},{\"@type\":\"ImageObject\",\"inLanguage\":\"en-US\",\"@id\":\"https:\/\/botanicapetit.es\/producto\/vestido-julieta\/#primaryimage\",\"url\":\"https:\/\/botanicapetit.es\/wp-content\/uploads\/2025\/12\/Photoroom_20251203_175821.webp\",\"contentUrl\":\"https:\/\/botanicapetit.es\/wp-content\/uploads\/2025\/12\/Photoroom_20251203_175821.webp\",\"width\":1024,\"height\":1024},{\"@type\":\"BreadcrumbList\",\"@id\":\"https:\/\/botanicapetit.es\/producto\/vestido-julieta\/#breadcrumb\",\"itemListElement\":[{\"@type\":\"ListItem\",\"position\":1,\"name\":\"Portada\",\"item\":\"https:\/\/botanicapetit.es\/\"},{\"@type\":\"ListItem\",\"position\":2,\"name\":\"Tienda\",\"item\":\"https:\/\/botanicapetit.es\/tienda\/\"},{\"@type\":\"ListItem\",\"position\":3,\"name\":\"Vestido Julieta\"}]},{\"@type\":\"WebSite\",\"@id\":\"https:\/\/botanicapetit.es\/#website\",\"url\":\"https:\/\/botanicapetit.es\/\",\"name\":\"Bota\u0301nica Petit\",\"description\":\"Just another WordPress site\",\"publisher\":{\"@id\":\"https:\/\/botanicapetit.es\/#organization\"},\"potentialAction\":[{\"@type\":\"SearchAction\",\"target\":{\"@type\":\"EntryPoint\",\"urlTemplate\":\"https:\/\/botanicapetit.es\/?s={search_term_string}\"},\"query-input\":{\"@type\":\"PropertyValueSpecification\",\"valueRequired\":true,\"valueName\":\"search_term_string\"}}],\"inLanguage\":\"en-US\"},{\"@type\":\"Organization\",\"@id\":\"https:\/\/botanicapetit.es\/#organization\",\"name\":\"Bota\u0301nica Petit\",\"url\":\"https:\/\/botanicapetit.es\/\",\"logo\":{\"@type\":\"ImageObject\",\"inLanguage\":\"en-US\",\"@id\":\"https:\/\/botanicapetit.es\/#\/schema\/logo\/image\/\",\"url\":\"https:\/\/botanicapetit.es\/wp-content\/uploads\/2021\/03\/LOGO-BPETIT.png\",\"contentUrl\":\"https:\/\/botanicapetit.es\/wp-content\/uploads\/2021\/03\/LOGO-BPETIT.png\",\"width\":439,\"height\":455,\"caption\":\"Bota\u0301nica Petit\"},\"image\":{\"@id\":\"https:\/\/botanicapetit.es\/#\/schema\/logo\/image\/\"}}]}<\/script>\n<!-- \/ Yoast SEO plugin. -->","yoast_head_json":{"title":"Vestido Julieta - Bota\u0301nica Petit","robots":{"index":"index","follow":"follow","max-snippet":"max-snippet:-1","max-image-preview":"max-image-preview:large","max-video-preview":"max-video-preview:-1"},"canonical":"https:\/\/botanicapetit.es\/en\/product\/vestido-julieta\/","og_locale":"en_US","og_type":"article","og_title":"Vestido Julieta - Bota\u0301nica Petit","og_description":"vestido corte evas\u00e9 con vuelo, mangan ranglan larga, y cuello volante. Lleva mandil que remata en la espalda con una lazada XL! en la parte de arriba del mandil pod\u00e9is elegir que lleve una tira de terciopelo (os dejamos los colores disponibles en la galer\u00eda de fotos del producto) pod\u00e9is elegir dos telas, en este [&hellip;]","og_url":"https:\/\/botanicapetit.es\/en\/product\/vestido-julieta\/","og_site_name":"Bota\u0301nica Petit","article_modified_time":"2025-12-03T17:40:29+00:00","og_image":[{"width":1024,"height":1024,"url":"https:\/\/botanicapetit.es\/wp-content\/uploads\/2025\/12\/Photoroom_20251203_175821.webp","type":"image\/jpeg"}],"twitter_card":"summary_large_image","twitter_misc":{"Est. reading time":"2 minutes"},"schema":{"@context":"https:\/\/schema.org","@graph":[{"@type":"WebPage","@id":"https:\/\/botanicapetit.es\/producto\/vestido-julieta\/","url":"https:\/\/botanicapetit.es\/producto\/vestido-julieta\/","name":"Vestido Julieta - Bota\u0301nica Petit","isPartOf":{"@id":"https:\/\/botanicapetit.es\/#website"},"primaryImageOfPage":{"@id":"https:\/\/botanicapetit.es\/producto\/vestido-julieta\/#primaryimage"},"image":{"@id":"https:\/\/botanicapetit.es\/producto\/vestido-julieta\/#primaryimage"},"thumbnailUrl":"https:\/\/botanicapetit.es\/wp-content\/uploads\/2025\/12\/Photoroom_20251203_175821.webp","datePublished":"2025-12-03T17:39:12+00:00","dateModified":"2025-12-03T17:40:29+00:00","breadcrumb":{"@id":"https:\/\/botanicapetit.es\/producto\/vestido-julieta\/#breadcrumb"},"inLanguage":"en-US","potentialAction":[{"@type":"ReadAction","target":["https:\/\/botanicapetit.es\/producto\/vestido-julieta\/"]}]},{"@type":"ImageObject","inLanguage":"en-US","@id":"https:\/\/botanicapetit.es\/producto\/vestido-julieta\/#primaryimage","url":"https:\/\/botanicapetit.es\/wp-content\/uploads\/2025\/12\/Photoroom_20251203_175821.webp","contentUrl":"https:\/\/botanicapetit.es\/wp-content\/uploads\/2025\/12\/Photoroom_20251203_175821.webp","width":1024,"height":1024},{"@type":"BreadcrumbList","@id":"https:\/\/botanicapetit.es\/producto\/vestido-julieta\/#breadcrumb","itemListElement":[{"@type":"ListItem","position":1,"name":"Portada","item":"https:\/\/botanicapetit.es\/"},{"@type":"ListItem","position":2,"name":"Tienda","item":"https:\/\/botanicapetit.es\/tienda\/"},{"@type":"ListItem","position":3,"name":"Vestido Julieta"}]},{"@type":"WebSite","@id":"https:\/\/botanicapetit.es\/#website","url":"https:\/\/botanicapetit.es\/","name":"Petit Botany","description":"Just another WordPress site","publisher":{"@id":"https:\/\/botanicapetit.es\/#organization"},"potentialAction":[{"@type":"SearchAction","target":{"@type":"EntryPoint","urlTemplate":"https:\/\/botanicapetit.es\/?s={search_term_string}"},"query-input":{"@type":"PropertyValueSpecification","valueRequired":true,"valueName":"search_term_string"}}],"inLanguage":"en-US"},{"@type":"Organization","@id":"https:\/\/botanicapetit.es\/#organization","name":"Petit Botany","url":"https:\/\/botanicapetit.es\/","logo":{"@type":"ImageObject","inLanguage":"en-US","@id":"https:\/\/botanicapetit.es\/#\/schema\/logo\/image\/","url":"https:\/\/botanicapetit.es\/wp-content\/uploads\/2021\/03\/LOGO-BPETIT.png","contentUrl":"https:\/\/botanicapetit.es\/wp-content\/uploads\/2021\/03\/LOGO-BPETIT.png","width":439,"height":455,"caption":"Bota\u0301nica Petit"},"image":{"@id":"https:\/\/botanicapetit.es\/#\/schema\/logo\/image\/"}}]}},"_links":{"self":[{"href":"https:\/\/botanicapetit.es\/en\/wp-json\/wp\/v2\/product\/17849","targetHints":{"allow":["GET"]}}],"collection":[{"href":"https:\/\/botanicapetit.es\/en\/wp-json\/wp\/v2\/product"}],"about":[{"href":"https:\/\/botanicapetit.es\/en\/wp-json\/wp\/v2\/types\/product"}],"wp:featuredmedia":[{"embeddable":true,"href":"https:\/\/botanicapetit.es\/en\/wp-json\/wp\/v2\/media\/17855"}],"wp:attachment":[{"href":"https:\/\/botanicapetit.es\/en\/wp-json\/wp\/v2\/media?parent=17849"}],"wp:term":[{"taxonomy":"product_brand","embeddable":true,"href":"https:\/\/botanicapetit.es\/en\/wp-json\/wp\/v2\/product_brand?post=17849"},{"taxonomy":"product_cat","embeddable":true,"href":"https:\/\/botanicapetit.es\/en\/wp-json\/wp\/v2\/product_cat?post=17849"},{"taxonomy":"product_tag","embeddable":true,"href":"https:\/\/botanicapetit.es\/en\/wp-json\/wp\/v2\/product_tag?post=17849"}],"curies":[{"name":"wp","href":"https:\/\/api.w.org\/{rel}","templated":true}]}}