{"id":17771,"date":"2025-11-16T10:29:15","date_gmt":"2025-11-16T10:29:15","guid":{"rendered":"https:\/\/botanicapetit.es\/?post_type=product&#038;p=17771"},"modified":"2026-03-09T10:48:02","modified_gmt":"2026-03-09T10:48:02","slug":"capota-camelia","status":"publish","type":"product","link":"https:\/\/botanicapetit.es\/en\/product\/capota-camelia\/","title":{"rendered":"Capota Camelia"},"content":{"rendered":"<p>Combina las telas que m\u00e1s te gusten para hacer tu capota camelia.<\/p>\n<p>Capota con volante delantero y lazada de una tela que recorre la parte superior y base de la capota de otra.<\/p>\n<p>En este modelo pod\u00e9is elegir dos telas, una para la base de la capota y\u00a0 para el volante y otra para la lazada. Es muy importante que en la casilla de telas especifiqu\u00e9is que tela quer\u00e9is para cada parte, por ejemplo:<\/p>\n<p>\u00abtela 4 y lazada tela 5\u00bb<\/p>\n<p>EN CASO DE QUE QUERAIS CINTAS DE TERCIOPELO,, teneis los colores en la galeria de fotos de este producto. solo teneis que seleccionar el color. en caso de que quer\u00e1is tela, seleccionais la casilla tela y luego lo escrib\u00eds en la casilla de tela.<\/p>\n<p><strong>Depende de la temporada del a\u00f1o para la que quer\u00e1is la capota, deb\u00e9is seleccionar el forro marcando la casilla. Pod\u00e9is elegir entre:<\/strong><\/p>\n<ul>\n<li><strong>forro polar<\/strong><\/li>\n<li><strong>borreguito<\/strong><\/li>\n<li><strong>y, forro de verano<\/strong><\/li>\n<\/ul>\n<p><strong>En el cuadro de elecci\u00f3n de telas debes escribir el n\u00famero de tela en el que \u00a0quieres este producto \u00a0y seleccionar en la casilla de arriba el tama\u00f1o (edad) y el forro interior de la capota, color terciopelo( en caso de que quer\u00e1is terciopelo, si no seleccionais en esa casilla &#8220;tela&#8221; y lo escribis en la casilla de tela\u00a0<\/strong><\/p>\n<p>&nbsp;<\/p>\n<p>ej:<\/p>\n<p>(quereis capota con cinta en tela) escribis en la casilla: capota tela 1, lazada tela 2. (poneis las telas que os gusten )<\/p>\n<p>si quereis que sea en tercipelo, solo seleccionais el color y luego en la casilla de tela escribis : tela 5<\/p>\n<p>( la que os guste )<\/p>","protected":false},"excerpt":{"rendered":"<p>Combina las telas que m\u00e1s te gusten para hacer tu capota camelia. Capota con volante delantero y lazada de una tela que recorre la parte superior y base de la capota de otra. En este modelo pod\u00e9is elegir dos telas, una para la base de la capota y\u00a0 para el volante y otra para la [&hellip;]<\/p>\n","protected":false},"featured_media":17775,"template":"","meta":{"om_disable_all_campaigns":false,"site-sidebar-layout":"default","site-content-layout":"","ast-site-content-layout":"default","site-content-style":"default","site-sidebar-style":"default","ast-global-header-display":"","ast-banner-title-visibility":"","ast-main-header-display":"","ast-hfb-above-header-display":"","ast-hfb-below-header-display":"","ast-hfb-mobile-header-display":"","site-post-title":"","ast-breadcrumbs-content":"","ast-featured-img":"","footer-sml-layout":"","ast-disable-related-posts":"","theme-transparent-header-meta":"default","adv-header-id-meta":"","stick-header-meta":"","header-above-stick-meta":"","header-main-stick-meta":"","header-below-stick-meta":"","astra-migrate-meta-layouts":"set","ast-page-background-enabled":"default","ast-page-background-meta":{"desktop":{"background-color":"","background-image":"","background-repeat":"repeat","background-position":"center center","background-size":"auto","background-attachment":"scroll","background-type":"","background-media":"","overlay-type":"","overlay-color":"","overlay-opacity":"","overlay-gradient":""},"tablet":{"background-color":"","background-image":"","background-repeat":"repeat","background-position":"center center","background-size":"auto","background-attachment":"scroll","background-type":"","background-media":"","overlay-type":"","overlay-color":"","overlay-opacity":"","overlay-gradient":""},"mobile":{"background-color":"","background-image":"","background-repeat":"repeat","background-position":"center center","background-size":"auto","background-attachment":"scroll","background-type":"","background-media":"","overlay-type":"","overlay-color":"","overlay-opacity":"","overlay-gradient":""}},"ast-content-background-meta":{"desktop":{"background-color":"var(--ast-global-color-5)","background-image":"","background-repeat":"repeat","background-position":"center center","background-size":"auto","background-attachment":"scroll","background-type":"","background-media":"","overlay-type":"","overlay-color":"","overlay-opacity":"","overlay-gradient":""},"tablet":{"background-color":"var(--ast-global-color-5)","background-image":"","background-repeat":"repeat","background-position":"center center","background-size":"auto","background-attachment":"scroll","background-type":"","background-media":"","overlay-type":"","overlay-color":"","overlay-opacity":"","overlay-gradient":""},"mobile":{"background-color":"var(--ast-global-color-5)","background-image":"","background-repeat":"repeat","background-position":"center center","background-size":"auto","background-attachment":"scroll","background-type":"","background-media":"","overlay-type":"","overlay-color":"","overlay-opacity":"","overlay-gradient":""}}},"product_brand":[],"product_cat":[41,34],"product_tag":[],"class_list":{"0":"post-17771","1":"product","2":"type-product","3":"status-publish","4":"has-post-thumbnail","6":"product_cat-capotas","7":"product_cat-ropa","8":"desktop-align-left","9":"tablet-align-left","10":"mobile-align-left","12":"first","13":"instock","14":"shipping-taxable","15":"purchasable","16":"product-type-variable","17":"rtwpvs-product"},"yoast_head":"<!-- This site is optimized with the Yoast SEO plugin v26.8 - https:\/\/yoast.com\/product\/yoast-seo-wordpress\/ -->\n<title>Capota Camelia - Bota\u0301nica Petit<\/title>\n<meta name=\"robots\" content=\"index, follow, max-snippet:-1, max-image-preview:large, max-video-preview:-1\" \/>\n<link rel=\"canonical\" href=\"https:\/\/botanicapetit.es\/en\/product\/capota-camelia\/\" \/>\n<meta property=\"og:locale\" content=\"en_US\" \/>\n<meta property=\"og:type\" content=\"article\" \/>\n<meta property=\"og:title\" content=\"Capota Camelia - Bota\u0301nica Petit\" \/>\n<meta property=\"og:description\" content=\"Combina las telas que m\u00e1s te gusten para hacer tu capota camelia. Capota con volante delantero y lazada de una tela que recorre la parte superior y base de la capota de otra. En este modelo pod\u00e9is elegir dos telas, una para la base de la capota y\u00a0 para el volante y otra para la [&hellip;]\" \/>\n<meta property=\"og:url\" content=\"https:\/\/botanicapetit.es\/en\/product\/capota-camelia\/\" \/>\n<meta property=\"og:site_name\" content=\"Bota\u0301nica Petit\" \/>\n<meta property=\"article:modified_time\" content=\"2026-03-09T10:48:02+00:00\" \/>\n<meta property=\"og:image\" content=\"https:\/\/botanicapetit.es\/wp-content\/uploads\/2025\/11\/Photoroom_20251116_105045.webp\" \/>\n\t<meta property=\"og:image:width\" content=\"1024\" \/>\n\t<meta property=\"og:image:height\" content=\"1024\" \/>\n\t<meta property=\"og:image:type\" content=\"image\/jpeg\" \/>\n<meta name=\"twitter:card\" content=\"summary_large_image\" \/>\n<meta name=\"twitter:label1\" content=\"Est. reading time\" \/>\n\t<meta name=\"twitter:data1\" content=\"2 minutes\" \/>\n<script type=\"application\/ld+json\" class=\"yoast-schema-graph\">{\"@context\":\"https:\/\/schema.org\",\"@graph\":[{\"@type\":\"WebPage\",\"@id\":\"https:\/\/botanicapetit.es\/producto\/capota-camelia\/\",\"url\":\"https:\/\/botanicapetit.es\/producto\/capota-camelia\/\",\"name\":\"Capota Camelia - Bota\u0301nica Petit\",\"isPartOf\":{\"@id\":\"https:\/\/botanicapetit.es\/#website\"},\"primaryImageOfPage\":{\"@id\":\"https:\/\/botanicapetit.es\/producto\/capota-camelia\/#primaryimage\"},\"image\":{\"@id\":\"https:\/\/botanicapetit.es\/producto\/capota-camelia\/#primaryimage\"},\"thumbnailUrl\":\"https:\/\/botanicapetit.es\/wp-content\/uploads\/2025\/11\/Photoroom_20251116_105045.webp\",\"datePublished\":\"2025-11-16T10:29:15+00:00\",\"dateModified\":\"2026-03-09T10:48:02+00:00\",\"breadcrumb\":{\"@id\":\"https:\/\/botanicapetit.es\/producto\/capota-camelia\/#breadcrumb\"},\"inLanguage\":\"en-US\",\"potentialAction\":[{\"@type\":\"ReadAction\",\"target\":[\"https:\/\/botanicapetit.es\/producto\/capota-camelia\/\"]}]},{\"@type\":\"ImageObject\",\"inLanguage\":\"en-US\",\"@id\":\"https:\/\/botanicapetit.es\/producto\/capota-camelia\/#primaryimage\",\"url\":\"https:\/\/botanicapetit.es\/wp-content\/uploads\/2025\/11\/Photoroom_20251116_105045.webp\",\"contentUrl\":\"https:\/\/botanicapetit.es\/wp-content\/uploads\/2025\/11\/Photoroom_20251116_105045.webp\",\"width\":1024,\"height\":1024},{\"@type\":\"BreadcrumbList\",\"@id\":\"https:\/\/botanicapetit.es\/producto\/capota-camelia\/#breadcrumb\",\"itemListElement\":[{\"@type\":\"ListItem\",\"position\":1,\"name\":\"Portada\",\"item\":\"https:\/\/botanicapetit.es\/\"},{\"@type\":\"ListItem\",\"position\":2,\"name\":\"Tienda\",\"item\":\"https:\/\/botanicapetit.es\/tienda\/\"},{\"@type\":\"ListItem\",\"position\":3,\"name\":\"Capota Camelia\"}]},{\"@type\":\"WebSite\",\"@id\":\"https:\/\/botanicapetit.es\/#website\",\"url\":\"https:\/\/botanicapetit.es\/\",\"name\":\"Bota\u0301nica Petit\",\"description\":\"Just another WordPress site\",\"publisher\":{\"@id\":\"https:\/\/botanicapetit.es\/#organization\"},\"potentialAction\":[{\"@type\":\"SearchAction\",\"target\":{\"@type\":\"EntryPoint\",\"urlTemplate\":\"https:\/\/botanicapetit.es\/?s={search_term_string}\"},\"query-input\":{\"@type\":\"PropertyValueSpecification\",\"valueRequired\":true,\"valueName\":\"search_term_string\"}}],\"inLanguage\":\"en-US\"},{\"@type\":\"Organization\",\"@id\":\"https:\/\/botanicapetit.es\/#organization\",\"name\":\"Bota\u0301nica Petit\",\"url\":\"https:\/\/botanicapetit.es\/\",\"logo\":{\"@type\":\"ImageObject\",\"inLanguage\":\"en-US\",\"@id\":\"https:\/\/botanicapetit.es\/#\/schema\/logo\/image\/\",\"url\":\"https:\/\/botanicapetit.es\/wp-content\/uploads\/2021\/03\/LOGO-BPETIT.png\",\"contentUrl\":\"https:\/\/botanicapetit.es\/wp-content\/uploads\/2021\/03\/LOGO-BPETIT.png\",\"width\":439,\"height\":455,\"caption\":\"Bota\u0301nica Petit\"},\"image\":{\"@id\":\"https:\/\/botanicapetit.es\/#\/schema\/logo\/image\/\"}}]}<\/script>\n<!-- \/ Yoast SEO plugin. -->","yoast_head_json":{"title":"Capota Camelia - Bota\u0301nica Petit","robots":{"index":"index","follow":"follow","max-snippet":"max-snippet:-1","max-image-preview":"max-image-preview:large","max-video-preview":"max-video-preview:-1"},"canonical":"https:\/\/botanicapetit.es\/en\/product\/capota-camelia\/","og_locale":"en_US","og_type":"article","og_title":"Capota Camelia - Bota\u0301nica Petit","og_description":"Combina las telas que m\u00e1s te gusten para hacer tu capota camelia. Capota con volante delantero y lazada de una tela que recorre la parte superior y base de la capota de otra. En este modelo pod\u00e9is elegir dos telas, una para la base de la capota y\u00a0 para el volante y otra para la [&hellip;]","og_url":"https:\/\/botanicapetit.es\/en\/product\/capota-camelia\/","og_site_name":"Bota\u0301nica Petit","article_modified_time":"2026-03-09T10:48:02+00:00","og_image":[{"width":1024,"height":1024,"url":"https:\/\/botanicapetit.es\/wp-content\/uploads\/2025\/11\/Photoroom_20251116_105045.webp","type":"image\/jpeg"}],"twitter_card":"summary_large_image","twitter_misc":{"Est. reading time":"2 minutes"},"schema":{"@context":"https:\/\/schema.org","@graph":[{"@type":"WebPage","@id":"https:\/\/botanicapetit.es\/producto\/capota-camelia\/","url":"https:\/\/botanicapetit.es\/producto\/capota-camelia\/","name":"Capota Camelia - Bota\u0301nica Petit","isPartOf":{"@id":"https:\/\/botanicapetit.es\/#website"},"primaryImageOfPage":{"@id":"https:\/\/botanicapetit.es\/producto\/capota-camelia\/#primaryimage"},"image":{"@id":"https:\/\/botanicapetit.es\/producto\/capota-camelia\/#primaryimage"},"thumbnailUrl":"https:\/\/botanicapetit.es\/wp-content\/uploads\/2025\/11\/Photoroom_20251116_105045.webp","datePublished":"2025-11-16T10:29:15+00:00","dateModified":"2026-03-09T10:48:02+00:00","breadcrumb":{"@id":"https:\/\/botanicapetit.es\/producto\/capota-camelia\/#breadcrumb"},"inLanguage":"en-US","potentialAction":[{"@type":"ReadAction","target":["https:\/\/botanicapetit.es\/producto\/capota-camelia\/"]}]},{"@type":"ImageObject","inLanguage":"en-US","@id":"https:\/\/botanicapetit.es\/producto\/capota-camelia\/#primaryimage","url":"https:\/\/botanicapetit.es\/wp-content\/uploads\/2025\/11\/Photoroom_20251116_105045.webp","contentUrl":"https:\/\/botanicapetit.es\/wp-content\/uploads\/2025\/11\/Photoroom_20251116_105045.webp","width":1024,"height":1024},{"@type":"BreadcrumbList","@id":"https:\/\/botanicapetit.es\/producto\/capota-camelia\/#breadcrumb","itemListElement":[{"@type":"ListItem","position":1,"name":"Portada","item":"https:\/\/botanicapetit.es\/"},{"@type":"ListItem","position":2,"name":"Tienda","item":"https:\/\/botanicapetit.es\/tienda\/"},{"@type":"ListItem","position":3,"name":"Capota Camelia"}]},{"@type":"WebSite","@id":"https:\/\/botanicapetit.es\/#website","url":"https:\/\/botanicapetit.es\/","name":"Petit Botany","description":"Just another WordPress site","publisher":{"@id":"https:\/\/botanicapetit.es\/#organization"},"potentialAction":[{"@type":"SearchAction","target":{"@type":"EntryPoint","urlTemplate":"https:\/\/botanicapetit.es\/?s={search_term_string}"},"query-input":{"@type":"PropertyValueSpecification","valueRequired":true,"valueName":"search_term_string"}}],"inLanguage":"en-US"},{"@type":"Organization","@id":"https:\/\/botanicapetit.es\/#organization","name":"Petit Botany","url":"https:\/\/botanicapetit.es\/","logo":{"@type":"ImageObject","inLanguage":"en-US","@id":"https:\/\/botanicapetit.es\/#\/schema\/logo\/image\/","url":"https:\/\/botanicapetit.es\/wp-content\/uploads\/2021\/03\/LOGO-BPETIT.png","contentUrl":"https:\/\/botanicapetit.es\/wp-content\/uploads\/2021\/03\/LOGO-BPETIT.png","width":439,"height":455,"caption":"Bota\u0301nica Petit"},"image":{"@id":"https:\/\/botanicapetit.es\/#\/schema\/logo\/image\/"}}]}},"_links":{"self":[{"href":"https:\/\/botanicapetit.es\/en\/wp-json\/wp\/v2\/product\/17771","targetHints":{"allow":["GET"]}}],"collection":[{"href":"https:\/\/botanicapetit.es\/en\/wp-json\/wp\/v2\/product"}],"about":[{"href":"https:\/\/botanicapetit.es\/en\/wp-json\/wp\/v2\/types\/product"}],"wp:featuredmedia":[{"embeddable":true,"href":"https:\/\/botanicapetit.es\/en\/wp-json\/wp\/v2\/media\/17775"}],"wp:attachment":[{"href":"https:\/\/botanicapetit.es\/en\/wp-json\/wp\/v2\/media?parent=17771"}],"wp:term":[{"taxonomy":"product_brand","embeddable":true,"href":"https:\/\/botanicapetit.es\/en\/wp-json\/wp\/v2\/product_brand?post=17771"},{"taxonomy":"product_cat","embeddable":true,"href":"https:\/\/botanicapetit.es\/en\/wp-json\/wp\/v2\/product_cat?post=17771"},{"taxonomy":"product_tag","embeddable":true,"href":"https:\/\/botanicapetit.es\/en\/wp-json\/wp\/v2\/product_tag?post=17771"}],"curies":[{"name":"wp","href":"https:\/\/api.w.org\/{rel}","templated":true}]}}