{"id":16492,"date":"2025-03-23T09:49:54","date_gmt":"2025-03-23T09:49:54","guid":{"rendered":"https:\/\/botanicapetit.es\/?post_type=product&#038;p=16492"},"modified":"2025-03-24T12:20:38","modified_gmt":"2025-03-24T12:20:38","slug":"vestido-manga-larga-con-mandil-intercambiable","status":"publish","type":"product","link":"https:\/\/botanicapetit.es\/en\/product\/vestido-manga-larga-con-mandil-intercambiable\/","title":{"rendered":"Vestido Teresa con mandil"},"content":{"rendered":"<p>el vestido viene con un mandil!<\/p>\n<p>vestido con cuello volante mao, manga larga con fruncido que hace un mini volante en la manga, botonadura delantera (se abre hasta la cintura por el frontal) y mandil que se une con 3 botones.<\/p>\n<p>el mandil es extra\u00edble por lo que pod\u00e9is encargar mandiles extra aparte! ( solo 10\u20ac , lo encontrar\u00e9is en la <em>secci\u00f3n de complementos<\/em> , en la categoria de tirantes, mandiles y capas).<\/p>\n<p>Recordad que pod\u00e9is elegir la combinaci\u00f3n que mas os guste!<\/p>\n<p><strong>En el cuadro de elecci\u00f3n de telas debes escribir el n\u00famero de tela en la que \u00a0quieres el vestido y en cual tela el mandil!\u00a0 y seleccionar en la casilla de arriba el tama\u00f1o (edad)\u00a0 y el tipo de bot\u00f3n<\/strong><\/p>\n<ul>\n<li>en el primer ejemplo ( verde y blanco ) han elegido la tela 59.A y el mandil en la tela 1.B<\/li>\n<li>en el segundo ejemplo han elegido una base en micrpana azul gris\u00e1cea (tela 78) y el mandil en flores (tela ya no disponible, pod\u00e9is elegir cualquier otra). ambos han elegido botones de nacar.<\/li>\n<\/ul>\n<p>pod\u00e9is hacer capota a juego, solo ten\u00e9is que ir a la secci\u00f3n de capotas, elegir el modelo que mas os guste y poner la misma tela! y si quereis braguita igual solo debeis de ir a la seccion de braguitas\/Cubres y poner la misma tela ( la del mandil o la de la base del vestido)<\/p>\n<p>(el mandil mide\u00a0 de largo 2 cm menos que el vestido) <strong>IMPORTANTE QUE ME PONGAIS EL LARGO DEL VESTIDO QUE QUER\u00c9IS, DEB\u00c9IS MEDIR DEL HOMBRO (por donde se apoya el bolso cuando lo llevamos colgado) HASTA ABAJO (a donde quieres que le llegue).<\/strong><\/p>\n<p>&nbsp;<\/p>","protected":false},"excerpt":{"rendered":"<p>el vestido viene con un mandil! vestido con cuello volante mao, manga larga con fruncido que hace un mini volante en la manga, botonadura delantera (se abre hasta la cintura por el frontal) y mandil que se une con 3 botones. el mandil es extra\u00edble por lo que pod\u00e9is encargar mandiles extra aparte! ( solo [&hellip;]<\/p>\n","protected":false},"featured_media":16494,"template":"","meta":{"om_disable_all_campaigns":false,"site-sidebar-layout":"default","site-content-layout":"","ast-site-content-layout":"default","site-content-style":"default","site-sidebar-style":"default","ast-global-header-display":"","ast-banner-title-visibility":"","ast-main-header-display":"","ast-hfb-above-header-display":"","ast-hfb-below-header-display":"","ast-hfb-mobile-header-display":"","site-post-title":"","ast-breadcrumbs-content":"","ast-featured-img":"","footer-sml-layout":"","ast-disable-related-posts":"","theme-transparent-header-meta":"default","adv-header-id-meta":"","stick-header-meta":"","header-above-stick-meta":"","header-main-stick-meta":"","header-below-stick-meta":"","astra-migrate-meta-layouts":"set","ast-page-background-enabled":"default","ast-page-background-meta":{"desktop":{"background-color":"","background-image":"","background-repeat":"repeat","background-position":"center center","background-size":"auto","background-attachment":"scroll","background-type":"","background-media":"","overlay-type":"","overlay-color":"","overlay-opacity":"","overlay-gradient":""},"tablet":{"background-color":"","background-image":"","background-repeat":"repeat","background-position":"center center","background-size":"auto","background-attachment":"scroll","background-type":"","background-media":"","overlay-type":"","overlay-color":"","overlay-opacity":"","overlay-gradient":""},"mobile":{"background-color":"","background-image":"","background-repeat":"repeat","background-position":"center center","background-size":"auto","background-attachment":"scroll","background-type":"","background-media":"","overlay-type":"","overlay-color":"","overlay-opacity":"","overlay-gradient":""}},"ast-content-background-meta":{"desktop":{"background-color":"var(--ast-global-color-5)","background-image":"","background-repeat":"repeat","background-position":"center center","background-size":"auto","background-attachment":"scroll","background-type":"","background-media":"","overlay-type":"","overlay-color":"","overlay-opacity":"","overlay-gradient":""},"tablet":{"background-color":"var(--ast-global-color-5)","background-image":"","background-repeat":"repeat","background-position":"center center","background-size":"auto","background-attachment":"scroll","background-type":"","background-media":"","overlay-type":"","overlay-color":"","overlay-opacity":"","overlay-gradient":""},"mobile":{"background-color":"var(--ast-global-color-5)","background-image":"","background-repeat":"repeat","background-position":"center center","background-size":"auto","background-attachment":"scroll","background-type":"","background-media":"","overlay-type":"","overlay-color":"","overlay-opacity":"","overlay-gradient":""}}},"product_brand":[],"product_cat":[98,155,34,35],"product_tag":[],"class_list":{"0":"post-16492","1":"product","2":"type-product","3":"status-publish","4":"has-post-thumbnail","6":"product_cat-ceremonias-eventos-especiales","7":"product_cat-ninas","8":"product_cat-ropa","9":"product_cat-vestidos","10":"desktop-align-left","11":"tablet-align-left","12":"mobile-align-left","14":"first","15":"instock","16":"shipping-taxable","17":"purchasable","18":"product-type-variable","19":"rtwpvs-product"},"yoast_head":"<!-- This site is optimized with the Yoast SEO plugin v26.8 - https:\/\/yoast.com\/product\/yoast-seo-wordpress\/ -->\n<title>Vestido Teresa con mandil - Bota\u0301nica Petit<\/title>\n<meta name=\"robots\" content=\"index, follow, max-snippet:-1, max-image-preview:large, max-video-preview:-1\" \/>\n<link rel=\"canonical\" href=\"https:\/\/botanicapetit.es\/en\/product\/vestido-manga-larga-con-mandil-intercambiable\/\" \/>\n<meta property=\"og:locale\" content=\"en_US\" \/>\n<meta property=\"og:type\" content=\"article\" \/>\n<meta property=\"og:title\" content=\"Vestido Teresa con mandil - Bota\u0301nica Petit\" \/>\n<meta property=\"og:description\" content=\"el vestido viene con un mandil! vestido con cuello volante mao, manga larga con fruncido que hace un mini volante en la manga, botonadura delantera (se abre hasta la cintura por el frontal) y mandil que se une con 3 botones. el mandil es extra\u00edble por lo que pod\u00e9is encargar mandiles extra aparte! ( solo [&hellip;]\" \/>\n<meta property=\"og:url\" content=\"https:\/\/botanicapetit.es\/en\/product\/vestido-manga-larga-con-mandil-intercambiable\/\" \/>\n<meta property=\"og:site_name\" content=\"Bota\u0301nica Petit\" \/>\n<meta property=\"article:modified_time\" content=\"2025-03-24T12:20:38+00:00\" \/>\n<meta property=\"og:image\" content=\"https:\/\/botanicapetit.es\/wp-content\/uploads\/2025\/03\/Photoroom_20250314_194621.webp\" \/>\n\t<meta property=\"og:image:width\" content=\"1024\" \/>\n\t<meta property=\"og:image:height\" content=\"1024\" \/>\n\t<meta property=\"og:image:type\" content=\"image\/jpeg\" \/>\n<meta name=\"twitter:card\" content=\"summary_large_image\" \/>\n<meta name=\"twitter:label1\" content=\"Est. reading time\" \/>\n\t<meta name=\"twitter:data1\" content=\"2 minutes\" \/>\n<script type=\"application\/ld+json\" class=\"yoast-schema-graph\">{\"@context\":\"https:\/\/schema.org\",\"@graph\":[{\"@type\":\"WebPage\",\"@id\":\"https:\/\/botanicapetit.es\/producto\/vestido-manga-larga-con-mandil-intercambiable\/\",\"url\":\"https:\/\/botanicapetit.es\/producto\/vestido-manga-larga-con-mandil-intercambiable\/\",\"name\":\"Vestido Teresa con mandil - Bota\u0301nica Petit\",\"isPartOf\":{\"@id\":\"https:\/\/botanicapetit.es\/#website\"},\"primaryImageOfPage\":{\"@id\":\"https:\/\/botanicapetit.es\/producto\/vestido-manga-larga-con-mandil-intercambiable\/#primaryimage\"},\"image\":{\"@id\":\"https:\/\/botanicapetit.es\/producto\/vestido-manga-larga-con-mandil-intercambiable\/#primaryimage\"},\"thumbnailUrl\":\"https:\/\/botanicapetit.es\/wp-content\/uploads\/2025\/03\/Photoroom_20250314_194621.webp\",\"datePublished\":\"2025-03-23T09:49:54+00:00\",\"dateModified\":\"2025-03-24T12:20:38+00:00\",\"breadcrumb\":{\"@id\":\"https:\/\/botanicapetit.es\/producto\/vestido-manga-larga-con-mandil-intercambiable\/#breadcrumb\"},\"inLanguage\":\"en-US\",\"potentialAction\":[{\"@type\":\"ReadAction\",\"target\":[\"https:\/\/botanicapetit.es\/producto\/vestido-manga-larga-con-mandil-intercambiable\/\"]}]},{\"@type\":\"ImageObject\",\"inLanguage\":\"en-US\",\"@id\":\"https:\/\/botanicapetit.es\/producto\/vestido-manga-larga-con-mandil-intercambiable\/#primaryimage\",\"url\":\"https:\/\/botanicapetit.es\/wp-content\/uploads\/2025\/03\/Photoroom_20250314_194621.webp\",\"contentUrl\":\"https:\/\/botanicapetit.es\/wp-content\/uploads\/2025\/03\/Photoroom_20250314_194621.webp\",\"width\":1024,\"height\":1024},{\"@type\":\"BreadcrumbList\",\"@id\":\"https:\/\/botanicapetit.es\/producto\/vestido-manga-larga-con-mandil-intercambiable\/#breadcrumb\",\"itemListElement\":[{\"@type\":\"ListItem\",\"position\":1,\"name\":\"Portada\",\"item\":\"https:\/\/botanicapetit.es\/\"},{\"@type\":\"ListItem\",\"position\":2,\"name\":\"Tienda\",\"item\":\"https:\/\/botanicapetit.es\/tienda\/\"},{\"@type\":\"ListItem\",\"position\":3,\"name\":\"Vestido Teresa con mandil\"}]},{\"@type\":\"WebSite\",\"@id\":\"https:\/\/botanicapetit.es\/#website\",\"url\":\"https:\/\/botanicapetit.es\/\",\"name\":\"Bota\u0301nica Petit\",\"description\":\"Just another WordPress site\",\"publisher\":{\"@id\":\"https:\/\/botanicapetit.es\/#organization\"},\"potentialAction\":[{\"@type\":\"SearchAction\",\"target\":{\"@type\":\"EntryPoint\",\"urlTemplate\":\"https:\/\/botanicapetit.es\/?s={search_term_string}\"},\"query-input\":{\"@type\":\"PropertyValueSpecification\",\"valueRequired\":true,\"valueName\":\"search_term_string\"}}],\"inLanguage\":\"en-US\"},{\"@type\":\"Organization\",\"@id\":\"https:\/\/botanicapetit.es\/#organization\",\"name\":\"Bota\u0301nica Petit\",\"url\":\"https:\/\/botanicapetit.es\/\",\"logo\":{\"@type\":\"ImageObject\",\"inLanguage\":\"en-US\",\"@id\":\"https:\/\/botanicapetit.es\/#\/schema\/logo\/image\/\",\"url\":\"https:\/\/botanicapetit.es\/wp-content\/uploads\/2021\/03\/LOGO-BPETIT.png\",\"contentUrl\":\"https:\/\/botanicapetit.es\/wp-content\/uploads\/2021\/03\/LOGO-BPETIT.png\",\"width\":439,\"height\":455,\"caption\":\"Bota\u0301nica Petit\"},\"image\":{\"@id\":\"https:\/\/botanicapetit.es\/#\/schema\/logo\/image\/\"}}]}<\/script>\n<!-- \/ Yoast SEO plugin. -->","yoast_head_json":{"title":"Vestido Teresa con mandil - Bota\u0301nica Petit","robots":{"index":"index","follow":"follow","max-snippet":"max-snippet:-1","max-image-preview":"max-image-preview:large","max-video-preview":"max-video-preview:-1"},"canonical":"https:\/\/botanicapetit.es\/en\/product\/vestido-manga-larga-con-mandil-intercambiable\/","og_locale":"en_US","og_type":"article","og_title":"Vestido Teresa con mandil - Bota\u0301nica Petit","og_description":"el vestido viene con un mandil! vestido con cuello volante mao, manga larga con fruncido que hace un mini volante en la manga, botonadura delantera (se abre hasta la cintura por el frontal) y mandil que se une con 3 botones. el mandil es extra\u00edble por lo que pod\u00e9is encargar mandiles extra aparte! ( solo [&hellip;]","og_url":"https:\/\/botanicapetit.es\/en\/product\/vestido-manga-larga-con-mandil-intercambiable\/","og_site_name":"Bota\u0301nica Petit","article_modified_time":"2025-03-24T12:20:38+00:00","og_image":[{"width":1024,"height":1024,"url":"https:\/\/botanicapetit.es\/wp-content\/uploads\/2025\/03\/Photoroom_20250314_194621.webp","type":"image\/jpeg"}],"twitter_card":"summary_large_image","twitter_misc":{"Est. reading time":"2 minutes"},"schema":{"@context":"https:\/\/schema.org","@graph":[{"@type":"WebPage","@id":"https:\/\/botanicapetit.es\/producto\/vestido-manga-larga-con-mandil-intercambiable\/","url":"https:\/\/botanicapetit.es\/producto\/vestido-manga-larga-con-mandil-intercambiable\/","name":"Vestido Teresa con mandil - Bota\u0301nica Petit","isPartOf":{"@id":"https:\/\/botanicapetit.es\/#website"},"primaryImageOfPage":{"@id":"https:\/\/botanicapetit.es\/producto\/vestido-manga-larga-con-mandil-intercambiable\/#primaryimage"},"image":{"@id":"https:\/\/botanicapetit.es\/producto\/vestido-manga-larga-con-mandil-intercambiable\/#primaryimage"},"thumbnailUrl":"https:\/\/botanicapetit.es\/wp-content\/uploads\/2025\/03\/Photoroom_20250314_194621.webp","datePublished":"2025-03-23T09:49:54+00:00","dateModified":"2025-03-24T12:20:38+00:00","breadcrumb":{"@id":"https:\/\/botanicapetit.es\/producto\/vestido-manga-larga-con-mandil-intercambiable\/#breadcrumb"},"inLanguage":"en-US","potentialAction":[{"@type":"ReadAction","target":["https:\/\/botanicapetit.es\/producto\/vestido-manga-larga-con-mandil-intercambiable\/"]}]},{"@type":"ImageObject","inLanguage":"en-US","@id":"https:\/\/botanicapetit.es\/producto\/vestido-manga-larga-con-mandil-intercambiable\/#primaryimage","url":"https:\/\/botanicapetit.es\/wp-content\/uploads\/2025\/03\/Photoroom_20250314_194621.webp","contentUrl":"https:\/\/botanicapetit.es\/wp-content\/uploads\/2025\/03\/Photoroom_20250314_194621.webp","width":1024,"height":1024},{"@type":"BreadcrumbList","@id":"https:\/\/botanicapetit.es\/producto\/vestido-manga-larga-con-mandil-intercambiable\/#breadcrumb","itemListElement":[{"@type":"ListItem","position":1,"name":"Portada","item":"https:\/\/botanicapetit.es\/"},{"@type":"ListItem","position":2,"name":"Tienda","item":"https:\/\/botanicapetit.es\/tienda\/"},{"@type":"ListItem","position":3,"name":"Vestido Teresa con mandil"}]},{"@type":"WebSite","@id":"https:\/\/botanicapetit.es\/#website","url":"https:\/\/botanicapetit.es\/","name":"Petit Botany","description":"Just another WordPress site","publisher":{"@id":"https:\/\/botanicapetit.es\/#organization"},"potentialAction":[{"@type":"SearchAction","target":{"@type":"EntryPoint","urlTemplate":"https:\/\/botanicapetit.es\/?s={search_term_string}"},"query-input":{"@type":"PropertyValueSpecification","valueRequired":true,"valueName":"search_term_string"}}],"inLanguage":"en-US"},{"@type":"Organization","@id":"https:\/\/botanicapetit.es\/#organization","name":"Petit Botany","url":"https:\/\/botanicapetit.es\/","logo":{"@type":"ImageObject","inLanguage":"en-US","@id":"https:\/\/botanicapetit.es\/#\/schema\/logo\/image\/","url":"https:\/\/botanicapetit.es\/wp-content\/uploads\/2021\/03\/LOGO-BPETIT.png","contentUrl":"https:\/\/botanicapetit.es\/wp-content\/uploads\/2021\/03\/LOGO-BPETIT.png","width":439,"height":455,"caption":"Bota\u0301nica Petit"},"image":{"@id":"https:\/\/botanicapetit.es\/#\/schema\/logo\/image\/"}}]}},"_links":{"self":[{"href":"https:\/\/botanicapetit.es\/en\/wp-json\/wp\/v2\/product\/16492","targetHints":{"allow":["GET"]}}],"collection":[{"href":"https:\/\/botanicapetit.es\/en\/wp-json\/wp\/v2\/product"}],"about":[{"href":"https:\/\/botanicapetit.es\/en\/wp-json\/wp\/v2\/types\/product"}],"wp:featuredmedia":[{"embeddable":true,"href":"https:\/\/botanicapetit.es\/en\/wp-json\/wp\/v2\/media\/16494"}],"wp:attachment":[{"href":"https:\/\/botanicapetit.es\/en\/wp-json\/wp\/v2\/media?parent=16492"}],"wp:term":[{"taxonomy":"product_brand","embeddable":true,"href":"https:\/\/botanicapetit.es\/en\/wp-json\/wp\/v2\/product_brand?post=16492"},{"taxonomy":"product_cat","embeddable":true,"href":"https:\/\/botanicapetit.es\/en\/wp-json\/wp\/v2\/product_cat?post=16492"},{"taxonomy":"product_tag","embeddable":true,"href":"https:\/\/botanicapetit.es\/en\/wp-json\/wp\/v2\/product_tag?post=16492"}],"curies":[{"name":"wp","href":"https:\/\/api.w.org\/{rel}","templated":true}]}}