{"id":16113,"date":"2025-02-20T17:05:07","date_gmt":"2025-02-20T17:05:07","guid":{"rendered":"https:\/\/botanicapetit.es\/?post_type=product&#038;p=16113"},"modified":"2025-05-02T19:28:18","modified_gmt":"2025-05-02T19:28:18","slug":"babero-marinero-puntilla","status":"publish","type":"product","link":"https:\/\/botanicapetit.es\/en\/product\/babero-marinero-puntilla\/","title":{"rendered":"Babero marinero puntilla"},"content":{"rendered":"<p>otro babero ideal!<\/p>\n<p>y es que\u2026 que importantes son los baberos!<\/p>\n<p>muchas veces, cuando salimos con los ni\u00f1os, nos damos cuenta que aunque los llevemos ideales vestidos, cuando les ponemos un babero un poco pocho todo el look se desmorona!<\/p>\n<p>por eso decidimos crear baberos tan ideales como estos, para que tu hij@ est\u00e9 perfecto en todo momento! ( y m\u00e1s cuando son beb\u00e9s que est\u00e1n con baberos casi todo el d\u00eda por las babas)<\/p>\n<p>este modelo es cuadrado por delante y por detr\u00e1s, con volante de puntilla que lo rodea en su totalidad (las puntillas se ponen seg\u00fan el stock que tengamos, pero son todas parecidas). se ata con lazada en los laterales y con botones en la parte de atr\u00e1s para que est\u00e9 todo el tiempo bien colocado.<\/p>\n<p>&nbsp;<\/p>\n<p>(hay que tener baberos de combate, pero nosotras recomendamos tener un par de ellos monos SIEMPRE!!)<\/p>\n<p>&nbsp;<\/p>\n<p>elige la tela que m\u00e1s te guste y escr\u00edbela en la casilla\u00a0y pon talla para saber que tama\u00f1o tendremos que confeccionarlo!!( la talla es algo orientativo, para que no le vaya muy grande o muy peque\u00f1o) y los botones que quer\u00e9is para la parte trasera.<\/p>","protected":false},"excerpt":{"rendered":"<p>otro babero ideal! y es que\u2026 que importantes son los baberos! muchas veces, cuando salimos con los ni\u00f1os, nos damos cuenta que aunque los llevemos ideales vestidos, cuando les ponemos un babero un poco pocho todo el look se desmorona! por eso decidimos crear baberos tan ideales como estos, para que tu hij@ est\u00e9 perfecto [&hellip;]<\/p>\n","protected":false},"featured_media":16116,"template":"","meta":{"om_disable_all_campaigns":false,"site-sidebar-layout":"default","site-content-layout":"","ast-site-content-layout":"default","site-content-style":"default","site-sidebar-style":"default","ast-global-header-display":"","ast-banner-title-visibility":"","ast-main-header-display":"","ast-hfb-above-header-display":"","ast-hfb-below-header-display":"","ast-hfb-mobile-header-display":"","site-post-title":"","ast-breadcrumbs-content":"","ast-featured-img":"","footer-sml-layout":"","ast-disable-related-posts":"","theme-transparent-header-meta":"default","adv-header-id-meta":"","stick-header-meta":"","header-above-stick-meta":"","header-main-stick-meta":"","header-below-stick-meta":"","astra-migrate-meta-layouts":"set","ast-page-background-enabled":"default","ast-page-background-meta":{"desktop":{"background-color":"","background-image":"","background-repeat":"repeat","background-position":"center center","background-size":"auto","background-attachment":"scroll","background-type":"","background-media":"","overlay-type":"","overlay-color":"","overlay-opacity":"","overlay-gradient":""},"tablet":{"background-color":"","background-image":"","background-repeat":"repeat","background-position":"center center","background-size":"auto","background-attachment":"scroll","background-type":"","background-media":"","overlay-type":"","overlay-color":"","overlay-opacity":"","overlay-gradient":""},"mobile":{"background-color":"","background-image":"","background-repeat":"repeat","background-position":"center center","background-size":"auto","background-attachment":"scroll","background-type":"","background-media":"","overlay-type":"","overlay-color":"","overlay-opacity":"","overlay-gradient":""}},"ast-content-background-meta":{"desktop":{"background-color":"var(--ast-global-color-5)","background-image":"","background-repeat":"repeat","background-position":"center center","background-size":"auto","background-attachment":"scroll","background-type":"","background-media":"","overlay-type":"","overlay-color":"","overlay-opacity":"","overlay-gradient":""},"tablet":{"background-color":"var(--ast-global-color-5)","background-image":"","background-repeat":"repeat","background-position":"center center","background-size":"auto","background-attachment":"scroll","background-type":"","background-media":"","overlay-type":"","overlay-color":"","overlay-opacity":"","overlay-gradient":""},"mobile":{"background-color":"var(--ast-global-color-5)","background-image":"","background-repeat":"repeat","background-position":"center center","background-size":"auto","background-attachment":"scroll","background-type":"","background-media":"","overlay-type":"","overlay-color":"","overlay-opacity":"","overlay-gradient":""}}},"product_brand":[],"product_cat":[54,156,98,53,34],"product_tag":[],"class_list":{"0":"post-16113","1":"product","2":"type-product","3":"status-publish","4":"has-post-thumbnail","6":"product_cat-baberos","7":"product_cat-bebes","8":"product_cat-ceremonias-eventos-especiales","9":"product_cat-complementos","10":"product_cat-ropa","11":"desktop-align-left","12":"tablet-align-left","13":"mobile-align-left","15":"first","16":"instock","17":"shipping-taxable","18":"purchasable","19":"product-type-variable","20":"rtwpvs-product"},"yoast_head":"<!-- This site is optimized with the Yoast SEO plugin v26.8 - https:\/\/yoast.com\/product\/yoast-seo-wordpress\/ -->\n<title>Babero marinero puntilla - Bota\u0301nica Petit<\/title>\n<meta name=\"robots\" content=\"index, follow, max-snippet:-1, max-image-preview:large, max-video-preview:-1\" \/>\n<link rel=\"canonical\" href=\"https:\/\/botanicapetit.es\/en\/product\/babero-marinero-puntilla\/\" \/>\n<meta property=\"og:locale\" content=\"en_US\" \/>\n<meta property=\"og:type\" content=\"article\" \/>\n<meta property=\"og:title\" content=\"Babero marinero puntilla - Bota\u0301nica Petit\" \/>\n<meta property=\"og:description\" content=\"otro babero ideal! y es que\u2026 que importantes son los baberos! muchas veces, cuando salimos con los ni\u00f1os, nos damos cuenta que aunque los llevemos ideales vestidos, cuando les ponemos un babero un poco pocho todo el look se desmorona! por eso decidimos crear baberos tan ideales como estos, para que tu hij@ est\u00e9 perfecto [&hellip;]\" \/>\n<meta property=\"og:url\" content=\"https:\/\/botanicapetit.es\/en\/product\/babero-marinero-puntilla\/\" \/>\n<meta property=\"og:site_name\" content=\"Bota\u0301nica Petit\" \/>\n<meta property=\"article:modified_time\" content=\"2025-05-02T19:28:18+00:00\" \/>\n<meta property=\"og:image\" content=\"https:\/\/botanicapetit.es\/wp-content\/uploads\/2025\/02\/Photoroom_20250220_174056.webp\" \/>\n\t<meta property=\"og:image:width\" content=\"1024\" \/>\n\t<meta property=\"og:image:height\" content=\"1024\" \/>\n\t<meta property=\"og:image:type\" content=\"image\/jpeg\" \/>\n<meta name=\"twitter:card\" content=\"summary_large_image\" \/>\n<meta name=\"twitter:label1\" content=\"Est. reading time\" \/>\n\t<meta name=\"twitter:data1\" content=\"2 minutes\" \/>\n<script type=\"application\/ld+json\" class=\"yoast-schema-graph\">{\"@context\":\"https:\/\/schema.org\",\"@graph\":[{\"@type\":\"WebPage\",\"@id\":\"https:\/\/botanicapetit.es\/producto\/babero-marinero-puntilla\/\",\"url\":\"https:\/\/botanicapetit.es\/producto\/babero-marinero-puntilla\/\",\"name\":\"Babero marinero puntilla - Bota\u0301nica Petit\",\"isPartOf\":{\"@id\":\"https:\/\/botanicapetit.es\/#website\"},\"primaryImageOfPage\":{\"@id\":\"https:\/\/botanicapetit.es\/producto\/babero-marinero-puntilla\/#primaryimage\"},\"image\":{\"@id\":\"https:\/\/botanicapetit.es\/producto\/babero-marinero-puntilla\/#primaryimage\"},\"thumbnailUrl\":\"https:\/\/botanicapetit.es\/wp-content\/uploads\/2025\/02\/Photoroom_20250220_174056.webp\",\"datePublished\":\"2025-02-20T17:05:07+00:00\",\"dateModified\":\"2025-05-02T19:28:18+00:00\",\"breadcrumb\":{\"@id\":\"https:\/\/botanicapetit.es\/producto\/babero-marinero-puntilla\/#breadcrumb\"},\"inLanguage\":\"en-US\",\"potentialAction\":[{\"@type\":\"ReadAction\",\"target\":[\"https:\/\/botanicapetit.es\/producto\/babero-marinero-puntilla\/\"]}]},{\"@type\":\"ImageObject\",\"inLanguage\":\"en-US\",\"@id\":\"https:\/\/botanicapetit.es\/producto\/babero-marinero-puntilla\/#primaryimage\",\"url\":\"https:\/\/botanicapetit.es\/wp-content\/uploads\/2025\/02\/Photoroom_20250220_174056.webp\",\"contentUrl\":\"https:\/\/botanicapetit.es\/wp-content\/uploads\/2025\/02\/Photoroom_20250220_174056.webp\",\"width\":1024,\"height\":1024},{\"@type\":\"BreadcrumbList\",\"@id\":\"https:\/\/botanicapetit.es\/producto\/babero-marinero-puntilla\/#breadcrumb\",\"itemListElement\":[{\"@type\":\"ListItem\",\"position\":1,\"name\":\"Portada\",\"item\":\"https:\/\/botanicapetit.es\/\"},{\"@type\":\"ListItem\",\"position\":2,\"name\":\"Tienda\",\"item\":\"https:\/\/botanicapetit.es\/tienda\/\"},{\"@type\":\"ListItem\",\"position\":3,\"name\":\"Babero marinero puntilla\"}]},{\"@type\":\"WebSite\",\"@id\":\"https:\/\/botanicapetit.es\/#website\",\"url\":\"https:\/\/botanicapetit.es\/\",\"name\":\"Bota\u0301nica Petit\",\"description\":\"Just another WordPress site\",\"publisher\":{\"@id\":\"https:\/\/botanicapetit.es\/#organization\"},\"potentialAction\":[{\"@type\":\"SearchAction\",\"target\":{\"@type\":\"EntryPoint\",\"urlTemplate\":\"https:\/\/botanicapetit.es\/?s={search_term_string}\"},\"query-input\":{\"@type\":\"PropertyValueSpecification\",\"valueRequired\":true,\"valueName\":\"search_term_string\"}}],\"inLanguage\":\"en-US\"},{\"@type\":\"Organization\",\"@id\":\"https:\/\/botanicapetit.es\/#organization\",\"name\":\"Bota\u0301nica Petit\",\"url\":\"https:\/\/botanicapetit.es\/\",\"logo\":{\"@type\":\"ImageObject\",\"inLanguage\":\"en-US\",\"@id\":\"https:\/\/botanicapetit.es\/#\/schema\/logo\/image\/\",\"url\":\"https:\/\/botanicapetit.es\/wp-content\/uploads\/2021\/03\/LOGO-BPETIT.png\",\"contentUrl\":\"https:\/\/botanicapetit.es\/wp-content\/uploads\/2021\/03\/LOGO-BPETIT.png\",\"width\":439,\"height\":455,\"caption\":\"Bota\u0301nica Petit\"},\"image\":{\"@id\":\"https:\/\/botanicapetit.es\/#\/schema\/logo\/image\/\"}}]}<\/script>\n<!-- \/ Yoast SEO plugin. -->","yoast_head_json":{"title":"Babero marinero puntilla - Bota\u0301nica Petit","robots":{"index":"index","follow":"follow","max-snippet":"max-snippet:-1","max-image-preview":"max-image-preview:large","max-video-preview":"max-video-preview:-1"},"canonical":"https:\/\/botanicapetit.es\/en\/product\/babero-marinero-puntilla\/","og_locale":"en_US","og_type":"article","og_title":"Babero marinero puntilla - Bota\u0301nica Petit","og_description":"otro babero ideal! y es que\u2026 que importantes son los baberos! muchas veces, cuando salimos con los ni\u00f1os, nos damos cuenta que aunque los llevemos ideales vestidos, cuando les ponemos un babero un poco pocho todo el look se desmorona! por eso decidimos crear baberos tan ideales como estos, para que tu hij@ est\u00e9 perfecto [&hellip;]","og_url":"https:\/\/botanicapetit.es\/en\/product\/babero-marinero-puntilla\/","og_site_name":"Bota\u0301nica Petit","article_modified_time":"2025-05-02T19:28:18+00:00","og_image":[{"width":1024,"height":1024,"url":"https:\/\/botanicapetit.es\/wp-content\/uploads\/2025\/02\/Photoroom_20250220_174056.webp","type":"image\/jpeg"}],"twitter_card":"summary_large_image","twitter_misc":{"Est. reading time":"2 minutes"},"schema":{"@context":"https:\/\/schema.org","@graph":[{"@type":"WebPage","@id":"https:\/\/botanicapetit.es\/producto\/babero-marinero-puntilla\/","url":"https:\/\/botanicapetit.es\/producto\/babero-marinero-puntilla\/","name":"Babero marinero puntilla - Bota\u0301nica Petit","isPartOf":{"@id":"https:\/\/botanicapetit.es\/#website"},"primaryImageOfPage":{"@id":"https:\/\/botanicapetit.es\/producto\/babero-marinero-puntilla\/#primaryimage"},"image":{"@id":"https:\/\/botanicapetit.es\/producto\/babero-marinero-puntilla\/#primaryimage"},"thumbnailUrl":"https:\/\/botanicapetit.es\/wp-content\/uploads\/2025\/02\/Photoroom_20250220_174056.webp","datePublished":"2025-02-20T17:05:07+00:00","dateModified":"2025-05-02T19:28:18+00:00","breadcrumb":{"@id":"https:\/\/botanicapetit.es\/producto\/babero-marinero-puntilla\/#breadcrumb"},"inLanguage":"en-US","potentialAction":[{"@type":"ReadAction","target":["https:\/\/botanicapetit.es\/producto\/babero-marinero-puntilla\/"]}]},{"@type":"ImageObject","inLanguage":"en-US","@id":"https:\/\/botanicapetit.es\/producto\/babero-marinero-puntilla\/#primaryimage","url":"https:\/\/botanicapetit.es\/wp-content\/uploads\/2025\/02\/Photoroom_20250220_174056.webp","contentUrl":"https:\/\/botanicapetit.es\/wp-content\/uploads\/2025\/02\/Photoroom_20250220_174056.webp","width":1024,"height":1024},{"@type":"BreadcrumbList","@id":"https:\/\/botanicapetit.es\/producto\/babero-marinero-puntilla\/#breadcrumb","itemListElement":[{"@type":"ListItem","position":1,"name":"Portada","item":"https:\/\/botanicapetit.es\/"},{"@type":"ListItem","position":2,"name":"Tienda","item":"https:\/\/botanicapetit.es\/tienda\/"},{"@type":"ListItem","position":3,"name":"Babero marinero puntilla"}]},{"@type":"WebSite","@id":"https:\/\/botanicapetit.es\/#website","url":"https:\/\/botanicapetit.es\/","name":"Petit Botany","description":"Just another WordPress site","publisher":{"@id":"https:\/\/botanicapetit.es\/#organization"},"potentialAction":[{"@type":"SearchAction","target":{"@type":"EntryPoint","urlTemplate":"https:\/\/botanicapetit.es\/?s={search_term_string}"},"query-input":{"@type":"PropertyValueSpecification","valueRequired":true,"valueName":"search_term_string"}}],"inLanguage":"en-US"},{"@type":"Organization","@id":"https:\/\/botanicapetit.es\/#organization","name":"Petit Botany","url":"https:\/\/botanicapetit.es\/","logo":{"@type":"ImageObject","inLanguage":"en-US","@id":"https:\/\/botanicapetit.es\/#\/schema\/logo\/image\/","url":"https:\/\/botanicapetit.es\/wp-content\/uploads\/2021\/03\/LOGO-BPETIT.png","contentUrl":"https:\/\/botanicapetit.es\/wp-content\/uploads\/2021\/03\/LOGO-BPETIT.png","width":439,"height":455,"caption":"Bota\u0301nica Petit"},"image":{"@id":"https:\/\/botanicapetit.es\/#\/schema\/logo\/image\/"}}]}},"_links":{"self":[{"href":"https:\/\/botanicapetit.es\/en\/wp-json\/wp\/v2\/product\/16113","targetHints":{"allow":["GET"]}}],"collection":[{"href":"https:\/\/botanicapetit.es\/en\/wp-json\/wp\/v2\/product"}],"about":[{"href":"https:\/\/botanicapetit.es\/en\/wp-json\/wp\/v2\/types\/product"}],"wp:featuredmedia":[{"embeddable":true,"href":"https:\/\/botanicapetit.es\/en\/wp-json\/wp\/v2\/media\/16116"}],"wp:attachment":[{"href":"https:\/\/botanicapetit.es\/en\/wp-json\/wp\/v2\/media?parent=16113"}],"wp:term":[{"taxonomy":"product_brand","embeddable":true,"href":"https:\/\/botanicapetit.es\/en\/wp-json\/wp\/v2\/product_brand?post=16113"},{"taxonomy":"product_cat","embeddable":true,"href":"https:\/\/botanicapetit.es\/en\/wp-json\/wp\/v2\/product_cat?post=16113"},{"taxonomy":"product_tag","embeddable":true,"href":"https:\/\/botanicapetit.es\/en\/wp-json\/wp\/v2\/product_tag?post=16113"}],"curies":[{"name":"wp","href":"https:\/\/api.w.org\/{rel}","templated":true}]}}