{"id":15859,"date":"2025-01-20T17:28:02","date_gmt":"2025-01-20T17:28:02","guid":{"rendered":"https:\/\/botanicapetit.es\/?post_type=product&#038;p=15859"},"modified":"2025-01-20T17:47:13","modified_gmt":"2025-01-20T17:47:13","slug":"conjunto-paloma-con-capota","status":"publish","type":"product","link":"https:\/\/botanicapetit.es\/en\/product\/conjunto-paloma-con-capota\/","title":{"rendered":"Paloma set WITH hood"},"content":{"rendered":"<p>Un conjunto tan especial como el nombre que le hemos puesto.<\/p>\n<p>Compuesto por tres piezas: blus\u00f3n\/vestidito mini, capota y braguita.<\/p>\n<p>\u00b7Blus\u00f3n\/vestidito mini: con cuello volante, manga larga y botonadura trasera. lleva una puntilla ideal en el borde del cuello y en las mangas. lleva forro salvo que nos indiqu\u00e9is lo contrario.<\/p>\n<p>\u00b7Braguita: Con puntilla en las piernas y en el borde superior<\/p>\n<p>\u00b7Capota: la guinda del pastel, esta capota con la lazada en blanco y puntilla doble que recorre todo el frontal.<\/p>\n<p><strong>Depende de la temporada del a\u00f1o para la que quer\u00e1is la capota , deb\u00e9is seleccionar el forro marcando la casilla. Pod\u00e9is elegir entre:<\/strong><\/p>\n<ul>\n<li><strong>forro polar<\/strong><\/li>\n<li><strong>borreguito<\/strong><\/li>\n<li><strong>y, forro de verano<\/strong><\/li>\n<\/ul>\n<p>ESPECIFICAD POR FAVOR SI LO QUER\u00c9IS SIN FORRO, EN CASO DE QUE SEA PARA VERANO Y SITIOS QUE HAGA CALOR, OS RECOMENDAMOS SIN.<\/p>\n<p>&nbsp;<\/p>\n<p><strong>\u00a0como sab\u00e9is pod\u00e9is elegir este conjunto en la tela que mas os guste, En el cuadro de elecci\u00f3n de telas debes especificar el n\u00famero de tela en el que \u00a0quieres este producto \u00a0y seleccionar en las casilla de arriba tanto el tama\u00f1o (edad), como el tipo de bot\u00f3n.<\/strong><\/p>","protected":false},"excerpt":{"rendered":"<p>Un conjunto tan especial como el nombre que le hemos puesto. Compuesto por tres piezas: blus\u00f3n\/vestidito mini, capota y braguita. \u00b7Blus\u00f3n\/vestidito mini: con cuello volante, manga larga y botonadura trasera. lleva una puntilla ideal en el borde del cuello y en las mangas. lleva forro salvo que nos indiqu\u00e9is lo contrario. \u00b7Braguita: Con puntilla en [&hellip;]<\/p>\n","protected":false},"featured_media":15595,"template":"","meta":{"om_disable_all_campaigns":false,"site-sidebar-layout":"default","site-content-layout":"","ast-site-content-layout":"default","site-content-style":"default","site-sidebar-style":"default","ast-global-header-display":"","ast-banner-title-visibility":"","ast-main-header-display":"","ast-hfb-above-header-display":"","ast-hfb-below-header-display":"","ast-hfb-mobile-header-display":"","site-post-title":"","ast-breadcrumbs-content":"","ast-featured-img":"","footer-sml-layout":"","ast-disable-related-posts":"","theme-transparent-header-meta":"default","adv-header-id-meta":"","stick-header-meta":"","header-above-stick-meta":"","header-main-stick-meta":"","header-below-stick-meta":"","astra-migrate-meta-layouts":"set","ast-page-background-enabled":"default","ast-page-background-meta":{"desktop":{"background-color":"","background-image":"","background-repeat":"repeat","background-position":"center center","background-size":"auto","background-attachment":"scroll","background-type":"","background-media":"","overlay-type":"","overlay-color":"","overlay-opacity":"","overlay-gradient":""},"tablet":{"background-color":"","background-image":"","background-repeat":"repeat","background-position":"center center","background-size":"auto","background-attachment":"scroll","background-type":"","background-media":"","overlay-type":"","overlay-color":"","overlay-opacity":"","overlay-gradient":""},"mobile":{"background-color":"","background-image":"","background-repeat":"repeat","background-position":"center center","background-size":"auto","background-attachment":"scroll","background-type":"","background-media":"","overlay-type":"","overlay-color":"","overlay-opacity":"","overlay-gradient":""}},"ast-content-background-meta":{"desktop":{"background-color":"var(--ast-global-color-5)","background-image":"","background-repeat":"repeat","background-position":"center center","background-size":"auto","background-attachment":"scroll","background-type":"","background-media":"","overlay-type":"","overlay-color":"","overlay-opacity":"","overlay-gradient":""},"tablet":{"background-color":"var(--ast-global-color-5)","background-image":"","background-repeat":"repeat","background-position":"center center","background-size":"auto","background-attachment":"scroll","background-type":"","background-media":"","overlay-type":"","overlay-color":"","overlay-opacity":"","overlay-gradient":""},"mobile":{"background-color":"var(--ast-global-color-5)","background-image":"","background-repeat":"repeat","background-position":"center center","background-size":"auto","background-attachment":"scroll","background-type":"","background-media":"","overlay-type":"","overlay-color":"","overlay-opacity":"","overlay-gradient":""}}},"product_brand":[],"product_cat":[156,98,62,43,155,34,35],"product_tag":[],"class_list":{"0":"post-15859","1":"product","2":"type-product","3":"status-publish","4":"has-post-thumbnail","6":"product_cat-bebes","7":"product_cat-ceremonias-eventos-especiales","8":"product_cat-conjuntos","9":"product_cat-jesusitos","10":"product_cat-ninas","11":"product_cat-ropa","12":"product_cat-vestidos","13":"desktop-align-left","14":"tablet-align-left","15":"mobile-align-left","17":"first","18":"instock","19":"shipping-taxable","20":"purchasable","21":"product-type-variable","22":"rtwpvs-product"},"yoast_head":"<!-- This site is optimized with the Yoast SEO plugin v26.8 - https:\/\/yoast.com\/product\/yoast-seo-wordpress\/ -->\n<title>conjunto Paloma CON capota - Bota\u0301nica Petit<\/title>\n<meta name=\"robots\" content=\"index, follow, max-snippet:-1, max-image-preview:large, max-video-preview:-1\" \/>\n<link rel=\"canonical\" href=\"https:\/\/botanicapetit.es\/en\/product\/conjunto-paloma-con-capota\/\" \/>\n<meta property=\"og:locale\" content=\"en_US\" \/>\n<meta property=\"og:type\" content=\"article\" \/>\n<meta property=\"og:title\" content=\"conjunto Paloma CON capota - Bota\u0301nica Petit\" \/>\n<meta property=\"og:description\" content=\"Un conjunto tan especial como el nombre que le hemos puesto. Compuesto por tres piezas: blus\u00f3n\/vestidito mini, capota y braguita. \u00b7Blus\u00f3n\/vestidito mini: con cuello volante, manga larga y botonadura trasera. lleva una puntilla ideal en el borde del cuello y en las mangas. lleva forro salvo que nos indiqu\u00e9is lo contrario. \u00b7Braguita: Con puntilla en [&hellip;]\" \/>\n<meta property=\"og:url\" content=\"https:\/\/botanicapetit.es\/en\/product\/conjunto-paloma-con-capota\/\" \/>\n<meta property=\"og:site_name\" content=\"Bota\u0301nica Petit\" \/>\n<meta property=\"article:modified_time\" content=\"2025-01-20T17:47:13+00:00\" \/>\n<meta property=\"og:image\" content=\"https:\/\/botanicapetit.es\/wp-content\/uploads\/2022\/02\/IMG_0396-jpg.webp\" \/>\n\t<meta property=\"og:image:width\" content=\"1024\" \/>\n\t<meta property=\"og:image:height\" content=\"1024\" \/>\n\t<meta property=\"og:image:type\" content=\"image\/jpeg\" \/>\n<meta name=\"twitter:card\" content=\"summary_large_image\" \/>\n<meta name=\"twitter:label1\" content=\"Est. reading time\" \/>\n\t<meta name=\"twitter:data1\" content=\"2 minutes\" \/>\n<script type=\"application\/ld+json\" class=\"yoast-schema-graph\">{\"@context\":\"https:\/\/schema.org\",\"@graph\":[{\"@type\":\"WebPage\",\"@id\":\"https:\/\/botanicapetit.es\/producto\/conjunto-paloma-con-capota\/\",\"url\":\"https:\/\/botanicapetit.es\/producto\/conjunto-paloma-con-capota\/\",\"name\":\"conjunto Paloma CON capota - Bota\u0301nica Petit\",\"isPartOf\":{\"@id\":\"https:\/\/botanicapetit.es\/#website\"},\"primaryImageOfPage\":{\"@id\":\"https:\/\/botanicapetit.es\/producto\/conjunto-paloma-con-capota\/#primaryimage\"},\"image\":{\"@id\":\"https:\/\/botanicapetit.es\/producto\/conjunto-paloma-con-capota\/#primaryimage\"},\"thumbnailUrl\":\"https:\/\/botanicapetit.es\/wp-content\/uploads\/2022\/02\/IMG_0396-jpg.webp\",\"datePublished\":\"2025-01-20T17:28:02+00:00\",\"dateModified\":\"2025-01-20T17:47:13+00:00\",\"breadcrumb\":{\"@id\":\"https:\/\/botanicapetit.es\/producto\/conjunto-paloma-con-capota\/#breadcrumb\"},\"inLanguage\":\"en-US\",\"potentialAction\":[{\"@type\":\"ReadAction\",\"target\":[\"https:\/\/botanicapetit.es\/producto\/conjunto-paloma-con-capota\/\"]}]},{\"@type\":\"ImageObject\",\"inLanguage\":\"en-US\",\"@id\":\"https:\/\/botanicapetit.es\/producto\/conjunto-paloma-con-capota\/#primaryimage\",\"url\":\"https:\/\/botanicapetit.es\/wp-content\/uploads\/2022\/02\/IMG_0396-jpg.webp\",\"contentUrl\":\"https:\/\/botanicapetit.es\/wp-content\/uploads\/2022\/02\/IMG_0396-jpg.webp\",\"width\":1024,\"height\":1024},{\"@type\":\"BreadcrumbList\",\"@id\":\"https:\/\/botanicapetit.es\/producto\/conjunto-paloma-con-capota\/#breadcrumb\",\"itemListElement\":[{\"@type\":\"ListItem\",\"position\":1,\"name\":\"Portada\",\"item\":\"https:\/\/botanicapetit.es\/\"},{\"@type\":\"ListItem\",\"position\":2,\"name\":\"Tienda\",\"item\":\"https:\/\/botanicapetit.es\/tienda\/\"},{\"@type\":\"ListItem\",\"position\":3,\"name\":\"conjunto Paloma CON capota\"}]},{\"@type\":\"WebSite\",\"@id\":\"https:\/\/botanicapetit.es\/#website\",\"url\":\"https:\/\/botanicapetit.es\/\",\"name\":\"Bota\u0301nica Petit\",\"description\":\"Just another WordPress site\",\"publisher\":{\"@id\":\"https:\/\/botanicapetit.es\/#organization\"},\"potentialAction\":[{\"@type\":\"SearchAction\",\"target\":{\"@type\":\"EntryPoint\",\"urlTemplate\":\"https:\/\/botanicapetit.es\/?s={search_term_string}\"},\"query-input\":{\"@type\":\"PropertyValueSpecification\",\"valueRequired\":true,\"valueName\":\"search_term_string\"}}],\"inLanguage\":\"en-US\"},{\"@type\":\"Organization\",\"@id\":\"https:\/\/botanicapetit.es\/#organization\",\"name\":\"Bota\u0301nica Petit\",\"url\":\"https:\/\/botanicapetit.es\/\",\"logo\":{\"@type\":\"ImageObject\",\"inLanguage\":\"en-US\",\"@id\":\"https:\/\/botanicapetit.es\/#\/schema\/logo\/image\/\",\"url\":\"https:\/\/botanicapetit.es\/wp-content\/uploads\/2021\/03\/LOGO-BPETIT.png\",\"contentUrl\":\"https:\/\/botanicapetit.es\/wp-content\/uploads\/2021\/03\/LOGO-BPETIT.png\",\"width\":439,\"height\":455,\"caption\":\"Bota\u0301nica Petit\"},\"image\":{\"@id\":\"https:\/\/botanicapetit.es\/#\/schema\/logo\/image\/\"}}]}<\/script>\n<!-- \/ Yoast SEO plugin. -->","yoast_head_json":{"title":"conjunto Paloma CON capota - Bota\u0301nica Petit","robots":{"index":"index","follow":"follow","max-snippet":"max-snippet:-1","max-image-preview":"max-image-preview:large","max-video-preview":"max-video-preview:-1"},"canonical":"https:\/\/botanicapetit.es\/en\/product\/conjunto-paloma-con-capota\/","og_locale":"en_US","og_type":"article","og_title":"conjunto Paloma CON capota - Bota\u0301nica Petit","og_description":"Un conjunto tan especial como el nombre que le hemos puesto. Compuesto por tres piezas: blus\u00f3n\/vestidito mini, capota y braguita. \u00b7Blus\u00f3n\/vestidito mini: con cuello volante, manga larga y botonadura trasera. lleva una puntilla ideal en el borde del cuello y en las mangas. lleva forro salvo que nos indiqu\u00e9is lo contrario. \u00b7Braguita: Con puntilla en [&hellip;]","og_url":"https:\/\/botanicapetit.es\/en\/product\/conjunto-paloma-con-capota\/","og_site_name":"Bota\u0301nica Petit","article_modified_time":"2025-01-20T17:47:13+00:00","og_image":[{"width":1024,"height":1024,"url":"https:\/\/botanicapetit.es\/wp-content\/uploads\/2022\/02\/IMG_0396-jpg.webp","type":"image\/jpeg"}],"twitter_card":"summary_large_image","twitter_misc":{"Est. reading time":"2 minutes"},"schema":{"@context":"https:\/\/schema.org","@graph":[{"@type":"WebPage","@id":"https:\/\/botanicapetit.es\/producto\/conjunto-paloma-con-capota\/","url":"https:\/\/botanicapetit.es\/producto\/conjunto-paloma-con-capota\/","name":"conjunto Paloma CON capota - Bota\u0301nica Petit","isPartOf":{"@id":"https:\/\/botanicapetit.es\/#website"},"primaryImageOfPage":{"@id":"https:\/\/botanicapetit.es\/producto\/conjunto-paloma-con-capota\/#primaryimage"},"image":{"@id":"https:\/\/botanicapetit.es\/producto\/conjunto-paloma-con-capota\/#primaryimage"},"thumbnailUrl":"https:\/\/botanicapetit.es\/wp-content\/uploads\/2022\/02\/IMG_0396-jpg.webp","datePublished":"2025-01-20T17:28:02+00:00","dateModified":"2025-01-20T17:47:13+00:00","breadcrumb":{"@id":"https:\/\/botanicapetit.es\/producto\/conjunto-paloma-con-capota\/#breadcrumb"},"inLanguage":"en-US","potentialAction":[{"@type":"ReadAction","target":["https:\/\/botanicapetit.es\/producto\/conjunto-paloma-con-capota\/"]}]},{"@type":"ImageObject","inLanguage":"en-US","@id":"https:\/\/botanicapetit.es\/producto\/conjunto-paloma-con-capota\/#primaryimage","url":"https:\/\/botanicapetit.es\/wp-content\/uploads\/2022\/02\/IMG_0396-jpg.webp","contentUrl":"https:\/\/botanicapetit.es\/wp-content\/uploads\/2022\/02\/IMG_0396-jpg.webp","width":1024,"height":1024},{"@type":"BreadcrumbList","@id":"https:\/\/botanicapetit.es\/producto\/conjunto-paloma-con-capota\/#breadcrumb","itemListElement":[{"@type":"ListItem","position":1,"name":"Portada","item":"https:\/\/botanicapetit.es\/"},{"@type":"ListItem","position":2,"name":"Tienda","item":"https:\/\/botanicapetit.es\/tienda\/"},{"@type":"ListItem","position":3,"name":"conjunto Paloma CON capota"}]},{"@type":"WebSite","@id":"https:\/\/botanicapetit.es\/#website","url":"https:\/\/botanicapetit.es\/","name":"Petit Botany","description":"Just another WordPress site","publisher":{"@id":"https:\/\/botanicapetit.es\/#organization"},"potentialAction":[{"@type":"SearchAction","target":{"@type":"EntryPoint","urlTemplate":"https:\/\/botanicapetit.es\/?s={search_term_string}"},"query-input":{"@type":"PropertyValueSpecification","valueRequired":true,"valueName":"search_term_string"}}],"inLanguage":"en-US"},{"@type":"Organization","@id":"https:\/\/botanicapetit.es\/#organization","name":"Petit Botany","url":"https:\/\/botanicapetit.es\/","logo":{"@type":"ImageObject","inLanguage":"en-US","@id":"https:\/\/botanicapetit.es\/#\/schema\/logo\/image\/","url":"https:\/\/botanicapetit.es\/wp-content\/uploads\/2021\/03\/LOGO-BPETIT.png","contentUrl":"https:\/\/botanicapetit.es\/wp-content\/uploads\/2021\/03\/LOGO-BPETIT.png","width":439,"height":455,"caption":"Bota\u0301nica Petit"},"image":{"@id":"https:\/\/botanicapetit.es\/#\/schema\/logo\/image\/"}}]}},"_links":{"self":[{"href":"https:\/\/botanicapetit.es\/en\/wp-json\/wp\/v2\/product\/15859","targetHints":{"allow":["GET"]}}],"collection":[{"href":"https:\/\/botanicapetit.es\/en\/wp-json\/wp\/v2\/product"}],"about":[{"href":"https:\/\/botanicapetit.es\/en\/wp-json\/wp\/v2\/types\/product"}],"wp:featuredmedia":[{"embeddable":true,"href":"https:\/\/botanicapetit.es\/en\/wp-json\/wp\/v2\/media\/15595"}],"wp:attachment":[{"href":"https:\/\/botanicapetit.es\/en\/wp-json\/wp\/v2\/media?parent=15859"}],"wp:term":[{"taxonomy":"product_brand","embeddable":true,"href":"https:\/\/botanicapetit.es\/en\/wp-json\/wp\/v2\/product_brand?post=15859"},{"taxonomy":"product_cat","embeddable":true,"href":"https:\/\/botanicapetit.es\/en\/wp-json\/wp\/v2\/product_cat?post=15859"},{"taxonomy":"product_tag","embeddable":true,"href":"https:\/\/botanicapetit.es\/en\/wp-json\/wp\/v2\/product_tag?post=15859"}],"curies":[{"name":"wp","href":"https:\/\/api.w.org\/{rel}","templated":true}]}}