{"id":14630,"date":"2024-08-26T07:44:52","date_gmt":"2024-08-26T07:44:52","guid":{"rendered":"https:\/\/botanicapetit.es\/?post_type=product&#038;p=14630"},"modified":"2024-08-26T07:44:52","modified_gmt":"2024-08-26T07:44:52","slug":"pack-vuelta-al-cole","status":"publish","type":"product","link":"https:\/\/botanicapetit.es\/en\/product\/pack-vuelta-al-cole\/","title":{"rendered":"Pack vuelta al cole"},"content":{"rendered":"<p>el set perfecto para la vuelta al cole\/guarde de los mas peque\u00f1os!<\/p>\n<p>formado por 3 piezas: mochila, bolsa de muda y neceser mediano<\/p>\n<ul>\n<li>mochila: alto 30 cm, ancho 25 cm y 10 cm de fondo.\u00a0 cuenta con dos bolsillos delanteros, asa superior para poder colgar del percherito en clase, y las tiras se pueden ajustar en la espalda, cierre con cremallera.<\/li>\n<li>bolsa de muda\/portatodo: alto 35 cm y 30 cm de ancho, se cierra con el fruncido en la parte de arriba, super c\u00f3moda!<\/li>\n<li>neceser: ancho 23 cm, alto 18 cm y fondo de 4,5 cm. lleva un asa lateral para poder llevar colgado de la mano o de un perchero. cierre con cremallera<\/li>\n<\/ul>\n<p>en las fotos veis que lo hemos hecho en una tela de flores en tonos azules, esta tela es impermeable, pero pod\u00e9is elegir cualquier otra tela de la web, tambi\u00e9n podeis elegir el color del bies que rodea bolsillos y la silueta de la mochila, en este caso han elegido rosa, pero tenemos muchos mas colores!<\/p>\n<p>no os olvid\u00e9is de indicarnos si quer\u00e9is o no que vaya bordada (tiene el mismo coste)<\/p>\n<p>En caso de que quer\u00e1is que vaya bordado, en la casilla de las telas, despu\u00e9s del numero de tela que hay\u00e1is elegido, deb\u00e9is poner por ejemplo: bordado nombre: ( y el nombre de vuestr@ hij@) en color X (el color en el que quer\u00e1is que vaya el bordado) . si teneis dudas, escribidnos despu\u00e9s de formalizar el pedido y os sugerimos colores que creamos quepuedan quedan bien con la tela elegida.<\/p>\n<p>En caso de que no quer\u00e1is que vaya bordado, especificad por favor en la casilla de la tela, &#8221; sin bordar&#8221;<\/p>\n<p>&nbsp;<\/p>\n<p>SI QUER\u00c9IS ESTA TELA IMPERMEABLE, escribid en la casilla de telas: &#8220;impermeable flores&#8221; + si quereis o no bordado y en que color+ el color del bies<\/p>","protected":false},"excerpt":{"rendered":"<p>el set perfecto para la vuelta al cole\/guarde de los mas peque\u00f1os! formado por 3 piezas: mochila, bolsa de muda y neceser mediano mochila: alto 30 cm, ancho 25 cm y 10 cm de fondo.\u00a0 cuenta con dos bolsillos delanteros, asa superior para poder colgar del percherito en clase, y las tiras se pueden ajustar [&hellip;]<\/p>\n","protected":false},"featured_media":14638,"template":"","meta":{"om_disable_all_campaigns":false,"site-sidebar-layout":"default","site-content-layout":"","ast-site-content-layout":"default","site-content-style":"default","site-sidebar-style":"default","ast-global-header-display":"","ast-banner-title-visibility":"","ast-main-header-display":"","ast-hfb-above-header-display":"","ast-hfb-below-header-display":"","ast-hfb-mobile-header-display":"","site-post-title":"","ast-breadcrumbs-content":"","ast-featured-img":"","footer-sml-layout":"","ast-disable-related-posts":"","theme-transparent-header-meta":"default","adv-header-id-meta":"","stick-header-meta":"","header-above-stick-meta":"","header-main-stick-meta":"","header-below-stick-meta":"","astra-migrate-meta-layouts":"set","ast-page-background-enabled":"default","ast-page-background-meta":{"desktop":{"background-color":"","background-image":"","background-repeat":"repeat","background-position":"center center","background-size":"auto","background-attachment":"scroll","background-type":"","background-media":"","overlay-type":"","overlay-color":"","overlay-opacity":"","overlay-gradient":""},"tablet":{"background-color":"","background-image":"","background-repeat":"repeat","background-position":"center center","background-size":"auto","background-attachment":"scroll","background-type":"","background-media":"","overlay-type":"","overlay-color":"","overlay-opacity":"","overlay-gradient":""},"mobile":{"background-color":"","background-image":"","background-repeat":"repeat","background-position":"center center","background-size":"auto","background-attachment":"scroll","background-type":"","background-media":"","overlay-type":"","overlay-color":"","overlay-opacity":"","overlay-gradient":""}},"ast-content-background-meta":{"desktop":{"background-color":"var(--ast-global-color-5)","background-image":"","background-repeat":"repeat","background-position":"center center","background-size":"auto","background-attachment":"scroll","background-type":"","background-media":"","overlay-type":"","overlay-color":"","overlay-opacity":"","overlay-gradient":""},"tablet":{"background-color":"var(--ast-global-color-5)","background-image":"","background-repeat":"repeat","background-position":"center center","background-size":"auto","background-attachment":"scroll","background-type":"","background-media":"","overlay-type":"","overlay-color":"","overlay-opacity":"","overlay-gradient":""},"mobile":{"background-color":"var(--ast-global-color-5)","background-image":"","background-repeat":"repeat","background-position":"center center","background-size":"auto","background-attachment":"scroll","background-type":"","background-media":"","overlay-type":"","overlay-color":"","overlay-opacity":"","overlay-gradient":""}}},"product_brand":[],"product_cat":[53,59],"product_tag":[],"class_list":{"0":"post-14630","1":"product","2":"type-product","3":"status-publish","4":"has-post-thumbnail","6":"product_cat-complementos","7":"product_cat-bolsas-portatodo","8":"desktop-align-left","9":"tablet-align-left","10":"mobile-align-left","12":"first","13":"instock","14":"shipping-taxable","15":"purchasable","16":"product-type-simple"},"yoast_head":"<!-- This site is optimized with the Yoast SEO plugin v26.8 - https:\/\/yoast.com\/product\/yoast-seo-wordpress\/ -->\n<title>Pack vuelta al cole - Bota\u0301nica Petit<\/title>\n<meta name=\"robots\" content=\"index, follow, max-snippet:-1, max-image-preview:large, max-video-preview:-1\" \/>\n<link rel=\"canonical\" href=\"https:\/\/botanicapetit.es\/en\/product\/pack-vuelta-al-cole\/\" \/>\n<meta property=\"og:locale\" content=\"en_US\" \/>\n<meta property=\"og:type\" content=\"article\" \/>\n<meta property=\"og:title\" content=\"Pack vuelta al cole - Bota\u0301nica Petit\" \/>\n<meta property=\"og:description\" content=\"el set perfecto para la vuelta al cole\/guarde de los mas peque\u00f1os! formado por 3 piezas: mochila, bolsa de muda y neceser mediano mochila: alto 30 cm, ancho 25 cm y 10 cm de fondo.\u00a0 cuenta con dos bolsillos delanteros, asa superior para poder colgar del percherito en clase, y las tiras se pueden ajustar [&hellip;]\" \/>\n<meta property=\"og:url\" content=\"https:\/\/botanicapetit.es\/en\/product\/pack-vuelta-al-cole\/\" \/>\n<meta property=\"og:site_name\" content=\"Bota\u0301nica Petit\" \/>\n<meta property=\"og:image\" content=\"https:\/\/botanicapetit.es\/wp-content\/uploads\/2024\/08\/IMG_2619-jpg.webp\" \/>\n\t<meta property=\"og:image:width\" content=\"1024\" \/>\n\t<meta property=\"og:image:height\" content=\"1024\" \/>\n\t<meta property=\"og:image:type\" content=\"image\/jpeg\" \/>\n<meta name=\"twitter:card\" content=\"summary_large_image\" \/>\n<meta name=\"twitter:label1\" content=\"Est. reading time\" \/>\n\t<meta name=\"twitter:data1\" content=\"2 minutes\" \/>\n<script type=\"application\/ld+json\" class=\"yoast-schema-graph\">{\"@context\":\"https:\/\/schema.org\",\"@graph\":[{\"@type\":\"WebPage\",\"@id\":\"https:\/\/botanicapetit.es\/producto\/pack-vuelta-al-cole\/\",\"url\":\"https:\/\/botanicapetit.es\/producto\/pack-vuelta-al-cole\/\",\"name\":\"Pack vuelta al cole - Bota\u0301nica Petit\",\"isPartOf\":{\"@id\":\"https:\/\/botanicapetit.es\/#website\"},\"primaryImageOfPage\":{\"@id\":\"https:\/\/botanicapetit.es\/producto\/pack-vuelta-al-cole\/#primaryimage\"},\"image\":{\"@id\":\"https:\/\/botanicapetit.es\/producto\/pack-vuelta-al-cole\/#primaryimage\"},\"thumbnailUrl\":\"https:\/\/botanicapetit.es\/wp-content\/uploads\/2024\/08\/IMG_2619-jpg.webp\",\"datePublished\":\"2024-08-26T07:44:52+00:00\",\"breadcrumb\":{\"@id\":\"https:\/\/botanicapetit.es\/producto\/pack-vuelta-al-cole\/#breadcrumb\"},\"inLanguage\":\"en-US\",\"potentialAction\":[{\"@type\":\"ReadAction\",\"target\":[\"https:\/\/botanicapetit.es\/producto\/pack-vuelta-al-cole\/\"]}]},{\"@type\":\"ImageObject\",\"inLanguage\":\"en-US\",\"@id\":\"https:\/\/botanicapetit.es\/producto\/pack-vuelta-al-cole\/#primaryimage\",\"url\":\"https:\/\/botanicapetit.es\/wp-content\/uploads\/2024\/08\/IMG_2619-jpg.webp\",\"contentUrl\":\"https:\/\/botanicapetit.es\/wp-content\/uploads\/2024\/08\/IMG_2619-jpg.webp\",\"width\":1024,\"height\":1024},{\"@type\":\"BreadcrumbList\",\"@id\":\"https:\/\/botanicapetit.es\/producto\/pack-vuelta-al-cole\/#breadcrumb\",\"itemListElement\":[{\"@type\":\"ListItem\",\"position\":1,\"name\":\"Portada\",\"item\":\"https:\/\/botanicapetit.es\/\"},{\"@type\":\"ListItem\",\"position\":2,\"name\":\"Tienda\",\"item\":\"https:\/\/botanicapetit.es\/tienda\/\"},{\"@type\":\"ListItem\",\"position\":3,\"name\":\"Pack vuelta al cole\"}]},{\"@type\":\"WebSite\",\"@id\":\"https:\/\/botanicapetit.es\/#website\",\"url\":\"https:\/\/botanicapetit.es\/\",\"name\":\"Bota\u0301nica Petit\",\"description\":\"Just another WordPress site\",\"publisher\":{\"@id\":\"https:\/\/botanicapetit.es\/#organization\"},\"potentialAction\":[{\"@type\":\"SearchAction\",\"target\":{\"@type\":\"EntryPoint\",\"urlTemplate\":\"https:\/\/botanicapetit.es\/?s={search_term_string}\"},\"query-input\":{\"@type\":\"PropertyValueSpecification\",\"valueRequired\":true,\"valueName\":\"search_term_string\"}}],\"inLanguage\":\"en-US\"},{\"@type\":\"Organization\",\"@id\":\"https:\/\/botanicapetit.es\/#organization\",\"name\":\"Bota\u0301nica Petit\",\"url\":\"https:\/\/botanicapetit.es\/\",\"logo\":{\"@type\":\"ImageObject\",\"inLanguage\":\"en-US\",\"@id\":\"https:\/\/botanicapetit.es\/#\/schema\/logo\/image\/\",\"url\":\"https:\/\/botanicapetit.es\/wp-content\/uploads\/2021\/03\/LOGO-BPETIT.png\",\"contentUrl\":\"https:\/\/botanicapetit.es\/wp-content\/uploads\/2021\/03\/LOGO-BPETIT.png\",\"width\":439,\"height\":455,\"caption\":\"Bota\u0301nica Petit\"},\"image\":{\"@id\":\"https:\/\/botanicapetit.es\/#\/schema\/logo\/image\/\"}}]}<\/script>\n<!-- \/ Yoast SEO plugin. -->","yoast_head_json":{"title":"Pack vuelta al cole - Bota\u0301nica Petit","robots":{"index":"index","follow":"follow","max-snippet":"max-snippet:-1","max-image-preview":"max-image-preview:large","max-video-preview":"max-video-preview:-1"},"canonical":"https:\/\/botanicapetit.es\/en\/product\/pack-vuelta-al-cole\/","og_locale":"en_US","og_type":"article","og_title":"Pack vuelta al cole - Bota\u0301nica Petit","og_description":"el set perfecto para la vuelta al cole\/guarde de los mas peque\u00f1os! formado por 3 piezas: mochila, bolsa de muda y neceser mediano mochila: alto 30 cm, ancho 25 cm y 10 cm de fondo.\u00a0 cuenta con dos bolsillos delanteros, asa superior para poder colgar del percherito en clase, y las tiras se pueden ajustar [&hellip;]","og_url":"https:\/\/botanicapetit.es\/en\/product\/pack-vuelta-al-cole\/","og_site_name":"Bota\u0301nica Petit","og_image":[{"width":1024,"height":1024,"url":"https:\/\/botanicapetit.es\/wp-content\/uploads\/2024\/08\/IMG_2619-jpg.webp","type":"image\/jpeg"}],"twitter_card":"summary_large_image","twitter_misc":{"Est. reading time":"2 minutes"},"schema":{"@context":"https:\/\/schema.org","@graph":[{"@type":"WebPage","@id":"https:\/\/botanicapetit.es\/producto\/pack-vuelta-al-cole\/","url":"https:\/\/botanicapetit.es\/producto\/pack-vuelta-al-cole\/","name":"Pack vuelta al cole - Bota\u0301nica Petit","isPartOf":{"@id":"https:\/\/botanicapetit.es\/#website"},"primaryImageOfPage":{"@id":"https:\/\/botanicapetit.es\/producto\/pack-vuelta-al-cole\/#primaryimage"},"image":{"@id":"https:\/\/botanicapetit.es\/producto\/pack-vuelta-al-cole\/#primaryimage"},"thumbnailUrl":"https:\/\/botanicapetit.es\/wp-content\/uploads\/2024\/08\/IMG_2619-jpg.webp","datePublished":"2024-08-26T07:44:52+00:00","breadcrumb":{"@id":"https:\/\/botanicapetit.es\/producto\/pack-vuelta-al-cole\/#breadcrumb"},"inLanguage":"en-US","potentialAction":[{"@type":"ReadAction","target":["https:\/\/botanicapetit.es\/producto\/pack-vuelta-al-cole\/"]}]},{"@type":"ImageObject","inLanguage":"en-US","@id":"https:\/\/botanicapetit.es\/producto\/pack-vuelta-al-cole\/#primaryimage","url":"https:\/\/botanicapetit.es\/wp-content\/uploads\/2024\/08\/IMG_2619-jpg.webp","contentUrl":"https:\/\/botanicapetit.es\/wp-content\/uploads\/2024\/08\/IMG_2619-jpg.webp","width":1024,"height":1024},{"@type":"BreadcrumbList","@id":"https:\/\/botanicapetit.es\/producto\/pack-vuelta-al-cole\/#breadcrumb","itemListElement":[{"@type":"ListItem","position":1,"name":"Portada","item":"https:\/\/botanicapetit.es\/"},{"@type":"ListItem","position":2,"name":"Tienda","item":"https:\/\/botanicapetit.es\/tienda\/"},{"@type":"ListItem","position":3,"name":"Pack vuelta al cole"}]},{"@type":"WebSite","@id":"https:\/\/botanicapetit.es\/#website","url":"https:\/\/botanicapetit.es\/","name":"Petit Botany","description":"Just another WordPress site","publisher":{"@id":"https:\/\/botanicapetit.es\/#organization"},"potentialAction":[{"@type":"SearchAction","target":{"@type":"EntryPoint","urlTemplate":"https:\/\/botanicapetit.es\/?s={search_term_string}"},"query-input":{"@type":"PropertyValueSpecification","valueRequired":true,"valueName":"search_term_string"}}],"inLanguage":"en-US"},{"@type":"Organization","@id":"https:\/\/botanicapetit.es\/#organization","name":"Petit Botany","url":"https:\/\/botanicapetit.es\/","logo":{"@type":"ImageObject","inLanguage":"en-US","@id":"https:\/\/botanicapetit.es\/#\/schema\/logo\/image\/","url":"https:\/\/botanicapetit.es\/wp-content\/uploads\/2021\/03\/LOGO-BPETIT.png","contentUrl":"https:\/\/botanicapetit.es\/wp-content\/uploads\/2021\/03\/LOGO-BPETIT.png","width":439,"height":455,"caption":"Bota\u0301nica Petit"},"image":{"@id":"https:\/\/botanicapetit.es\/#\/schema\/logo\/image\/"}}]}},"_links":{"self":[{"href":"https:\/\/botanicapetit.es\/en\/wp-json\/wp\/v2\/product\/14630","targetHints":{"allow":["GET"]}}],"collection":[{"href":"https:\/\/botanicapetit.es\/en\/wp-json\/wp\/v2\/product"}],"about":[{"href":"https:\/\/botanicapetit.es\/en\/wp-json\/wp\/v2\/types\/product"}],"wp:featuredmedia":[{"embeddable":true,"href":"https:\/\/botanicapetit.es\/en\/wp-json\/wp\/v2\/media\/14638"}],"wp:attachment":[{"href":"https:\/\/botanicapetit.es\/en\/wp-json\/wp\/v2\/media?parent=14630"}],"wp:term":[{"taxonomy":"product_brand","embeddable":true,"href":"https:\/\/botanicapetit.es\/en\/wp-json\/wp\/v2\/product_brand?post=14630"},{"taxonomy":"product_cat","embeddable":true,"href":"https:\/\/botanicapetit.es\/en\/wp-json\/wp\/v2\/product_cat?post=14630"},{"taxonomy":"product_tag","embeddable":true,"href":"https:\/\/botanicapetit.es\/en\/wp-json\/wp\/v2\/product_tag?post=14630"}],"curies":[{"name":"wp","href":"https:\/\/api.w.org\/{rel}","templated":true}]}}