{"id":14349,"date":"2024-05-28T17:52:41","date_gmt":"2024-05-28T17:52:41","guid":{"rendered":"https:\/\/botanicapetit.es\/?post_type=product&#038;p=14349"},"modified":"2025-08-29T10:45:16","modified_gmt":"2025-08-29T10:45:16","slug":"set-imprescindibles-bebe","status":"publish","type":"product","link":"https:\/\/botanicapetit.es\/en\/product\/set-imprescindibles-bebe\/","title":{"rendered":"Set imprescindibles beb\u00e9"},"content":{"rendered":"<p>conjunto perfecto para tu beb\u00e9 o para regalar a un reci\u00e9n nacido ( o hasta los 12 meses!) formado por:<\/p>\n<ul>\n<li>neceser con nombre bordado: , lleva asita lateral. medidas; largo 26 CM\u00a0 , fondo 10 CM\u00a0 y alto 12 CM.<\/li>\n<li>muselina: de invierno o de verano, (deb\u00e9is de seleccionar en la casilla cual quer\u00e9is) la de verano lleva la tela que elij\u00e1is por una parte y pique de nido de abeja grande por otra, y la versi\u00f3n de invierno es con forro polar. medidas; 85&#215;60 cm aprox. lleva puntilla alrededor, la puntilla va en funci\u00f3n del stock, no siempre es la misma (pero son todas ideales)<\/li>\n<li>babero redondo con puntilla: la parte trasera es de toalla, se ata con lazada.<\/li>\n<li>chupetero: el aliado perfecto para mantener el chupete a mano!<\/li>\n<\/ul>\n<p>deb\u00e9is seleccionar talla (orientativa sobre todo para saber el tama\u00f1o del babero),\u00a0 elegir la opci\u00f3n de muselina de invierno o de verano y escribir en la casilla de telas la que mas os guste y el NOMBRE de vuestro beb\u00e9:<\/p>\n<p>ej: tela n. 2.b\u00a0 y nombre: JAIME<\/p>","protected":false},"excerpt":{"rendered":"<p>conjunto perfecto para tu beb\u00e9 o para regalar a un reci\u00e9n nacido ( o hasta los 12 meses!) formado por: neceser con nombre bordado: , lleva asita lateral. medidas; largo 26 CM\u00a0 , fondo 10 CM\u00a0 y alto 12 CM. muselina: de invierno o de verano, (deb\u00e9is de seleccionar en la casilla cual quer\u00e9is) la [&hellip;]<\/p>\n","protected":false},"featured_media":14351,"template":"","meta":{"om_disable_all_campaigns":false,"site-sidebar-layout":"default","site-content-layout":"","ast-site-content-layout":"default","site-content-style":"default","site-sidebar-style":"default","ast-global-header-display":"","ast-banner-title-visibility":"","ast-main-header-display":"","ast-hfb-above-header-display":"","ast-hfb-below-header-display":"","ast-hfb-mobile-header-display":"","site-post-title":"","ast-breadcrumbs-content":"","ast-featured-img":"","footer-sml-layout":"","ast-disable-related-posts":"","theme-transparent-header-meta":"default","adv-header-id-meta":"","stick-header-meta":"","header-above-stick-meta":"","header-main-stick-meta":"","header-below-stick-meta":"","astra-migrate-meta-layouts":"set","ast-page-background-enabled":"default","ast-page-background-meta":{"desktop":{"background-color":"","background-image":"","background-repeat":"repeat","background-position":"center center","background-size":"auto","background-attachment":"scroll","background-type":"","background-media":"","overlay-type":"","overlay-color":"","overlay-opacity":"","overlay-gradient":""},"tablet":{"background-color":"","background-image":"","background-repeat":"repeat","background-position":"center center","background-size":"auto","background-attachment":"scroll","background-type":"","background-media":"","overlay-type":"","overlay-color":"","overlay-opacity":"","overlay-gradient":""},"mobile":{"background-color":"","background-image":"","background-repeat":"repeat","background-position":"center center","background-size":"auto","background-attachment":"scroll","background-type":"","background-media":"","overlay-type":"","overlay-color":"","overlay-opacity":"","overlay-gradient":""}},"ast-content-background-meta":{"desktop":{"background-color":"var(--ast-global-color-5)","background-image":"","background-repeat":"repeat","background-position":"center center","background-size":"auto","background-attachment":"scroll","background-type":"","background-media":"","overlay-type":"","overlay-color":"","overlay-opacity":"","overlay-gradient":""},"tablet":{"background-color":"var(--ast-global-color-5)","background-image":"","background-repeat":"repeat","background-position":"center center","background-size":"auto","background-attachment":"scroll","background-type":"","background-media":"","overlay-type":"","overlay-color":"","overlay-opacity":"","overlay-gradient":""},"mobile":{"background-color":"var(--ast-global-color-5)","background-image":"","background-repeat":"repeat","background-position":"center center","background-size":"auto","background-attachment":"scroll","background-type":"","background-media":"","overlay-type":"","overlay-color":"","overlay-opacity":"","overlay-gradient":""}}},"product_brand":[],"product_cat":[53,59,65],"product_tag":[],"class_list":{"0":"post-14349","1":"product","2":"type-product","3":"status-publish","4":"has-post-thumbnail","6":"product_cat-complementos","7":"product_cat-bolsas-portatodo","8":"product_cat-hermanos-as","9":"desktop-align-left","10":"tablet-align-left","11":"mobile-align-left","13":"first","14":"instock","15":"shipping-taxable","16":"purchasable","17":"product-type-variable","18":"rtwpvs-product"},"yoast_head":"<!-- This site is optimized with the Yoast SEO plugin v26.8 - https:\/\/yoast.com\/product\/yoast-seo-wordpress\/ -->\n<title>Set imprescindibles beb\u00e9 - Bota\u0301nica Petit<\/title>\n<meta name=\"robots\" content=\"index, follow, max-snippet:-1, max-image-preview:large, max-video-preview:-1\" \/>\n<link rel=\"canonical\" href=\"https:\/\/botanicapetit.es\/en\/product\/set-imprescindibles-bebe\/\" \/>\n<meta property=\"og:locale\" content=\"en_US\" \/>\n<meta property=\"og:type\" content=\"article\" \/>\n<meta property=\"og:title\" content=\"Set imprescindibles beb\u00e9 - Bota\u0301nica Petit\" \/>\n<meta property=\"og:description\" content=\"conjunto perfecto para tu beb\u00e9 o para regalar a un reci\u00e9n nacido ( o hasta los 12 meses!) formado por: neceser con nombre bordado: , lleva asita lateral. medidas; largo 26 CM\u00a0 , fondo 10 CM\u00a0 y alto 12 CM. muselina: de invierno o de verano, (deb\u00e9is de seleccionar en la casilla cual quer\u00e9is) la [&hellip;]\" \/>\n<meta property=\"og:url\" content=\"https:\/\/botanicapetit.es\/en\/product\/set-imprescindibles-bebe\/\" \/>\n<meta property=\"og:site_name\" content=\"Bota\u0301nica Petit\" \/>\n<meta property=\"article:modified_time\" content=\"2025-08-29T10:45:16+00:00\" \/>\n<meta property=\"og:image\" content=\"https:\/\/botanicapetit.es\/wp-content\/uploads\/2024\/05\/Photoroom_20240521_141802-jpg.webp\" \/>\n\t<meta property=\"og:image:width\" content=\"1024\" \/>\n\t<meta property=\"og:image:height\" content=\"1024\" \/>\n\t<meta property=\"og:image:type\" content=\"image\/jpeg\" \/>\n<meta name=\"twitter:card\" content=\"summary_large_image\" \/>\n<meta name=\"twitter:label1\" content=\"Est. reading time\" \/>\n\t<meta name=\"twitter:data1\" content=\"1 minute\" \/>\n<script type=\"application\/ld+json\" class=\"yoast-schema-graph\">{\"@context\":\"https:\/\/schema.org\",\"@graph\":[{\"@type\":\"WebPage\",\"@id\":\"https:\/\/botanicapetit.es\/producto\/set-imprescindibles-bebe\/\",\"url\":\"https:\/\/botanicapetit.es\/producto\/set-imprescindibles-bebe\/\",\"name\":\"Set imprescindibles beb\u00e9 - Bota\u0301nica Petit\",\"isPartOf\":{\"@id\":\"https:\/\/botanicapetit.es\/#website\"},\"primaryImageOfPage\":{\"@id\":\"https:\/\/botanicapetit.es\/producto\/set-imprescindibles-bebe\/#primaryimage\"},\"image\":{\"@id\":\"https:\/\/botanicapetit.es\/producto\/set-imprescindibles-bebe\/#primaryimage\"},\"thumbnailUrl\":\"https:\/\/botanicapetit.es\/wp-content\/uploads\/2024\/05\/Photoroom_20240521_141802-jpg.webp\",\"datePublished\":\"2024-05-28T17:52:41+00:00\",\"dateModified\":\"2025-08-29T10:45:16+00:00\",\"breadcrumb\":{\"@id\":\"https:\/\/botanicapetit.es\/producto\/set-imprescindibles-bebe\/#breadcrumb\"},\"inLanguage\":\"en-US\",\"potentialAction\":[{\"@type\":\"ReadAction\",\"target\":[\"https:\/\/botanicapetit.es\/producto\/set-imprescindibles-bebe\/\"]}]},{\"@type\":\"ImageObject\",\"inLanguage\":\"en-US\",\"@id\":\"https:\/\/botanicapetit.es\/producto\/set-imprescindibles-bebe\/#primaryimage\",\"url\":\"https:\/\/botanicapetit.es\/wp-content\/uploads\/2024\/05\/Photoroom_20240521_141802-jpg.webp\",\"contentUrl\":\"https:\/\/botanicapetit.es\/wp-content\/uploads\/2024\/05\/Photoroom_20240521_141802-jpg.webp\",\"width\":1024,\"height\":1024},{\"@type\":\"BreadcrumbList\",\"@id\":\"https:\/\/botanicapetit.es\/producto\/set-imprescindibles-bebe\/#breadcrumb\",\"itemListElement\":[{\"@type\":\"ListItem\",\"position\":1,\"name\":\"Portada\",\"item\":\"https:\/\/botanicapetit.es\/\"},{\"@type\":\"ListItem\",\"position\":2,\"name\":\"Tienda\",\"item\":\"https:\/\/botanicapetit.es\/tienda\/\"},{\"@type\":\"ListItem\",\"position\":3,\"name\":\"Set imprescindibles beb\u00e9\"}]},{\"@type\":\"WebSite\",\"@id\":\"https:\/\/botanicapetit.es\/#website\",\"url\":\"https:\/\/botanicapetit.es\/\",\"name\":\"Bota\u0301nica Petit\",\"description\":\"Just another WordPress site\",\"publisher\":{\"@id\":\"https:\/\/botanicapetit.es\/#organization\"},\"potentialAction\":[{\"@type\":\"SearchAction\",\"target\":{\"@type\":\"EntryPoint\",\"urlTemplate\":\"https:\/\/botanicapetit.es\/?s={search_term_string}\"},\"query-input\":{\"@type\":\"PropertyValueSpecification\",\"valueRequired\":true,\"valueName\":\"search_term_string\"}}],\"inLanguage\":\"en-US\"},{\"@type\":\"Organization\",\"@id\":\"https:\/\/botanicapetit.es\/#organization\",\"name\":\"Bota\u0301nica Petit\",\"url\":\"https:\/\/botanicapetit.es\/\",\"logo\":{\"@type\":\"ImageObject\",\"inLanguage\":\"en-US\",\"@id\":\"https:\/\/botanicapetit.es\/#\/schema\/logo\/image\/\",\"url\":\"https:\/\/botanicapetit.es\/wp-content\/uploads\/2021\/03\/LOGO-BPETIT.png\",\"contentUrl\":\"https:\/\/botanicapetit.es\/wp-content\/uploads\/2021\/03\/LOGO-BPETIT.png\",\"width\":439,\"height\":455,\"caption\":\"Bota\u0301nica Petit\"},\"image\":{\"@id\":\"https:\/\/botanicapetit.es\/#\/schema\/logo\/image\/\"}}]}<\/script>\n<!-- \/ Yoast SEO plugin. -->","yoast_head_json":{"title":"Set imprescindibles beb\u00e9 - Bota\u0301nica Petit","robots":{"index":"index","follow":"follow","max-snippet":"max-snippet:-1","max-image-preview":"max-image-preview:large","max-video-preview":"max-video-preview:-1"},"canonical":"https:\/\/botanicapetit.es\/en\/product\/set-imprescindibles-bebe\/","og_locale":"en_US","og_type":"article","og_title":"Set imprescindibles beb\u00e9 - Bota\u0301nica Petit","og_description":"conjunto perfecto para tu beb\u00e9 o para regalar a un reci\u00e9n nacido ( o hasta los 12 meses!) formado por: neceser con nombre bordado: , lleva asita lateral. medidas; largo 26 CM\u00a0 , fondo 10 CM\u00a0 y alto 12 CM. muselina: de invierno o de verano, (deb\u00e9is de seleccionar en la casilla cual quer\u00e9is) la [&hellip;]","og_url":"https:\/\/botanicapetit.es\/en\/product\/set-imprescindibles-bebe\/","og_site_name":"Bota\u0301nica Petit","article_modified_time":"2025-08-29T10:45:16+00:00","og_image":[{"width":1024,"height":1024,"url":"https:\/\/botanicapetit.es\/wp-content\/uploads\/2024\/05\/Photoroom_20240521_141802-jpg.webp","type":"image\/jpeg"}],"twitter_card":"summary_large_image","twitter_misc":{"Est. reading time":"1 minute"},"schema":{"@context":"https:\/\/schema.org","@graph":[{"@type":"WebPage","@id":"https:\/\/botanicapetit.es\/producto\/set-imprescindibles-bebe\/","url":"https:\/\/botanicapetit.es\/producto\/set-imprescindibles-bebe\/","name":"Set imprescindibles beb\u00e9 - Bota\u0301nica Petit","isPartOf":{"@id":"https:\/\/botanicapetit.es\/#website"},"primaryImageOfPage":{"@id":"https:\/\/botanicapetit.es\/producto\/set-imprescindibles-bebe\/#primaryimage"},"image":{"@id":"https:\/\/botanicapetit.es\/producto\/set-imprescindibles-bebe\/#primaryimage"},"thumbnailUrl":"https:\/\/botanicapetit.es\/wp-content\/uploads\/2024\/05\/Photoroom_20240521_141802-jpg.webp","datePublished":"2024-05-28T17:52:41+00:00","dateModified":"2025-08-29T10:45:16+00:00","breadcrumb":{"@id":"https:\/\/botanicapetit.es\/producto\/set-imprescindibles-bebe\/#breadcrumb"},"inLanguage":"en-US","potentialAction":[{"@type":"ReadAction","target":["https:\/\/botanicapetit.es\/producto\/set-imprescindibles-bebe\/"]}]},{"@type":"ImageObject","inLanguage":"en-US","@id":"https:\/\/botanicapetit.es\/producto\/set-imprescindibles-bebe\/#primaryimage","url":"https:\/\/botanicapetit.es\/wp-content\/uploads\/2024\/05\/Photoroom_20240521_141802-jpg.webp","contentUrl":"https:\/\/botanicapetit.es\/wp-content\/uploads\/2024\/05\/Photoroom_20240521_141802-jpg.webp","width":1024,"height":1024},{"@type":"BreadcrumbList","@id":"https:\/\/botanicapetit.es\/producto\/set-imprescindibles-bebe\/#breadcrumb","itemListElement":[{"@type":"ListItem","position":1,"name":"Portada","item":"https:\/\/botanicapetit.es\/"},{"@type":"ListItem","position":2,"name":"Tienda","item":"https:\/\/botanicapetit.es\/tienda\/"},{"@type":"ListItem","position":3,"name":"Set imprescindibles beb\u00e9"}]},{"@type":"WebSite","@id":"https:\/\/botanicapetit.es\/#website","url":"https:\/\/botanicapetit.es\/","name":"Petit Botany","description":"Just another WordPress site","publisher":{"@id":"https:\/\/botanicapetit.es\/#organization"},"potentialAction":[{"@type":"SearchAction","target":{"@type":"EntryPoint","urlTemplate":"https:\/\/botanicapetit.es\/?s={search_term_string}"},"query-input":{"@type":"PropertyValueSpecification","valueRequired":true,"valueName":"search_term_string"}}],"inLanguage":"en-US"},{"@type":"Organization","@id":"https:\/\/botanicapetit.es\/#organization","name":"Petit Botany","url":"https:\/\/botanicapetit.es\/","logo":{"@type":"ImageObject","inLanguage":"en-US","@id":"https:\/\/botanicapetit.es\/#\/schema\/logo\/image\/","url":"https:\/\/botanicapetit.es\/wp-content\/uploads\/2021\/03\/LOGO-BPETIT.png","contentUrl":"https:\/\/botanicapetit.es\/wp-content\/uploads\/2021\/03\/LOGO-BPETIT.png","width":439,"height":455,"caption":"Bota\u0301nica Petit"},"image":{"@id":"https:\/\/botanicapetit.es\/#\/schema\/logo\/image\/"}}]}},"_links":{"self":[{"href":"https:\/\/botanicapetit.es\/en\/wp-json\/wp\/v2\/product\/14349","targetHints":{"allow":["GET"]}}],"collection":[{"href":"https:\/\/botanicapetit.es\/en\/wp-json\/wp\/v2\/product"}],"about":[{"href":"https:\/\/botanicapetit.es\/en\/wp-json\/wp\/v2\/types\/product"}],"wp:featuredmedia":[{"embeddable":true,"href":"https:\/\/botanicapetit.es\/en\/wp-json\/wp\/v2\/media\/14351"}],"wp:attachment":[{"href":"https:\/\/botanicapetit.es\/en\/wp-json\/wp\/v2\/media?parent=14349"}],"wp:term":[{"taxonomy":"product_brand","embeddable":true,"href":"https:\/\/botanicapetit.es\/en\/wp-json\/wp\/v2\/product_brand?post=14349"},{"taxonomy":"product_cat","embeddable":true,"href":"https:\/\/botanicapetit.es\/en\/wp-json\/wp\/v2\/product_cat?post=14349"},{"taxonomy":"product_tag","embeddable":true,"href":"https:\/\/botanicapetit.es\/en\/wp-json\/wp\/v2\/product_tag?post=14349"}],"curies":[{"name":"wp","href":"https:\/\/api.w.org\/{rel}","templated":true}]}}