{"id":13731,"date":"2024-03-31T18:18:30","date_gmt":"2024-03-31T18:18:30","guid":{"rendered":"https:\/\/botanicapetit.es\/?post_type=product&#038;p=13731"},"modified":"2025-08-29T10:39:00","modified_gmt":"2025-08-29T10:39:00","slug":"set-imprescindible-playa","status":"publish","type":"product","link":"https:\/\/botanicapetit.es\/en\/product\/set-imprescindible-playa\/","title":{"rendered":"Essential bpetit beach pack"},"content":{"rendered":"<p>el pack que necesitas para tu beb\u00e9! perfecto para playa\/piscina , ESTE PACK EST\u00c1 DISPONIBLE HASTA LOS 18 MESES, PERO PODEIS CREAR VUESTRO PROPIO PACK, ESTAN LOS PRODUCTOS POR SEPARADO. LO \u00daNICO QUE CAMBIA ES LOS MODELOS DE PELELE A PARTIR DE 18 MESES\/ 2 A\u00d1OS.<\/p>\n<p>formado por:<\/p>\n<p>.pelele toalla: pod\u00e9is elegir color de toalla y tela<\/p>\n<p>. capota visera: El complemento perfecto para tardes en el jard\u00edn, d\u00edas de playa, piscina, o paseos con mucho sol. Un complemento ideal y que adem\u00e1s protege a vuestros hij@s del sol. como veis en las fotos pod\u00e9is llevarlo modo visera o modo gorrito<\/p>\n<p>.neceser toalla volantes: \u00a0largo 26 CM\u00a0 , fondo 10 CM\u00a0 y alto 12 CM. cierre con cremallera<\/p>\n<p>todo ir\u00e1 conjuntado,\u00a0 el color de toalla y la tela que elij\u00e1is ir\u00e1 a juego con el neceser y con la capota visera!<\/p>\n<p>&nbsp;<\/p>\n<p>este modelo de pelele est\u00e1 disponible hasta los 18 meses, pero teneis el resto de modelos disponibles en la web en la carpeta playa\/piscina, y teneis el neceser suelto y la cpaota visera tambi\u00e9n!! \ud83d\ude42 pod\u00e9is formar vuestro propio set pero por separado<\/p>\n<p>&nbsp;<\/p>\n<p>RECORDAD ESCRIBIR EL NUMERO DE TELA EN LA CASILLA. Y SELECCIONAR: TALLA, EDAD, COLOR DE TOALLA Y BOTONES!! teneis los colores de toalla en la galeria de este producto<\/p>\n<p>&nbsp;<\/p>","protected":false},"excerpt":{"rendered":"<p>el pack que necesitas para tu beb\u00e9! perfecto para playa\/piscina , ESTE PACK EST\u00c1 DISPONIBLE HASTA LOS 18 MESES, PERO PODEIS CREAR VUESTRO PROPIO PACK, ESTAN LOS PRODUCTOS POR SEPARADO. LO \u00daNICO QUE CAMBIA ES LOS MODELOS DE PELELE A PARTIR DE 18 MESES\/ 2 A\u00d1OS. formado por: .pelele toalla: pod\u00e9is elegir color de toalla [&hellip;]<\/p>\n","protected":false},"featured_media":13737,"template":"","meta":{"om_disable_all_campaigns":false,"site-sidebar-layout":"default","site-content-layout":"","ast-site-content-layout":"default","site-content-style":"default","site-sidebar-style":"default","ast-global-header-display":"","ast-banner-title-visibility":"","ast-main-header-display":"","ast-hfb-above-header-display":"","ast-hfb-below-header-display":"","ast-hfb-mobile-header-display":"","site-post-title":"","ast-breadcrumbs-content":"","ast-featured-img":"","footer-sml-layout":"","ast-disable-related-posts":"","theme-transparent-header-meta":"default","adv-header-id-meta":"","stick-header-meta":"","header-above-stick-meta":"","header-main-stick-meta":"","header-below-stick-meta":"","astra-migrate-meta-layouts":"set","ast-page-background-enabled":"default","ast-page-background-meta":{"desktop":{"background-color":"","background-image":"","background-repeat":"repeat","background-position":"center center","background-size":"auto","background-attachment":"scroll","background-type":"","background-media":"","overlay-type":"","overlay-color":"","overlay-opacity":"","overlay-gradient":""},"tablet":{"background-color":"","background-image":"","background-repeat":"repeat","background-position":"center center","background-size":"auto","background-attachment":"scroll","background-type":"","background-media":"","overlay-type":"","overlay-color":"","overlay-opacity":"","overlay-gradient":""},"mobile":{"background-color":"","background-image":"","background-repeat":"repeat","background-position":"center center","background-size":"auto","background-attachment":"scroll","background-type":"","background-media":"","overlay-type":"","overlay-color":"","overlay-opacity":"","overlay-gradient":""}},"ast-content-background-meta":{"desktop":{"background-color":"var(--ast-global-color-5)","background-image":"","background-repeat":"repeat","background-position":"center center","background-size":"auto","background-attachment":"scroll","background-type":"","background-media":"","overlay-type":"","overlay-color":"","overlay-opacity":"","overlay-gradient":""},"tablet":{"background-color":"var(--ast-global-color-5)","background-image":"","background-repeat":"repeat","background-position":"center center","background-size":"auto","background-attachment":"scroll","background-type":"","background-media":"","overlay-type":"","overlay-color":"","overlay-opacity":"","overlay-gradient":""},"mobile":{"background-color":"var(--ast-global-color-5)","background-image":"","background-repeat":"repeat","background-position":"center center","background-size":"auto","background-attachment":"scroll","background-type":"","background-media":"","overlay-type":"","overlay-color":"","overlay-opacity":"","overlay-gradient":""}}},"product_brand":[],"product_cat":[53,62,93,34,65],"product_tag":[],"class_list":{"0":"post-13731","1":"product","2":"type-product","3":"status-publish","4":"has-post-thumbnail","6":"product_cat-complementos","7":"product_cat-conjuntos","8":"product_cat-playa-piscina","9":"product_cat-ropa","10":"product_cat-hermanos-as","11":"desktop-align-left","12":"tablet-align-left","13":"mobile-align-left","15":"first","16":"instock","17":"shipping-taxable","18":"purchasable","19":"product-type-variable","20":"rtwpvs-product"},"yoast_head":"<!-- This site is optimized with the Yoast SEO plugin v26.8 - https:\/\/yoast.com\/product\/yoast-seo-wordpress\/ -->\n<title>Pack imprescindibles playa bpetit - Bota\u0301nica Petit<\/title>\n<meta name=\"robots\" content=\"index, follow, max-snippet:-1, max-image-preview:large, max-video-preview:-1\" \/>\n<link rel=\"canonical\" href=\"https:\/\/botanicapetit.es\/en\/product\/set-imprescindible-playa\/\" \/>\n<meta property=\"og:locale\" content=\"en_US\" \/>\n<meta property=\"og:type\" content=\"article\" \/>\n<meta property=\"og:title\" content=\"Pack imprescindibles playa bpetit - Bota\u0301nica Petit\" \/>\n<meta property=\"og:description\" content=\"el pack que necesitas para tu beb\u00e9! perfecto para playa\/piscina , ESTE PACK EST\u00c1 DISPONIBLE HASTA LOS 18 MESES, PERO PODEIS CREAR VUESTRO PROPIO PACK, ESTAN LOS PRODUCTOS POR SEPARADO. LO \u00daNICO QUE CAMBIA ES LOS MODELOS DE PELELE A PARTIR DE 18 MESES\/ 2 A\u00d1OS. formado por: .pelele toalla: pod\u00e9is elegir color de toalla [&hellip;]\" \/>\n<meta property=\"og:url\" content=\"https:\/\/botanicapetit.es\/en\/product\/set-imprescindible-playa\/\" \/>\n<meta property=\"og:site_name\" content=\"Bota\u0301nica Petit\" \/>\n<meta property=\"article:modified_time\" content=\"2025-08-29T10:39:00+00:00\" \/>\n<meta property=\"og:image\" content=\"https:\/\/botanicapetit.es\/wp-content\/uploads\/2024\/03\/Photoroom_20240325_203544-jpg.webp\" \/>\n\t<meta property=\"og:image:width\" content=\"1024\" \/>\n\t<meta property=\"og:image:height\" content=\"1024\" \/>\n\t<meta property=\"og:image:type\" content=\"image\/jpeg\" \/>\n<meta name=\"twitter:card\" content=\"summary_large_image\" \/>\n<meta name=\"twitter:label1\" content=\"Est. reading time\" \/>\n\t<meta name=\"twitter:data1\" content=\"2 minutes\" \/>\n<script type=\"application\/ld+json\" class=\"yoast-schema-graph\">{\"@context\":\"https:\/\/schema.org\",\"@graph\":[{\"@type\":\"WebPage\",\"@id\":\"https:\/\/botanicapetit.es\/producto\/set-imprescindible-playa\/\",\"url\":\"https:\/\/botanicapetit.es\/producto\/set-imprescindible-playa\/\",\"name\":\"Pack imprescindibles playa bpetit - Bota\u0301nica Petit\",\"isPartOf\":{\"@id\":\"https:\/\/botanicapetit.es\/#website\"},\"primaryImageOfPage\":{\"@id\":\"https:\/\/botanicapetit.es\/producto\/set-imprescindible-playa\/#primaryimage\"},\"image\":{\"@id\":\"https:\/\/botanicapetit.es\/producto\/set-imprescindible-playa\/#primaryimage\"},\"thumbnailUrl\":\"https:\/\/botanicapetit.es\/wp-content\/uploads\/2024\/03\/Photoroom_20240325_203544-jpg.webp\",\"datePublished\":\"2024-03-31T18:18:30+00:00\",\"dateModified\":\"2025-08-29T10:39:00+00:00\",\"breadcrumb\":{\"@id\":\"https:\/\/botanicapetit.es\/producto\/set-imprescindible-playa\/#breadcrumb\"},\"inLanguage\":\"en-US\",\"potentialAction\":[{\"@type\":\"ReadAction\",\"target\":[\"https:\/\/botanicapetit.es\/producto\/set-imprescindible-playa\/\"]}]},{\"@type\":\"ImageObject\",\"inLanguage\":\"en-US\",\"@id\":\"https:\/\/botanicapetit.es\/producto\/set-imprescindible-playa\/#primaryimage\",\"url\":\"https:\/\/botanicapetit.es\/wp-content\/uploads\/2024\/03\/Photoroom_20240325_203544-jpg.webp\",\"contentUrl\":\"https:\/\/botanicapetit.es\/wp-content\/uploads\/2024\/03\/Photoroom_20240325_203544-jpg.webp\",\"width\":1024,\"height\":1024},{\"@type\":\"BreadcrumbList\",\"@id\":\"https:\/\/botanicapetit.es\/producto\/set-imprescindible-playa\/#breadcrumb\",\"itemListElement\":[{\"@type\":\"ListItem\",\"position\":1,\"name\":\"Portada\",\"item\":\"https:\/\/botanicapetit.es\/\"},{\"@type\":\"ListItem\",\"position\":2,\"name\":\"Tienda\",\"item\":\"https:\/\/botanicapetit.es\/tienda\/\"},{\"@type\":\"ListItem\",\"position\":3,\"name\":\"Pack imprescindibles playa bpetit\"}]},{\"@type\":\"WebSite\",\"@id\":\"https:\/\/botanicapetit.es\/#website\",\"url\":\"https:\/\/botanicapetit.es\/\",\"name\":\"Bota\u0301nica Petit\",\"description\":\"Just another WordPress site\",\"publisher\":{\"@id\":\"https:\/\/botanicapetit.es\/#organization\"},\"potentialAction\":[{\"@type\":\"SearchAction\",\"target\":{\"@type\":\"EntryPoint\",\"urlTemplate\":\"https:\/\/botanicapetit.es\/?s={search_term_string}\"},\"query-input\":{\"@type\":\"PropertyValueSpecification\",\"valueRequired\":true,\"valueName\":\"search_term_string\"}}],\"inLanguage\":\"en-US\"},{\"@type\":\"Organization\",\"@id\":\"https:\/\/botanicapetit.es\/#organization\",\"name\":\"Bota\u0301nica Petit\",\"url\":\"https:\/\/botanicapetit.es\/\",\"logo\":{\"@type\":\"ImageObject\",\"inLanguage\":\"en-US\",\"@id\":\"https:\/\/botanicapetit.es\/#\/schema\/logo\/image\/\",\"url\":\"https:\/\/botanicapetit.es\/wp-content\/uploads\/2021\/03\/LOGO-BPETIT.png\",\"contentUrl\":\"https:\/\/botanicapetit.es\/wp-content\/uploads\/2021\/03\/LOGO-BPETIT.png\",\"width\":439,\"height\":455,\"caption\":\"Bota\u0301nica Petit\"},\"image\":{\"@id\":\"https:\/\/botanicapetit.es\/#\/schema\/logo\/image\/\"}}]}<\/script>\n<!-- \/ Yoast SEO plugin. -->","yoast_head_json":{"title":"Pack imprescindibles playa bpetit - Bota\u0301nica Petit","robots":{"index":"index","follow":"follow","max-snippet":"max-snippet:-1","max-image-preview":"max-image-preview:large","max-video-preview":"max-video-preview:-1"},"canonical":"https:\/\/botanicapetit.es\/en\/product\/set-imprescindible-playa\/","og_locale":"en_US","og_type":"article","og_title":"Pack imprescindibles playa bpetit - Bota\u0301nica Petit","og_description":"el pack que necesitas para tu beb\u00e9! perfecto para playa\/piscina , ESTE PACK EST\u00c1 DISPONIBLE HASTA LOS 18 MESES, PERO PODEIS CREAR VUESTRO PROPIO PACK, ESTAN LOS PRODUCTOS POR SEPARADO. LO \u00daNICO QUE CAMBIA ES LOS MODELOS DE PELELE A PARTIR DE 18 MESES\/ 2 A\u00d1OS. formado por: .pelele toalla: pod\u00e9is elegir color de toalla [&hellip;]","og_url":"https:\/\/botanicapetit.es\/en\/product\/set-imprescindible-playa\/","og_site_name":"Bota\u0301nica Petit","article_modified_time":"2025-08-29T10:39:00+00:00","og_image":[{"width":1024,"height":1024,"url":"https:\/\/botanicapetit.es\/wp-content\/uploads\/2024\/03\/Photoroom_20240325_203544-jpg.webp","type":"image\/jpeg"}],"twitter_card":"summary_large_image","twitter_misc":{"Est. reading time":"2 minutes"},"schema":{"@context":"https:\/\/schema.org","@graph":[{"@type":"WebPage","@id":"https:\/\/botanicapetit.es\/producto\/set-imprescindible-playa\/","url":"https:\/\/botanicapetit.es\/producto\/set-imprescindible-playa\/","name":"Pack imprescindibles playa bpetit - Bota\u0301nica Petit","isPartOf":{"@id":"https:\/\/botanicapetit.es\/#website"},"primaryImageOfPage":{"@id":"https:\/\/botanicapetit.es\/producto\/set-imprescindible-playa\/#primaryimage"},"image":{"@id":"https:\/\/botanicapetit.es\/producto\/set-imprescindible-playa\/#primaryimage"},"thumbnailUrl":"https:\/\/botanicapetit.es\/wp-content\/uploads\/2024\/03\/Photoroom_20240325_203544-jpg.webp","datePublished":"2024-03-31T18:18:30+00:00","dateModified":"2025-08-29T10:39:00+00:00","breadcrumb":{"@id":"https:\/\/botanicapetit.es\/producto\/set-imprescindible-playa\/#breadcrumb"},"inLanguage":"en-US","potentialAction":[{"@type":"ReadAction","target":["https:\/\/botanicapetit.es\/producto\/set-imprescindible-playa\/"]}]},{"@type":"ImageObject","inLanguage":"en-US","@id":"https:\/\/botanicapetit.es\/producto\/set-imprescindible-playa\/#primaryimage","url":"https:\/\/botanicapetit.es\/wp-content\/uploads\/2024\/03\/Photoroom_20240325_203544-jpg.webp","contentUrl":"https:\/\/botanicapetit.es\/wp-content\/uploads\/2024\/03\/Photoroom_20240325_203544-jpg.webp","width":1024,"height":1024},{"@type":"BreadcrumbList","@id":"https:\/\/botanicapetit.es\/producto\/set-imprescindible-playa\/#breadcrumb","itemListElement":[{"@type":"ListItem","position":1,"name":"Portada","item":"https:\/\/botanicapetit.es\/"},{"@type":"ListItem","position":2,"name":"Tienda","item":"https:\/\/botanicapetit.es\/tienda\/"},{"@type":"ListItem","position":3,"name":"Pack imprescindibles playa bpetit"}]},{"@type":"WebSite","@id":"https:\/\/botanicapetit.es\/#website","url":"https:\/\/botanicapetit.es\/","name":"Petit Botany","description":"Just another WordPress site","publisher":{"@id":"https:\/\/botanicapetit.es\/#organization"},"potentialAction":[{"@type":"SearchAction","target":{"@type":"EntryPoint","urlTemplate":"https:\/\/botanicapetit.es\/?s={search_term_string}"},"query-input":{"@type":"PropertyValueSpecification","valueRequired":true,"valueName":"search_term_string"}}],"inLanguage":"en-US"},{"@type":"Organization","@id":"https:\/\/botanicapetit.es\/#organization","name":"Petit Botany","url":"https:\/\/botanicapetit.es\/","logo":{"@type":"ImageObject","inLanguage":"en-US","@id":"https:\/\/botanicapetit.es\/#\/schema\/logo\/image\/","url":"https:\/\/botanicapetit.es\/wp-content\/uploads\/2021\/03\/LOGO-BPETIT.png","contentUrl":"https:\/\/botanicapetit.es\/wp-content\/uploads\/2021\/03\/LOGO-BPETIT.png","width":439,"height":455,"caption":"Bota\u0301nica Petit"},"image":{"@id":"https:\/\/botanicapetit.es\/#\/schema\/logo\/image\/"}}]}},"_links":{"self":[{"href":"https:\/\/botanicapetit.es\/en\/wp-json\/wp\/v2\/product\/13731","targetHints":{"allow":["GET"]}}],"collection":[{"href":"https:\/\/botanicapetit.es\/en\/wp-json\/wp\/v2\/product"}],"about":[{"href":"https:\/\/botanicapetit.es\/en\/wp-json\/wp\/v2\/types\/product"}],"wp:featuredmedia":[{"embeddable":true,"href":"https:\/\/botanicapetit.es\/en\/wp-json\/wp\/v2\/media\/13737"}],"wp:attachment":[{"href":"https:\/\/botanicapetit.es\/en\/wp-json\/wp\/v2\/media?parent=13731"}],"wp:term":[{"taxonomy":"product_brand","embeddable":true,"href":"https:\/\/botanicapetit.es\/en\/wp-json\/wp\/v2\/product_brand?post=13731"},{"taxonomy":"product_cat","embeddable":true,"href":"https:\/\/botanicapetit.es\/en\/wp-json\/wp\/v2\/product_cat?post=13731"},{"taxonomy":"product_tag","embeddable":true,"href":"https:\/\/botanicapetit.es\/en\/wp-json\/wp\/v2\/product_tag?post=13731"}],"curies":[{"name":"wp","href":"https:\/\/api.w.org\/{rel}","templated":true}]}}