{"id":12770,"date":"2023-11-08T14:02:43","date_gmt":"2023-11-08T14:02:43","guid":{"rendered":"https:\/\/botanicapetit.es\/?post_type=product&#038;p=12770"},"modified":"2024-09-25T15:43:59","modified_gmt":"2024-09-25T15:43:59","slug":"pantalon-tiroles","status":"publish","type":"product","link":"https:\/\/botanicapetit.es\/en\/product\/pantalon-tiroles\/","title":{"rendered":"Pantal\u00f3n tirol\u00e9s"},"content":{"rendered":"<p>Cl\u00e1sicos para el d\u00eda a d\u00eda que le dar\u00e1n a tu hij@ un toque \u00fanico!<\/p>\n<p>Pantal\u00f3n corto recto con tirantes, tirantes rectos por delante y cruzados en la espalda, unidos por el frontal .\u00a0 elastico por la parte trasera de la cinturilla para un ajuste perfecto<\/p>\n<p>&nbsp;<\/p>\n<p><strong>En el cuadro de elecci\u00f3n de telas debes especificar el n\u00famero de tela en el que \u00a0quieres este producto \u00a0y seleccionar en las casilla de arriba tanto el tama\u00f1o (edad), como el tipo de bot\u00f3n<\/strong><\/p>\n<p>&nbsp;<\/p>\n<p>la tela de las fotos (ideal para navidad) es una micropana verde. tela n.67.b<\/p>","protected":false},"excerpt":{"rendered":"<p>Cl\u00e1sicos para el d\u00eda a d\u00eda que le dar\u00e1n a tu hij@ un toque \u00fanico! Pantal\u00f3n corto recto con tirantes, tirantes rectos por delante y cruzados en la espalda, unidos por el frontal .\u00a0 elastico por la parte trasera de la cinturilla para un ajuste perfecto &nbsp; En el cuadro de elecci\u00f3n de telas debes [&hellip;]<\/p>\n","protected":false},"featured_media":12771,"template":"","meta":{"om_disable_all_campaigns":false,"site-sidebar-layout":"default","site-content-layout":"","ast-site-content-layout":"default","site-content-style":"default","site-sidebar-style":"default","ast-global-header-display":"","ast-banner-title-visibility":"","ast-main-header-display":"","ast-hfb-above-header-display":"","ast-hfb-below-header-display":"","ast-hfb-mobile-header-display":"","site-post-title":"","ast-breadcrumbs-content":"","ast-featured-img":"","footer-sml-layout":"","ast-disable-related-posts":"","theme-transparent-header-meta":"default","adv-header-id-meta":"","stick-header-meta":"","header-above-stick-meta":"","header-main-stick-meta":"","header-below-stick-meta":"","astra-migrate-meta-layouts":"set","ast-page-background-enabled":"default","ast-page-background-meta":{"desktop":{"background-color":"","background-image":"","background-repeat":"repeat","background-position":"center center","background-size":"auto","background-attachment":"scroll","background-type":"","background-media":"","overlay-type":"","overlay-color":"","overlay-opacity":"","overlay-gradient":""},"tablet":{"background-color":"","background-image":"","background-repeat":"repeat","background-position":"center center","background-size":"auto","background-attachment":"scroll","background-type":"","background-media":"","overlay-type":"","overlay-color":"","overlay-opacity":"","overlay-gradient":""},"mobile":{"background-color":"","background-image":"","background-repeat":"repeat","background-position":"center center","background-size":"auto","background-attachment":"scroll","background-type":"","background-media":"","overlay-type":"","overlay-color":"","overlay-opacity":"","overlay-gradient":""}},"ast-content-background-meta":{"desktop":{"background-color":"var(--ast-global-color-5)","background-image":"","background-repeat":"repeat","background-position":"center center","background-size":"auto","background-attachment":"scroll","background-type":"","background-media":"","overlay-type":"","overlay-color":"","overlay-opacity":"","overlay-gradient":""},"tablet":{"background-color":"var(--ast-global-color-5)","background-image":"","background-repeat":"repeat","background-position":"center center","background-size":"auto","background-attachment":"scroll","background-type":"","background-media":"","overlay-type":"","overlay-color":"","overlay-opacity":"","overlay-gradient":""},"mobile":{"background-color":"var(--ast-global-color-5)","background-image":"","background-repeat":"repeat","background-position":"center center","background-size":"auto","background-attachment":"scroll","background-type":"","background-media":"","overlay-type":"","overlay-color":"","overlay-opacity":"","overlay-gradient":""}}},"product_brand":[],"product_cat":[38,34],"product_tag":[],"class_list":{"0":"post-12770","1":"product","2":"type-product","3":"status-publish","4":"has-post-thumbnail","6":"product_cat-pantalones","7":"product_cat-ropa","8":"desktop-align-left","9":"tablet-align-left","10":"mobile-align-left","12":"first","13":"instock","14":"shipping-taxable","15":"purchasable","16":"product-type-variable","17":"rtwpvs-product"},"yoast_head":"<!-- This site is optimized with the Yoast SEO plugin v26.8 - https:\/\/yoast.com\/product\/yoast-seo-wordpress\/ -->\n<title>Pantal\u00f3n tirol\u00e9s - Bota\u0301nica Petit<\/title>\n<meta name=\"robots\" content=\"index, follow, max-snippet:-1, max-image-preview:large, max-video-preview:-1\" \/>\n<link rel=\"canonical\" href=\"https:\/\/botanicapetit.es\/en\/product\/pantalon-tiroles\/\" \/>\n<meta property=\"og:locale\" content=\"en_US\" \/>\n<meta property=\"og:type\" content=\"article\" \/>\n<meta property=\"og:title\" content=\"Pantal\u00f3n tirol\u00e9s - Bota\u0301nica Petit\" \/>\n<meta property=\"og:description\" content=\"Cl\u00e1sicos para el d\u00eda a d\u00eda que le dar\u00e1n a tu hij@ un toque \u00fanico! Pantal\u00f3n corto recto con tirantes, tirantes rectos por delante y cruzados en la espalda, unidos por el frontal .\u00a0 elastico por la parte trasera de la cinturilla para un ajuste perfecto &nbsp; En el cuadro de elecci\u00f3n de telas debes [&hellip;]\" \/>\n<meta property=\"og:url\" content=\"https:\/\/botanicapetit.es\/en\/product\/pantalon-tiroles\/\" \/>\n<meta property=\"og:site_name\" content=\"Bota\u0301nica Petit\" \/>\n<meta property=\"article:modified_time\" content=\"2024-09-25T15:43:59+00:00\" \/>\n<meta property=\"og:image\" content=\"https:\/\/botanicapetit.es\/wp-content\/uploads\/2023\/11\/IMG_5137-jpg.webp\" \/>\n\t<meta property=\"og:image:width\" content=\"1024\" \/>\n\t<meta property=\"og:image:height\" content=\"1395\" \/>\n\t<meta property=\"og:image:type\" content=\"image\/jpeg\" \/>\n<meta name=\"twitter:card\" content=\"summary_large_image\" \/>\n<meta name=\"twitter:label1\" content=\"Est. reading time\" \/>\n\t<meta name=\"twitter:data1\" content=\"1 minute\" \/>\n<script type=\"application\/ld+json\" class=\"yoast-schema-graph\">{\"@context\":\"https:\/\/schema.org\",\"@graph\":[{\"@type\":\"WebPage\",\"@id\":\"https:\/\/botanicapetit.es\/producto\/pantalon-tiroles\/\",\"url\":\"https:\/\/botanicapetit.es\/producto\/pantalon-tiroles\/\",\"name\":\"Pantal\u00f3n tirol\u00e9s - Bota\u0301nica Petit\",\"isPartOf\":{\"@id\":\"https:\/\/botanicapetit.es\/#website\"},\"primaryImageOfPage\":{\"@id\":\"https:\/\/botanicapetit.es\/producto\/pantalon-tiroles\/#primaryimage\"},\"image\":{\"@id\":\"https:\/\/botanicapetit.es\/producto\/pantalon-tiroles\/#primaryimage\"},\"thumbnailUrl\":\"https:\/\/botanicapetit.es\/wp-content\/uploads\/2023\/11\/IMG_5137-jpg.webp\",\"datePublished\":\"2023-11-08T14:02:43+00:00\",\"dateModified\":\"2024-09-25T15:43:59+00:00\",\"breadcrumb\":{\"@id\":\"https:\/\/botanicapetit.es\/producto\/pantalon-tiroles\/#breadcrumb\"},\"inLanguage\":\"en-US\",\"potentialAction\":[{\"@type\":\"ReadAction\",\"target\":[\"https:\/\/botanicapetit.es\/producto\/pantalon-tiroles\/\"]}]},{\"@type\":\"ImageObject\",\"inLanguage\":\"en-US\",\"@id\":\"https:\/\/botanicapetit.es\/producto\/pantalon-tiroles\/#primaryimage\",\"url\":\"https:\/\/botanicapetit.es\/wp-content\/uploads\/2023\/11\/IMG_5137-jpg.webp\",\"contentUrl\":\"https:\/\/botanicapetit.es\/wp-content\/uploads\/2023\/11\/IMG_5137-jpg.webp\",\"width\":1024,\"height\":1395},{\"@type\":\"BreadcrumbList\",\"@id\":\"https:\/\/botanicapetit.es\/producto\/pantalon-tiroles\/#breadcrumb\",\"itemListElement\":[{\"@type\":\"ListItem\",\"position\":1,\"name\":\"Portada\",\"item\":\"https:\/\/botanicapetit.es\/\"},{\"@type\":\"ListItem\",\"position\":2,\"name\":\"Tienda\",\"item\":\"https:\/\/botanicapetit.es\/tienda\/\"},{\"@type\":\"ListItem\",\"position\":3,\"name\":\"Pantal\u00f3n tirol\u00e9s\"}]},{\"@type\":\"WebSite\",\"@id\":\"https:\/\/botanicapetit.es\/#website\",\"url\":\"https:\/\/botanicapetit.es\/\",\"name\":\"Bota\u0301nica Petit\",\"description\":\"Just another WordPress site\",\"publisher\":{\"@id\":\"https:\/\/botanicapetit.es\/#organization\"},\"potentialAction\":[{\"@type\":\"SearchAction\",\"target\":{\"@type\":\"EntryPoint\",\"urlTemplate\":\"https:\/\/botanicapetit.es\/?s={search_term_string}\"},\"query-input\":{\"@type\":\"PropertyValueSpecification\",\"valueRequired\":true,\"valueName\":\"search_term_string\"}}],\"inLanguage\":\"en-US\"},{\"@type\":\"Organization\",\"@id\":\"https:\/\/botanicapetit.es\/#organization\",\"name\":\"Bota\u0301nica Petit\",\"url\":\"https:\/\/botanicapetit.es\/\",\"logo\":{\"@type\":\"ImageObject\",\"inLanguage\":\"en-US\",\"@id\":\"https:\/\/botanicapetit.es\/#\/schema\/logo\/image\/\",\"url\":\"https:\/\/botanicapetit.es\/wp-content\/uploads\/2021\/03\/LOGO-BPETIT.png\",\"contentUrl\":\"https:\/\/botanicapetit.es\/wp-content\/uploads\/2021\/03\/LOGO-BPETIT.png\",\"width\":439,\"height\":455,\"caption\":\"Bota\u0301nica Petit\"},\"image\":{\"@id\":\"https:\/\/botanicapetit.es\/#\/schema\/logo\/image\/\"}}]}<\/script>\n<!-- \/ Yoast SEO plugin. -->","yoast_head_json":{"title":"Pantal\u00f3n tirol\u00e9s - Bota\u0301nica Petit","robots":{"index":"index","follow":"follow","max-snippet":"max-snippet:-1","max-image-preview":"max-image-preview:large","max-video-preview":"max-video-preview:-1"},"canonical":"https:\/\/botanicapetit.es\/en\/product\/pantalon-tiroles\/","og_locale":"en_US","og_type":"article","og_title":"Pantal\u00f3n tirol\u00e9s - Bota\u0301nica Petit","og_description":"Cl\u00e1sicos para el d\u00eda a d\u00eda que le dar\u00e1n a tu hij@ un toque \u00fanico! Pantal\u00f3n corto recto con tirantes, tirantes rectos por delante y cruzados en la espalda, unidos por el frontal .\u00a0 elastico por la parte trasera de la cinturilla para un ajuste perfecto &nbsp; En el cuadro de elecci\u00f3n de telas debes [&hellip;]","og_url":"https:\/\/botanicapetit.es\/en\/product\/pantalon-tiroles\/","og_site_name":"Bota\u0301nica Petit","article_modified_time":"2024-09-25T15:43:59+00:00","og_image":[{"width":1024,"height":1395,"url":"https:\/\/botanicapetit.es\/wp-content\/uploads\/2023\/11\/IMG_5137-jpg.webp","type":"image\/jpeg"}],"twitter_card":"summary_large_image","twitter_misc":{"Est. reading time":"1 minute"},"schema":{"@context":"https:\/\/schema.org","@graph":[{"@type":"WebPage","@id":"https:\/\/botanicapetit.es\/producto\/pantalon-tiroles\/","url":"https:\/\/botanicapetit.es\/producto\/pantalon-tiroles\/","name":"Pantal\u00f3n tirol\u00e9s - Bota\u0301nica Petit","isPartOf":{"@id":"https:\/\/botanicapetit.es\/#website"},"primaryImageOfPage":{"@id":"https:\/\/botanicapetit.es\/producto\/pantalon-tiroles\/#primaryimage"},"image":{"@id":"https:\/\/botanicapetit.es\/producto\/pantalon-tiroles\/#primaryimage"},"thumbnailUrl":"https:\/\/botanicapetit.es\/wp-content\/uploads\/2023\/11\/IMG_5137-jpg.webp","datePublished":"2023-11-08T14:02:43+00:00","dateModified":"2024-09-25T15:43:59+00:00","breadcrumb":{"@id":"https:\/\/botanicapetit.es\/producto\/pantalon-tiroles\/#breadcrumb"},"inLanguage":"en-US","potentialAction":[{"@type":"ReadAction","target":["https:\/\/botanicapetit.es\/producto\/pantalon-tiroles\/"]}]},{"@type":"ImageObject","inLanguage":"en-US","@id":"https:\/\/botanicapetit.es\/producto\/pantalon-tiroles\/#primaryimage","url":"https:\/\/botanicapetit.es\/wp-content\/uploads\/2023\/11\/IMG_5137-jpg.webp","contentUrl":"https:\/\/botanicapetit.es\/wp-content\/uploads\/2023\/11\/IMG_5137-jpg.webp","width":1024,"height":1395},{"@type":"BreadcrumbList","@id":"https:\/\/botanicapetit.es\/producto\/pantalon-tiroles\/#breadcrumb","itemListElement":[{"@type":"ListItem","position":1,"name":"Portada","item":"https:\/\/botanicapetit.es\/"},{"@type":"ListItem","position":2,"name":"Tienda","item":"https:\/\/botanicapetit.es\/tienda\/"},{"@type":"ListItem","position":3,"name":"Pantal\u00f3n tirol\u00e9s"}]},{"@type":"WebSite","@id":"https:\/\/botanicapetit.es\/#website","url":"https:\/\/botanicapetit.es\/","name":"Petit Botany","description":"Just another WordPress site","publisher":{"@id":"https:\/\/botanicapetit.es\/#organization"},"potentialAction":[{"@type":"SearchAction","target":{"@type":"EntryPoint","urlTemplate":"https:\/\/botanicapetit.es\/?s={search_term_string}"},"query-input":{"@type":"PropertyValueSpecification","valueRequired":true,"valueName":"search_term_string"}}],"inLanguage":"en-US"},{"@type":"Organization","@id":"https:\/\/botanicapetit.es\/#organization","name":"Petit Botany","url":"https:\/\/botanicapetit.es\/","logo":{"@type":"ImageObject","inLanguage":"en-US","@id":"https:\/\/botanicapetit.es\/#\/schema\/logo\/image\/","url":"https:\/\/botanicapetit.es\/wp-content\/uploads\/2021\/03\/LOGO-BPETIT.png","contentUrl":"https:\/\/botanicapetit.es\/wp-content\/uploads\/2021\/03\/LOGO-BPETIT.png","width":439,"height":455,"caption":"Bota\u0301nica Petit"},"image":{"@id":"https:\/\/botanicapetit.es\/#\/schema\/logo\/image\/"}}]}},"_links":{"self":[{"href":"https:\/\/botanicapetit.es\/en\/wp-json\/wp\/v2\/product\/12770","targetHints":{"allow":["GET"]}}],"collection":[{"href":"https:\/\/botanicapetit.es\/en\/wp-json\/wp\/v2\/product"}],"about":[{"href":"https:\/\/botanicapetit.es\/en\/wp-json\/wp\/v2\/types\/product"}],"wp:featuredmedia":[{"embeddable":true,"href":"https:\/\/botanicapetit.es\/en\/wp-json\/wp\/v2\/media\/12771"}],"wp:attachment":[{"href":"https:\/\/botanicapetit.es\/en\/wp-json\/wp\/v2\/media?parent=12770"}],"wp:term":[{"taxonomy":"product_brand","embeddable":true,"href":"https:\/\/botanicapetit.es\/en\/wp-json\/wp\/v2\/product_brand?post=12770"},{"taxonomy":"product_cat","embeddable":true,"href":"https:\/\/botanicapetit.es\/en\/wp-json\/wp\/v2\/product_cat?post=12770"},{"taxonomy":"product_tag","embeddable":true,"href":"https:\/\/botanicapetit.es\/en\/wp-json\/wp\/v2\/product_tag?post=12770"}],"curies":[{"name":"wp","href":"https:\/\/api.w.org\/{rel}","templated":true}]}}