{"id":10718,"date":"2023-05-02T10:45:58","date_gmt":"2023-05-02T10:45:58","guid":{"rendered":"https:\/\/botanicapetit.es\/?post_type=product&#038;p=10718"},"modified":"2025-05-18T19:01:39","modified_gmt":"2025-05-18T19:01:39","slug":"conjunto-pelele-toalla-mix-visera","status":"publish","type":"product","link":"https:\/\/botanicapetit.es\/en\/product\/conjunto-pelele-toalla-mix-visera\/","title":{"rendered":"Set towel towel mix+ visor"},"content":{"rendered":"<p><strong>pelele toalla mix + capota visera<\/strong><\/p>\n<p>pelele toalla; un modelo de pelele toalla para la playa.\u00a0 esta vez con los tirantes por fuera, con\/sin bolsillo y mas altito y podeis elegir :<\/p>\n<p>-el color de la toalla<\/p>\n<p>-la tela de los tirantes<\/p>\n<p>-el tipo de bot\u00f3n<\/p>\n<p>-y la tela que rodea el tronquito de tu hijo\/a.<\/p>\n<p>ten\u00e9is las fotos de los colores de toalla en al galer\u00eda de fotos de este producto. pod\u00e9is elegir enttre toalla beige, rosa o blanca. y ESPECIFICAR LA TELA QUE QUEREIS PARA LOS TIRANTES Y CUAL QUEREIS PARA EL LATERAL QUE RODEA TODA LA PARTE TRASERA. l. En el cuadro de elecci\u00f3n de telas debes especificar el n\u00famero de tela en el que quer\u00e9is los tirantes y en cual quer\u00e9is que sea la tela que rodea la parte traser , Por ejemplo: \u00abtoalla blanca, tirantes n.6, trasera n.11\u00bb , seleccionar en las casilla de arriba el tama\u00f1o (edad)<\/p>\n<p>y capota visera a juego (multi posici\u00f3n) pod\u00e9is ponerla como capota visera o como capota gorrito. la capota va a juego con la tela de los tirantes que elij\u00e1is. en cas que hayais seleccionado dos telas para el pelele, y quer\u00e9is que vaya a juego con la tela del tronco, especificadlo en comentarios.<\/p>\n<p>la capota que veis en las fotos es la \u201ccapota visera\u201d recordad que pod\u00e9is ir a la secci\u00f3n de capotas y hacerla a juego<\/p>","protected":false},"excerpt":{"rendered":"<p>pelele toalla mix + capota visera pelele toalla; un modelo de pelele toalla para la playa.\u00a0 esta vez con los tirantes por fuera, con\/sin bolsillo y mas altito y podeis elegir : -el color de la toalla -la tela de los tirantes -el tipo de bot\u00f3n -y la tela que rodea el tronquito de tu [&hellip;]<\/p>\n","protected":false},"featured_media":10722,"template":"","meta":{"om_disable_all_campaigns":false,"site-sidebar-layout":"default","site-content-layout":"default","ast-site-content-layout":"default","site-content-style":"default","site-sidebar-style":"default","ast-global-header-display":"","ast-banner-title-visibility":"","ast-main-header-display":"","ast-hfb-above-header-display":"","ast-hfb-below-header-display":"","ast-hfb-mobile-header-display":"","site-post-title":"","ast-breadcrumbs-content":"","ast-featured-img":"","footer-sml-layout":"","ast-disable-related-posts":"","theme-transparent-header-meta":"default","adv-header-id-meta":"","stick-header-meta":"","header-above-stick-meta":"","header-main-stick-meta":"","header-below-stick-meta":"","astra-migrate-meta-layouts":"set","ast-page-background-enabled":"default","ast-page-background-meta":{"desktop":{"background-color":"","background-image":"","background-repeat":"repeat","background-position":"center center","background-size":"auto","background-attachment":"scroll","background-type":"","background-media":"","overlay-type":"","overlay-color":"","overlay-opacity":"","overlay-gradient":""},"tablet":{"background-color":"","background-image":"","background-repeat":"repeat","background-position":"center center","background-size":"auto","background-attachment":"scroll","background-type":"","background-media":"","overlay-type":"","overlay-color":"","overlay-opacity":"","overlay-gradient":""},"mobile":{"background-color":"","background-image":"","background-repeat":"repeat","background-position":"center center","background-size":"auto","background-attachment":"scroll","background-type":"","background-media":"","overlay-type":"","overlay-color":"","overlay-opacity":"","overlay-gradient":""}},"ast-content-background-meta":{"desktop":{"background-color":"var(--ast-global-color-5)","background-image":"","background-repeat":"repeat","background-position":"center center","background-size":"auto","background-attachment":"scroll","background-type":"","background-media":"","overlay-type":"","overlay-color":"","overlay-opacity":"","overlay-gradient":""},"tablet":{"background-color":"var(--ast-global-color-5)","background-image":"","background-repeat":"repeat","background-position":"center center","background-size":"auto","background-attachment":"scroll","background-type":"","background-media":"","overlay-type":"","overlay-color":"","overlay-opacity":"","overlay-gradient":""},"mobile":{"background-color":"var(--ast-global-color-5)","background-image":"","background-repeat":"repeat","background-position":"center center","background-size":"auto","background-attachment":"scroll","background-type":"","background-media":"","overlay-type":"","overlay-color":"","overlay-opacity":"","overlay-gradient":""}}},"product_brand":[],"product_cat":[62,93,34],"product_tag":[],"class_list":{"0":"post-10718","1":"product","2":"type-product","3":"status-publish","4":"has-post-thumbnail","6":"product_cat-conjuntos","7":"product_cat-playa-piscina","8":"product_cat-ropa","9":"desktop-align-left","10":"tablet-align-left","11":"mobile-align-left","13":"first","14":"instock","15":"shipping-taxable","16":"purchasable","17":"product-type-variable","18":"rtwpvs-product"},"yoast_head":"<!-- This site is optimized with the Yoast SEO plugin v26.8 - https:\/\/yoast.com\/product\/yoast-seo-wordpress\/ -->\n<title>Conjunto pelele toalla mix+ visera - Bota\u0301nica Petit<\/title>\n<meta name=\"robots\" content=\"index, follow, max-snippet:-1, max-image-preview:large, max-video-preview:-1\" \/>\n<link rel=\"canonical\" href=\"https:\/\/botanicapetit.es\/en\/product\/conjunto-pelele-toalla-mix-visera\/\" \/>\n<meta property=\"og:locale\" content=\"en_US\" \/>\n<meta property=\"og:type\" content=\"article\" \/>\n<meta property=\"og:title\" content=\"Conjunto pelele toalla mix+ visera - Bota\u0301nica Petit\" \/>\n<meta property=\"og:description\" content=\"pelele toalla mix + capota visera pelele toalla; un modelo de pelele toalla para la playa.\u00a0 esta vez con los tirantes por fuera, con\/sin bolsillo y mas altito y podeis elegir : -el color de la toalla -la tela de los tirantes -el tipo de bot\u00f3n -y la tela que rodea el tronquito de tu [&hellip;]\" \/>\n<meta property=\"og:url\" content=\"https:\/\/botanicapetit.es\/en\/product\/conjunto-pelele-toalla-mix-visera\/\" \/>\n<meta property=\"og:site_name\" content=\"Bota\u0301nica Petit\" \/>\n<meta property=\"article:modified_time\" content=\"2025-05-18T19:01:39+00:00\" \/>\n<meta property=\"og:image\" content=\"https:\/\/botanicapetit.es\/wp-content\/uploads\/2023\/05\/IMG_4483.jpg\" \/>\n\t<meta property=\"og:image:width\" content=\"1024\" \/>\n\t<meta property=\"og:image:height\" content=\"768\" \/>\n\t<meta property=\"og:image:type\" content=\"image\/jpeg\" \/>\n<meta name=\"twitter:card\" content=\"summary_large_image\" \/>\n<meta name=\"twitter:label1\" content=\"Est. reading time\" \/>\n\t<meta name=\"twitter:data1\" content=\"2 minutes\" \/>\n<script type=\"application\/ld+json\" class=\"yoast-schema-graph\">{\"@context\":\"https:\/\/schema.org\",\"@graph\":[{\"@type\":\"WebPage\",\"@id\":\"https:\/\/botanicapetit.es\/producto\/conjunto-pelele-toalla-mix-visera\/\",\"url\":\"https:\/\/botanicapetit.es\/producto\/conjunto-pelele-toalla-mix-visera\/\",\"name\":\"Conjunto pelele toalla mix+ visera - Bota\u0301nica Petit\",\"isPartOf\":{\"@id\":\"https:\/\/botanicapetit.es\/#website\"},\"primaryImageOfPage\":{\"@id\":\"https:\/\/botanicapetit.es\/producto\/conjunto-pelele-toalla-mix-visera\/#primaryimage\"},\"image\":{\"@id\":\"https:\/\/botanicapetit.es\/producto\/conjunto-pelele-toalla-mix-visera\/#primaryimage\"},\"thumbnailUrl\":\"https:\/\/botanicapetit.es\/wp-content\/uploads\/2023\/05\/IMG_4483.jpg\",\"datePublished\":\"2023-05-02T10:45:58+00:00\",\"dateModified\":\"2025-05-18T19:01:39+00:00\",\"breadcrumb\":{\"@id\":\"https:\/\/botanicapetit.es\/producto\/conjunto-pelele-toalla-mix-visera\/#breadcrumb\"},\"inLanguage\":\"en-US\",\"potentialAction\":[{\"@type\":\"ReadAction\",\"target\":[\"https:\/\/botanicapetit.es\/producto\/conjunto-pelele-toalla-mix-visera\/\"]}]},{\"@type\":\"ImageObject\",\"inLanguage\":\"en-US\",\"@id\":\"https:\/\/botanicapetit.es\/producto\/conjunto-pelele-toalla-mix-visera\/#primaryimage\",\"url\":\"https:\/\/botanicapetit.es\/wp-content\/uploads\/2023\/05\/IMG_4483.jpg\",\"contentUrl\":\"https:\/\/botanicapetit.es\/wp-content\/uploads\/2023\/05\/IMG_4483.jpg\",\"width\":1024,\"height\":768},{\"@type\":\"BreadcrumbList\",\"@id\":\"https:\/\/botanicapetit.es\/producto\/conjunto-pelele-toalla-mix-visera\/#breadcrumb\",\"itemListElement\":[{\"@type\":\"ListItem\",\"position\":1,\"name\":\"Portada\",\"item\":\"https:\/\/botanicapetit.es\/\"},{\"@type\":\"ListItem\",\"position\":2,\"name\":\"Tienda\",\"item\":\"https:\/\/botanicapetit.es\/tienda\/\"},{\"@type\":\"ListItem\",\"position\":3,\"name\":\"Conjunto pelele toalla mix+ visera\"}]},{\"@type\":\"WebSite\",\"@id\":\"https:\/\/botanicapetit.es\/#website\",\"url\":\"https:\/\/botanicapetit.es\/\",\"name\":\"Bota\u0301nica Petit\",\"description\":\"Just another WordPress site\",\"publisher\":{\"@id\":\"https:\/\/botanicapetit.es\/#organization\"},\"potentialAction\":[{\"@type\":\"SearchAction\",\"target\":{\"@type\":\"EntryPoint\",\"urlTemplate\":\"https:\/\/botanicapetit.es\/?s={search_term_string}\"},\"query-input\":{\"@type\":\"PropertyValueSpecification\",\"valueRequired\":true,\"valueName\":\"search_term_string\"}}],\"inLanguage\":\"en-US\"},{\"@type\":\"Organization\",\"@id\":\"https:\/\/botanicapetit.es\/#organization\",\"name\":\"Bota\u0301nica Petit\",\"url\":\"https:\/\/botanicapetit.es\/\",\"logo\":{\"@type\":\"ImageObject\",\"inLanguage\":\"en-US\",\"@id\":\"https:\/\/botanicapetit.es\/#\/schema\/logo\/image\/\",\"url\":\"https:\/\/botanicapetit.es\/wp-content\/uploads\/2021\/03\/LOGO-BPETIT.png\",\"contentUrl\":\"https:\/\/botanicapetit.es\/wp-content\/uploads\/2021\/03\/LOGO-BPETIT.png\",\"width\":439,\"height\":455,\"caption\":\"Bota\u0301nica Petit\"},\"image\":{\"@id\":\"https:\/\/botanicapetit.es\/#\/schema\/logo\/image\/\"}}]}<\/script>\n<!-- \/ Yoast SEO plugin. -->","yoast_head_json":{"title":"Conjunto pelele toalla mix+ visera - Bota\u0301nica Petit","robots":{"index":"index","follow":"follow","max-snippet":"max-snippet:-1","max-image-preview":"max-image-preview:large","max-video-preview":"max-video-preview:-1"},"canonical":"https:\/\/botanicapetit.es\/en\/product\/conjunto-pelele-toalla-mix-visera\/","og_locale":"en_US","og_type":"article","og_title":"Conjunto pelele toalla mix+ visera - Bota\u0301nica Petit","og_description":"pelele toalla mix + capota visera pelele toalla; un modelo de pelele toalla para la playa.\u00a0 esta vez con los tirantes por fuera, con\/sin bolsillo y mas altito y podeis elegir : -el color de la toalla -la tela de los tirantes -el tipo de bot\u00f3n -y la tela que rodea el tronquito de tu [&hellip;]","og_url":"https:\/\/botanicapetit.es\/en\/product\/conjunto-pelele-toalla-mix-visera\/","og_site_name":"Bota\u0301nica Petit","article_modified_time":"2025-05-18T19:01:39+00:00","og_image":[{"width":1024,"height":768,"url":"https:\/\/botanicapetit.es\/wp-content\/uploads\/2023\/05\/IMG_4483.jpg","type":"image\/jpeg"}],"twitter_card":"summary_large_image","twitter_misc":{"Est. reading time":"2 minutes"},"schema":{"@context":"https:\/\/schema.org","@graph":[{"@type":"WebPage","@id":"https:\/\/botanicapetit.es\/producto\/conjunto-pelele-toalla-mix-visera\/","url":"https:\/\/botanicapetit.es\/producto\/conjunto-pelele-toalla-mix-visera\/","name":"Conjunto pelele toalla mix+ visera - Bota\u0301nica Petit","isPartOf":{"@id":"https:\/\/botanicapetit.es\/#website"},"primaryImageOfPage":{"@id":"https:\/\/botanicapetit.es\/producto\/conjunto-pelele-toalla-mix-visera\/#primaryimage"},"image":{"@id":"https:\/\/botanicapetit.es\/producto\/conjunto-pelele-toalla-mix-visera\/#primaryimage"},"thumbnailUrl":"https:\/\/botanicapetit.es\/wp-content\/uploads\/2023\/05\/IMG_4483.jpg","datePublished":"2023-05-02T10:45:58+00:00","dateModified":"2025-05-18T19:01:39+00:00","breadcrumb":{"@id":"https:\/\/botanicapetit.es\/producto\/conjunto-pelele-toalla-mix-visera\/#breadcrumb"},"inLanguage":"en-US","potentialAction":[{"@type":"ReadAction","target":["https:\/\/botanicapetit.es\/producto\/conjunto-pelele-toalla-mix-visera\/"]}]},{"@type":"ImageObject","inLanguage":"en-US","@id":"https:\/\/botanicapetit.es\/producto\/conjunto-pelele-toalla-mix-visera\/#primaryimage","url":"https:\/\/botanicapetit.es\/wp-content\/uploads\/2023\/05\/IMG_4483.jpg","contentUrl":"https:\/\/botanicapetit.es\/wp-content\/uploads\/2023\/05\/IMG_4483.jpg","width":1024,"height":768},{"@type":"BreadcrumbList","@id":"https:\/\/botanicapetit.es\/producto\/conjunto-pelele-toalla-mix-visera\/#breadcrumb","itemListElement":[{"@type":"ListItem","position":1,"name":"Portada","item":"https:\/\/botanicapetit.es\/"},{"@type":"ListItem","position":2,"name":"Tienda","item":"https:\/\/botanicapetit.es\/tienda\/"},{"@type":"ListItem","position":3,"name":"Conjunto pelele toalla mix+ visera"}]},{"@type":"WebSite","@id":"https:\/\/botanicapetit.es\/#website","url":"https:\/\/botanicapetit.es\/","name":"Petit Botany","description":"Just another WordPress site","publisher":{"@id":"https:\/\/botanicapetit.es\/#organization"},"potentialAction":[{"@type":"SearchAction","target":{"@type":"EntryPoint","urlTemplate":"https:\/\/botanicapetit.es\/?s={search_term_string}"},"query-input":{"@type":"PropertyValueSpecification","valueRequired":true,"valueName":"search_term_string"}}],"inLanguage":"en-US"},{"@type":"Organization","@id":"https:\/\/botanicapetit.es\/#organization","name":"Petit Botany","url":"https:\/\/botanicapetit.es\/","logo":{"@type":"ImageObject","inLanguage":"en-US","@id":"https:\/\/botanicapetit.es\/#\/schema\/logo\/image\/","url":"https:\/\/botanicapetit.es\/wp-content\/uploads\/2021\/03\/LOGO-BPETIT.png","contentUrl":"https:\/\/botanicapetit.es\/wp-content\/uploads\/2021\/03\/LOGO-BPETIT.png","width":439,"height":455,"caption":"Bota\u0301nica Petit"},"image":{"@id":"https:\/\/botanicapetit.es\/#\/schema\/logo\/image\/"}}]}},"_links":{"self":[{"href":"https:\/\/botanicapetit.es\/en\/wp-json\/wp\/v2\/product\/10718","targetHints":{"allow":["GET"]}}],"collection":[{"href":"https:\/\/botanicapetit.es\/en\/wp-json\/wp\/v2\/product"}],"about":[{"href":"https:\/\/botanicapetit.es\/en\/wp-json\/wp\/v2\/types\/product"}],"wp:featuredmedia":[{"embeddable":true,"href":"https:\/\/botanicapetit.es\/en\/wp-json\/wp\/v2\/media\/10722"}],"wp:attachment":[{"href":"https:\/\/botanicapetit.es\/en\/wp-json\/wp\/v2\/media?parent=10718"}],"wp:term":[{"taxonomy":"product_brand","embeddable":true,"href":"https:\/\/botanicapetit.es\/en\/wp-json\/wp\/v2\/product_brand?post=10718"},{"taxonomy":"product_cat","embeddable":true,"href":"https:\/\/botanicapetit.es\/en\/wp-json\/wp\/v2\/product_cat?post=10718"},{"taxonomy":"product_tag","embeddable":true,"href":"https:\/\/botanicapetit.es\/en\/wp-json\/wp\/v2\/product_tag?post=10718"}],"curies":[{"name":"wp","href":"https:\/\/api.w.org\/{rel}","templated":true}]}}