{"id":10606,"date":"2023-05-02T07:34:04","date_gmt":"2023-05-02T07:34:04","guid":{"rendered":"https:\/\/botanicapetit.es\/?post_type=product&#038;p=10606"},"modified":"2024-07-23T09:30:38","modified_gmt":"2024-07-23T09:30:38","slug":"poncho-capa-playa-y-piscina","status":"publish","type":"product","link":"https:\/\/botanicapetit.es\/en\/product\/poncho-capa-playa-y-piscina\/","title":{"rendered":"Poncho \/ cape beach and pool vento"},"content":{"rendered":"<p>ampliamos la colecci\u00f3n de los modelos de playa y piscina para este verano 2023 con algo que nos hab\u00e9is pedido un mont\u00f3n! &#8211;&gt; las capas\/ponchos!!<\/p>\n<p>capa\/poncho para playa o piscina, con lazadas laterales, capucha forrada de toalla en su interior, bolsillo delantero. <strong>Como queda mucho mas mona cortita y m\u00e1s c\u00f3moda para que se puedan mover bien con ella, la hacemos unos 4\/5 cent\u00edmetros por debajo del tiro.\u00a0<\/strong><\/p>\n<p>Confeccionadas con base de toalla a elegir color entre: <strong>topo, gris, blanco, azul\u00f3n y rosa<\/strong> y c<strong>ombinando la toalla con la tela que m\u00e1s os guste<\/strong> (ten\u00e9is mas de 150 disponibles) las telas las encontrar\u00e9is en este mismo producto, encima de la casilla donde pone &#8221; escribe el n\u00famero de tela&#8221;\u00a0 pone &#8220;Tela Pulsa\u00a0<a href=\"https:\/\/botanicapetit.es\/en\/telas\/\" target=\"_blank\" rel=\"noopener\">aqu\u00ed<\/a> para ver el n\u00famero de la tela que quieres.\u00b7 pulsad encima de donde pone &#8220;aqu\u00ed&#8221; y se os abrir\u00e1 todo el cat\u00e1logo.<\/p>\n<p>recordad seleccionar la talla de vuestro hij@\/ beb\u00e9, es orientativa en este caso!<\/p>\n<p>&nbsp;<\/p>\n<p>&nbsp;<\/p>\n<p>&nbsp;<\/p>","protected":false},"excerpt":{"rendered":"<p>ampliamos la colecci\u00f3n de los modelos de playa y piscina para este verano 2023 con algo que nos hab\u00e9is pedido un mont\u00f3n! &#8211;&gt; las capas\/ponchos!! capa\/poncho para playa o piscina, con lazadas laterales, capucha forrada de toalla en su interior, bolsillo delantero. Como queda mucho mas mona cortita y m\u00e1s c\u00f3moda para que se puedan [&hellip;]<\/p>\n","protected":false},"featured_media":10608,"template":"","meta":{"om_disable_all_campaigns":false,"site-sidebar-layout":"default","site-content-layout":"default","ast-site-content-layout":"default","site-content-style":"default","site-sidebar-style":"default","ast-global-header-display":"","ast-banner-title-visibility":"","ast-main-header-display":"","ast-hfb-above-header-display":"","ast-hfb-below-header-display":"","ast-hfb-mobile-header-display":"","site-post-title":"","ast-breadcrumbs-content":"","ast-featured-img":"","footer-sml-layout":"","ast-disable-related-posts":"","theme-transparent-header-meta":"default","adv-header-id-meta":"","stick-header-meta":"","header-above-stick-meta":"","header-main-stick-meta":"","header-below-stick-meta":"","astra-migrate-meta-layouts":"set","ast-page-background-enabled":"default","ast-page-background-meta":{"desktop":{"background-color":"","background-image":"","background-repeat":"repeat","background-position":"center center","background-size":"auto","background-attachment":"scroll","background-type":"","background-media":"","overlay-type":"","overlay-color":"","overlay-opacity":"","overlay-gradient":""},"tablet":{"background-color":"","background-image":"","background-repeat":"repeat","background-position":"center center","background-size":"auto","background-attachment":"scroll","background-type":"","background-media":"","overlay-type":"","overlay-color":"","overlay-opacity":"","overlay-gradient":""},"mobile":{"background-color":"","background-image":"","background-repeat":"repeat","background-position":"center center","background-size":"auto","background-attachment":"scroll","background-type":"","background-media":"","overlay-type":"","overlay-color":"","overlay-opacity":"","overlay-gradient":""}},"ast-content-background-meta":{"desktop":{"background-color":"var(--ast-global-color-5)","background-image":"","background-repeat":"repeat","background-position":"center center","background-size":"auto","background-attachment":"scroll","background-type":"","background-media":"","overlay-type":"","overlay-color":"","overlay-opacity":"","overlay-gradient":""},"tablet":{"background-color":"var(--ast-global-color-5)","background-image":"","background-repeat":"repeat","background-position":"center center","background-size":"auto","background-attachment":"scroll","background-type":"","background-media":"","overlay-type":"","overlay-color":"","overlay-opacity":"","overlay-gradient":""},"mobile":{"background-color":"var(--ast-global-color-5)","background-image":"","background-repeat":"repeat","background-position":"center center","background-size":"auto","background-attachment":"scroll","background-type":"","background-media":"","overlay-type":"","overlay-color":"","overlay-opacity":"","overlay-gradient":""}}},"product_brand":[],"product_cat":[93],"product_tag":[],"class_list":{"0":"post-10606","1":"product","2":"type-product","3":"status-publish","4":"has-post-thumbnail","6":"product_cat-playa-piscina","7":"desktop-align-left","8":"tablet-align-left","9":"mobile-align-left","11":"first","12":"instock","13":"shipping-taxable","14":"purchasable","15":"product-type-variable","16":"rtwpvs-product"},"yoast_head":"<!-- This site is optimized with the Yoast SEO plugin v26.8 - https:\/\/yoast.com\/product\/yoast-seo-wordpress\/ -->\n<title>Poncho \/ capa playa y piscina vento - Bota\u0301nica Petit<\/title>\n<meta name=\"robots\" content=\"index, follow, max-snippet:-1, max-image-preview:large, max-video-preview:-1\" \/>\n<link rel=\"canonical\" href=\"https:\/\/botanicapetit.es\/en\/product\/poncho-capa-playa-y-piscina\/\" \/>\n<meta property=\"og:locale\" content=\"en_US\" \/>\n<meta property=\"og:type\" content=\"article\" \/>\n<meta property=\"og:title\" content=\"Poncho \/ capa playa y piscina vento - Bota\u0301nica Petit\" \/>\n<meta property=\"og:description\" content=\"ampliamos la colecci\u00f3n de los modelos de playa y piscina para este verano 2023 con algo que nos hab\u00e9is pedido un mont\u00f3n! &#8211;&gt; las capas\/ponchos!! capa\/poncho para playa o piscina, con lazadas laterales, capucha forrada de toalla en su interior, bolsillo delantero. Como queda mucho mas mona cortita y m\u00e1s c\u00f3moda para que se puedan [&hellip;]\" \/>\n<meta property=\"og:url\" content=\"https:\/\/botanicapetit.es\/en\/product\/poncho-capa-playa-y-piscina\/\" \/>\n<meta property=\"og:site_name\" content=\"Bota\u0301nica Petit\" \/>\n<meta property=\"article:modified_time\" content=\"2024-07-23T09:30:38+00:00\" \/>\n<meta property=\"og:image\" content=\"https:\/\/botanicapetit.es\/wp-content\/uploads\/2023\/05\/1bb98831-86a8-47cc-8a15-cf494b40679e.jpg\" \/>\n\t<meta property=\"og:image:width\" content=\"1024\" \/>\n\t<meta property=\"og:image:height\" content=\"1820\" \/>\n\t<meta property=\"og:image:type\" content=\"image\/jpeg\" \/>\n<meta name=\"twitter:card\" content=\"summary_large_image\" \/>\n<meta name=\"twitter:label1\" content=\"Est. reading time\" \/>\n\t<meta name=\"twitter:data1\" content=\"1 minute\" \/>\n<script type=\"application\/ld+json\" class=\"yoast-schema-graph\">{\"@context\":\"https:\/\/schema.org\",\"@graph\":[{\"@type\":\"WebPage\",\"@id\":\"https:\/\/botanicapetit.es\/producto\/poncho-capa-playa-y-piscina\/\",\"url\":\"https:\/\/botanicapetit.es\/producto\/poncho-capa-playa-y-piscina\/\",\"name\":\"Poncho \/ capa playa y piscina vento - Bota\u0301nica Petit\",\"isPartOf\":{\"@id\":\"https:\/\/botanicapetit.es\/#website\"},\"primaryImageOfPage\":{\"@id\":\"https:\/\/botanicapetit.es\/producto\/poncho-capa-playa-y-piscina\/#primaryimage\"},\"image\":{\"@id\":\"https:\/\/botanicapetit.es\/producto\/poncho-capa-playa-y-piscina\/#primaryimage\"},\"thumbnailUrl\":\"https:\/\/botanicapetit.es\/wp-content\/uploads\/2023\/05\/1bb98831-86a8-47cc-8a15-cf494b40679e.jpg\",\"datePublished\":\"2023-05-02T07:34:04+00:00\",\"dateModified\":\"2024-07-23T09:30:38+00:00\",\"breadcrumb\":{\"@id\":\"https:\/\/botanicapetit.es\/producto\/poncho-capa-playa-y-piscina\/#breadcrumb\"},\"inLanguage\":\"en-US\",\"potentialAction\":[{\"@type\":\"ReadAction\",\"target\":[\"https:\/\/botanicapetit.es\/producto\/poncho-capa-playa-y-piscina\/\"]}]},{\"@type\":\"ImageObject\",\"inLanguage\":\"en-US\",\"@id\":\"https:\/\/botanicapetit.es\/producto\/poncho-capa-playa-y-piscina\/#primaryimage\",\"url\":\"https:\/\/botanicapetit.es\/wp-content\/uploads\/2023\/05\/1bb98831-86a8-47cc-8a15-cf494b40679e.jpg\",\"contentUrl\":\"https:\/\/botanicapetit.es\/wp-content\/uploads\/2023\/05\/1bb98831-86a8-47cc-8a15-cf494b40679e.jpg\",\"width\":1024,\"height\":1820},{\"@type\":\"BreadcrumbList\",\"@id\":\"https:\/\/botanicapetit.es\/producto\/poncho-capa-playa-y-piscina\/#breadcrumb\",\"itemListElement\":[{\"@type\":\"ListItem\",\"position\":1,\"name\":\"Portada\",\"item\":\"https:\/\/botanicapetit.es\/\"},{\"@type\":\"ListItem\",\"position\":2,\"name\":\"Tienda\",\"item\":\"https:\/\/botanicapetit.es\/tienda\/\"},{\"@type\":\"ListItem\",\"position\":3,\"name\":\"Poncho \/ capa playa y piscina vento\"}]},{\"@type\":\"WebSite\",\"@id\":\"https:\/\/botanicapetit.es\/#website\",\"url\":\"https:\/\/botanicapetit.es\/\",\"name\":\"Bota\u0301nica Petit\",\"description\":\"Just another WordPress site\",\"publisher\":{\"@id\":\"https:\/\/botanicapetit.es\/#organization\"},\"potentialAction\":[{\"@type\":\"SearchAction\",\"target\":{\"@type\":\"EntryPoint\",\"urlTemplate\":\"https:\/\/botanicapetit.es\/?s={search_term_string}\"},\"query-input\":{\"@type\":\"PropertyValueSpecification\",\"valueRequired\":true,\"valueName\":\"search_term_string\"}}],\"inLanguage\":\"en-US\"},{\"@type\":\"Organization\",\"@id\":\"https:\/\/botanicapetit.es\/#organization\",\"name\":\"Bota\u0301nica Petit\",\"url\":\"https:\/\/botanicapetit.es\/\",\"logo\":{\"@type\":\"ImageObject\",\"inLanguage\":\"en-US\",\"@id\":\"https:\/\/botanicapetit.es\/#\/schema\/logo\/image\/\",\"url\":\"https:\/\/botanicapetit.es\/wp-content\/uploads\/2021\/03\/LOGO-BPETIT.png\",\"contentUrl\":\"https:\/\/botanicapetit.es\/wp-content\/uploads\/2021\/03\/LOGO-BPETIT.png\",\"width\":439,\"height\":455,\"caption\":\"Bota\u0301nica Petit\"},\"image\":{\"@id\":\"https:\/\/botanicapetit.es\/#\/schema\/logo\/image\/\"}}]}<\/script>\n<!-- \/ Yoast SEO plugin. -->","yoast_head_json":{"title":"Poncho \/ capa playa y piscina vento - Bota\u0301nica Petit","robots":{"index":"index","follow":"follow","max-snippet":"max-snippet:-1","max-image-preview":"max-image-preview:large","max-video-preview":"max-video-preview:-1"},"canonical":"https:\/\/botanicapetit.es\/en\/product\/poncho-capa-playa-y-piscina\/","og_locale":"en_US","og_type":"article","og_title":"Poncho \/ capa playa y piscina vento - Bota\u0301nica Petit","og_description":"ampliamos la colecci\u00f3n de los modelos de playa y piscina para este verano 2023 con algo que nos hab\u00e9is pedido un mont\u00f3n! &#8211;&gt; las capas\/ponchos!! capa\/poncho para playa o piscina, con lazadas laterales, capucha forrada de toalla en su interior, bolsillo delantero. Como queda mucho mas mona cortita y m\u00e1s c\u00f3moda para que se puedan [&hellip;]","og_url":"https:\/\/botanicapetit.es\/en\/product\/poncho-capa-playa-y-piscina\/","og_site_name":"Bota\u0301nica Petit","article_modified_time":"2024-07-23T09:30:38+00:00","og_image":[{"width":1024,"height":1820,"url":"https:\/\/botanicapetit.es\/wp-content\/uploads\/2023\/05\/1bb98831-86a8-47cc-8a15-cf494b40679e.jpg","type":"image\/jpeg"}],"twitter_card":"summary_large_image","twitter_misc":{"Est. reading time":"1 minute"},"schema":{"@context":"https:\/\/schema.org","@graph":[{"@type":"WebPage","@id":"https:\/\/botanicapetit.es\/producto\/poncho-capa-playa-y-piscina\/","url":"https:\/\/botanicapetit.es\/producto\/poncho-capa-playa-y-piscina\/","name":"Poncho \/ capa playa y piscina vento - Bota\u0301nica Petit","isPartOf":{"@id":"https:\/\/botanicapetit.es\/#website"},"primaryImageOfPage":{"@id":"https:\/\/botanicapetit.es\/producto\/poncho-capa-playa-y-piscina\/#primaryimage"},"image":{"@id":"https:\/\/botanicapetit.es\/producto\/poncho-capa-playa-y-piscina\/#primaryimage"},"thumbnailUrl":"https:\/\/botanicapetit.es\/wp-content\/uploads\/2023\/05\/1bb98831-86a8-47cc-8a15-cf494b40679e.jpg","datePublished":"2023-05-02T07:34:04+00:00","dateModified":"2024-07-23T09:30:38+00:00","breadcrumb":{"@id":"https:\/\/botanicapetit.es\/producto\/poncho-capa-playa-y-piscina\/#breadcrumb"},"inLanguage":"en-US","potentialAction":[{"@type":"ReadAction","target":["https:\/\/botanicapetit.es\/producto\/poncho-capa-playa-y-piscina\/"]}]},{"@type":"ImageObject","inLanguage":"en-US","@id":"https:\/\/botanicapetit.es\/producto\/poncho-capa-playa-y-piscina\/#primaryimage","url":"https:\/\/botanicapetit.es\/wp-content\/uploads\/2023\/05\/1bb98831-86a8-47cc-8a15-cf494b40679e.jpg","contentUrl":"https:\/\/botanicapetit.es\/wp-content\/uploads\/2023\/05\/1bb98831-86a8-47cc-8a15-cf494b40679e.jpg","width":1024,"height":1820},{"@type":"BreadcrumbList","@id":"https:\/\/botanicapetit.es\/producto\/poncho-capa-playa-y-piscina\/#breadcrumb","itemListElement":[{"@type":"ListItem","position":1,"name":"Portada","item":"https:\/\/botanicapetit.es\/"},{"@type":"ListItem","position":2,"name":"Tienda","item":"https:\/\/botanicapetit.es\/tienda\/"},{"@type":"ListItem","position":3,"name":"Poncho \/ capa playa y piscina vento"}]},{"@type":"WebSite","@id":"https:\/\/botanicapetit.es\/#website","url":"https:\/\/botanicapetit.es\/","name":"Petit Botany","description":"Just another WordPress site","publisher":{"@id":"https:\/\/botanicapetit.es\/#organization"},"potentialAction":[{"@type":"SearchAction","target":{"@type":"EntryPoint","urlTemplate":"https:\/\/botanicapetit.es\/?s={search_term_string}"},"query-input":{"@type":"PropertyValueSpecification","valueRequired":true,"valueName":"search_term_string"}}],"inLanguage":"en-US"},{"@type":"Organization","@id":"https:\/\/botanicapetit.es\/#organization","name":"Petit Botany","url":"https:\/\/botanicapetit.es\/","logo":{"@type":"ImageObject","inLanguage":"en-US","@id":"https:\/\/botanicapetit.es\/#\/schema\/logo\/image\/","url":"https:\/\/botanicapetit.es\/wp-content\/uploads\/2021\/03\/LOGO-BPETIT.png","contentUrl":"https:\/\/botanicapetit.es\/wp-content\/uploads\/2021\/03\/LOGO-BPETIT.png","width":439,"height":455,"caption":"Bota\u0301nica Petit"},"image":{"@id":"https:\/\/botanicapetit.es\/#\/schema\/logo\/image\/"}}]}},"_links":{"self":[{"href":"https:\/\/botanicapetit.es\/en\/wp-json\/wp\/v2\/product\/10606","targetHints":{"allow":["GET"]}}],"collection":[{"href":"https:\/\/botanicapetit.es\/en\/wp-json\/wp\/v2\/product"}],"about":[{"href":"https:\/\/botanicapetit.es\/en\/wp-json\/wp\/v2\/types\/product"}],"wp:featuredmedia":[{"embeddable":true,"href":"https:\/\/botanicapetit.es\/en\/wp-json\/wp\/v2\/media\/10608"}],"wp:attachment":[{"href":"https:\/\/botanicapetit.es\/en\/wp-json\/wp\/v2\/media?parent=10606"}],"wp:term":[{"taxonomy":"product_brand","embeddable":true,"href":"https:\/\/botanicapetit.es\/en\/wp-json\/wp\/v2\/product_brand?post=10606"},{"taxonomy":"product_cat","embeddable":true,"href":"https:\/\/botanicapetit.es\/en\/wp-json\/wp\/v2\/product_cat?post=10606"},{"taxonomy":"product_tag","embeddable":true,"href":"https:\/\/botanicapetit.es\/en\/wp-json\/wp\/v2\/product_tag?post=10606"}],"curies":[{"name":"wp","href":"https:\/\/api.w.org\/{rel}","templated":true}]}}