{"id":1961,"date":"2021-04-23T13:08:52","date_gmt":"2021-04-23T13:08:52","guid":{"rendered":"https:\/\/botanicapetit.es\/?page_id=1961"},"modified":"2021-05-21T10:47:08","modified_gmt":"2021-05-21T10:47:08","slug":"cambios-y-devoluciones","status":"publish","type":"page","link":"https:\/\/botanicapetit.es\/en\/cambios-y-devoluciones\/","title":{"rendered":"RETURNS AND EXCHANGES"},"content":{"rendered":"<p><strong><u>RETURNS AND EXCHANGES<\/u><\/strong><\/p>\n\n\n\n<p>Nuestra pol\u00edtica de devoluci\u00f3n&nbsp;estar\u00e1 vigente durante 14 d\u00edas. Si han transcurrido m\u00e1s de 14 d\u00edas desde la recepci\u00f3n de su compra, no podremos ofrecerle un reembolso o cambio.<\/p>\n\n\n\n<p>Todas nuestras prendas son personalizables, es decir, pod\u00e9is elegir la combinaci\u00f3n de telas que quer\u00e9is, los botones, para admitir una devoluci\u00f3n es importante tener en consideraci\u00f3n lo siguiente; en caso de que sean prendas de una sola tela, es decir, sin mezclar dos, no habr\u00e1 problema en el plazo de 14 d\u00edas para ejercer su devoluci\u00f3n, en cambio, si nos has proporcionado unas medidas distintas a las de nuestros patrones ( y luego no le va bien)o si has elegido una combinaci\u00f3n de telas, no se podr\u00e1 devolver salvo por los siguientes motivos:<\/p>\n\n\n\n<ul class=\"wp-block-list\"><li>la prenda este mal confeccionada, o,<\/li><li>tenga un error visible<\/li><\/ul>\n\n\n\n<p>Para ser elegible para una devoluci\u00f3n, tu art\u00edculo debe estar sin uso y en las mismas condiciones en que lo has recibido. Tambi\u00e9n debe estar en el embalaje original.<\/p>\n\n\n\n<p>Los complementos NO tendr\u00e1n devoluci\u00f3n.<\/p>\n\n\n\n<p>Para completar su devoluci\u00f3n, debe enviarnos un email a <a href=\"mailto:info@botanicapetit.es\">info@botanicapetit.es<\/a> con los detalles de la devoluci\u00f3n y su n\u00famero de pedido. S\u00ed se realiza la devoluci\u00f3n finalmente, usted ser\u00e1 responsable de pagar sus propios gastos de env\u00edo para devolver el art\u00edculo. Los gastos de env\u00edo no son reembolsables.<\/p>\n\n\n\n<p><strong><u>Para aceptar el cambio, la prenda debe estar en perfecto estado.<\/u><\/strong><\/p>\n\n\n\n<p><\/p>","protected":false},"excerpt":{"rendered":"<p>CAMBIOS Y DEVOLUCIONES Nuestra pol\u00edtica de devoluci\u00f3n&nbsp;estar\u00e1 vigente durante 14 d\u00edas. Si han transcurrido m\u00e1s de 14 d\u00edas desde la recepci\u00f3n de su compra, no podremos ofrecerle un reembolso o cambio. Todas nuestras prendas son personalizables, es decir, pod\u00e9is elegir la combinaci\u00f3n de telas que quer\u00e9is, los botones, para admitir una devoluci\u00f3n es importante tener [&hellip;]<\/p>\n","protected":false},"author":1,"featured_media":0,"parent":0,"menu_order":0,"comment_status":"closed","ping_status":"closed","template":"","meta":{"om_disable_all_campaigns":false,"site-sidebar-layout":"default","site-content-layout":"default","ast-site-content-layout":"default","site-content-style":"default","site-sidebar-style":"default","ast-global-header-display":"","ast-banner-title-visibility":"","ast-main-header-display":"","ast-hfb-above-header-display":"","ast-hfb-below-header-display":"","ast-hfb-mobile-header-display":"","site-post-title":"","ast-breadcrumbs-content":"","ast-featured-img":"","footer-sml-layout":"","ast-disable-related-posts":"","theme-transparent-header-meta":"default","adv-header-id-meta":"","stick-header-meta":"","header-above-stick-meta":"","header-main-stick-meta":"","header-below-stick-meta":"","astra-migrate-meta-layouts":"default","ast-page-background-enabled":"default","ast-page-background-meta":{"desktop":{"background-color":"","background-image":"","background-repeat":"repeat","background-position":"center center","background-size":"auto","background-attachment":"scroll","background-type":"","background-media":"","overlay-type":"","overlay-color":"","overlay-opacity":"","overlay-gradient":""},"tablet":{"background-color":"","background-image":"","background-repeat":"repeat","background-position":"center center","background-size":"auto","background-attachment":"scroll","background-type":"","background-media":"","overlay-type":"","overlay-color":"","overlay-opacity":"","overlay-gradient":""},"mobile":{"background-color":"","background-image":"","background-repeat":"repeat","background-position":"center center","background-size":"auto","background-attachment":"scroll","background-type":"","background-media":"","overlay-type":"","overlay-color":"","overlay-opacity":"","overlay-gradient":""}},"ast-content-background-meta":{"desktop":{"background-color":"var(--ast-global-color-5)","background-image":"","background-repeat":"repeat","background-position":"center center","background-size":"auto","background-attachment":"scroll","background-type":"","background-media":"","overlay-type":"","overlay-color":"","overlay-opacity":"","overlay-gradient":""},"tablet":{"background-color":"var(--ast-global-color-5)","background-image":"","background-repeat":"repeat","background-position":"center center","background-size":"auto","background-attachment":"scroll","background-type":"","background-media":"","overlay-type":"","overlay-color":"","overlay-opacity":"","overlay-gradient":""},"mobile":{"background-color":"var(--ast-global-color-5)","background-image":"","background-repeat":"repeat","background-position":"center center","background-size":"auto","background-attachment":"scroll","background-type":"","background-media":"","overlay-type":"","overlay-color":"","overlay-opacity":"","overlay-gradient":""}},"footnotes":""},"class_list":["post-1961","page","type-page","status-publish","hentry"],"yoast_head":"<!-- This site is optimized with the Yoast SEO plugin v26.8 - https:\/\/yoast.com\/product\/yoast-seo-wordpress\/ -->\n<title>CAMBIOS Y DEVOLUCIONES - Bota\u0301nica Petit<\/title>\n<meta name=\"robots\" content=\"index, follow, max-snippet:-1, max-image-preview:large, max-video-preview:-1\" \/>\n<link rel=\"canonical\" href=\"https:\/\/botanicapetit.es\/en\/cambios-y-devoluciones\/\" \/>\n<meta property=\"og:locale\" content=\"en_US\" \/>\n<meta property=\"og:type\" content=\"article\" \/>\n<meta property=\"og:title\" content=\"CAMBIOS Y DEVOLUCIONES - Bota\u0301nica Petit\" \/>\n<meta property=\"og:description\" content=\"CAMBIOS Y DEVOLUCIONES Nuestra pol\u00edtica de devoluci\u00f3n&nbsp;estar\u00e1 vigente durante 14 d\u00edas. Si han transcurrido m\u00e1s de 14 d\u00edas desde la recepci\u00f3n de su compra, no podremos ofrecerle un reembolso o cambio. Todas nuestras prendas son personalizables, es decir, pod\u00e9is elegir la combinaci\u00f3n de telas que quer\u00e9is, los botones, para admitir una devoluci\u00f3n es importante tener [&hellip;]\" \/>\n<meta property=\"og:url\" content=\"https:\/\/botanicapetit.es\/en\/cambios-y-devoluciones\/\" \/>\n<meta property=\"og:site_name\" content=\"Bota\u0301nica Petit\" \/>\n<meta property=\"article:modified_time\" content=\"2021-05-21T10:47:08+00:00\" \/>\n<meta name=\"twitter:card\" content=\"summary_large_image\" \/>\n<meta name=\"twitter:label1\" content=\"Est. reading time\" \/>\n\t<meta name=\"twitter:data1\" content=\"1 minute\" \/>\n<script type=\"application\/ld+json\" class=\"yoast-schema-graph\">{\"@context\":\"https:\/\/schema.org\",\"@graph\":[{\"@type\":\"WebPage\",\"@id\":\"https:\/\/botanicapetit.es\/cambios-y-devoluciones\/\",\"url\":\"https:\/\/botanicapetit.es\/cambios-y-devoluciones\/\",\"name\":\"CAMBIOS Y DEVOLUCIONES - Bota\u0301nica Petit\",\"isPartOf\":{\"@id\":\"https:\/\/botanicapetit.es\/#website\"},\"datePublished\":\"2021-04-23T13:08:52+00:00\",\"dateModified\":\"2021-05-21T10:47:08+00:00\",\"breadcrumb\":{\"@id\":\"https:\/\/botanicapetit.es\/cambios-y-devoluciones\/#breadcrumb\"},\"inLanguage\":\"en-US\",\"potentialAction\":[{\"@type\":\"ReadAction\",\"target\":[\"https:\/\/botanicapetit.es\/cambios-y-devoluciones\/\"]}]},{\"@type\":\"BreadcrumbList\",\"@id\":\"https:\/\/botanicapetit.es\/cambios-y-devoluciones\/#breadcrumb\",\"itemListElement\":[{\"@type\":\"ListItem\",\"position\":1,\"name\":\"Portada\",\"item\":\"https:\/\/botanicapetit.es\/\"},{\"@type\":\"ListItem\",\"position\":2,\"name\":\"CAMBIOS Y DEVOLUCIONES\"}]},{\"@type\":\"WebSite\",\"@id\":\"https:\/\/botanicapetit.es\/#website\",\"url\":\"https:\/\/botanicapetit.es\/\",\"name\":\"Bota\u0301nica Petit\",\"description\":\"Just another WordPress site\",\"publisher\":{\"@id\":\"https:\/\/botanicapetit.es\/#organization\"},\"potentialAction\":[{\"@type\":\"SearchAction\",\"target\":{\"@type\":\"EntryPoint\",\"urlTemplate\":\"https:\/\/botanicapetit.es\/?s={search_term_string}\"},\"query-input\":{\"@type\":\"PropertyValueSpecification\",\"valueRequired\":true,\"valueName\":\"search_term_string\"}}],\"inLanguage\":\"en-US\"},{\"@type\":\"Organization\",\"@id\":\"https:\/\/botanicapetit.es\/#organization\",\"name\":\"Bota\u0301nica Petit\",\"url\":\"https:\/\/botanicapetit.es\/\",\"logo\":{\"@type\":\"ImageObject\",\"inLanguage\":\"en-US\",\"@id\":\"https:\/\/botanicapetit.es\/#\/schema\/logo\/image\/\",\"url\":\"https:\/\/botanicapetit.es\/wp-content\/uploads\/2021\/03\/LOGO-BPETIT.png\",\"contentUrl\":\"https:\/\/botanicapetit.es\/wp-content\/uploads\/2021\/03\/LOGO-BPETIT.png\",\"width\":439,\"height\":455,\"caption\":\"Bota\u0301nica Petit\"},\"image\":{\"@id\":\"https:\/\/botanicapetit.es\/#\/schema\/logo\/image\/\"}}]}<\/script>\n<!-- \/ Yoast SEO plugin. -->","yoast_head_json":{"title":"CAMBIOS Y DEVOLUCIONES - Bota\u0301nica Petit","robots":{"index":"index","follow":"follow","max-snippet":"max-snippet:-1","max-image-preview":"max-image-preview:large","max-video-preview":"max-video-preview:-1"},"canonical":"https:\/\/botanicapetit.es\/en\/cambios-y-devoluciones\/","og_locale":"en_US","og_type":"article","og_title":"CAMBIOS Y DEVOLUCIONES - Bota\u0301nica Petit","og_description":"CAMBIOS Y DEVOLUCIONES Nuestra pol\u00edtica de devoluci\u00f3n&nbsp;estar\u00e1 vigente durante 14 d\u00edas. Si han transcurrido m\u00e1s de 14 d\u00edas desde la recepci\u00f3n de su compra, no podremos ofrecerle un reembolso o cambio. Todas nuestras prendas son personalizables, es decir, pod\u00e9is elegir la combinaci\u00f3n de telas que quer\u00e9is, los botones, para admitir una devoluci\u00f3n es importante tener [&hellip;]","og_url":"https:\/\/botanicapetit.es\/en\/cambios-y-devoluciones\/","og_site_name":"Bota\u0301nica Petit","article_modified_time":"2021-05-21T10:47:08+00:00","twitter_card":"summary_large_image","twitter_misc":{"Est. reading time":"1 minute"},"schema":{"@context":"https:\/\/schema.org","@graph":[{"@type":"WebPage","@id":"https:\/\/botanicapetit.es\/cambios-y-devoluciones\/","url":"https:\/\/botanicapetit.es\/cambios-y-devoluciones\/","name":"CAMBIOS Y DEVOLUCIONES - Bota\u0301nica Petit","isPartOf":{"@id":"https:\/\/botanicapetit.es\/#website"},"datePublished":"2021-04-23T13:08:52+00:00","dateModified":"2021-05-21T10:47:08+00:00","breadcrumb":{"@id":"https:\/\/botanicapetit.es\/cambios-y-devoluciones\/#breadcrumb"},"inLanguage":"en-US","potentialAction":[{"@type":"ReadAction","target":["https:\/\/botanicapetit.es\/cambios-y-devoluciones\/"]}]},{"@type":"BreadcrumbList","@id":"https:\/\/botanicapetit.es\/cambios-y-devoluciones\/#breadcrumb","itemListElement":[{"@type":"ListItem","position":1,"name":"Portada","item":"https:\/\/botanicapetit.es\/"},{"@type":"ListItem","position":2,"name":"CAMBIOS Y DEVOLUCIONES"}]},{"@type":"WebSite","@id":"https:\/\/botanicapetit.es\/#website","url":"https:\/\/botanicapetit.es\/","name":"Petit Botany","description":"Just another WordPress site","publisher":{"@id":"https:\/\/botanicapetit.es\/#organization"},"potentialAction":[{"@type":"SearchAction","target":{"@type":"EntryPoint","urlTemplate":"https:\/\/botanicapetit.es\/?s={search_term_string}"},"query-input":{"@type":"PropertyValueSpecification","valueRequired":true,"valueName":"search_term_string"}}],"inLanguage":"en-US"},{"@type":"Organization","@id":"https:\/\/botanicapetit.es\/#organization","name":"Petit Botany","url":"https:\/\/botanicapetit.es\/","logo":{"@type":"ImageObject","inLanguage":"en-US","@id":"https:\/\/botanicapetit.es\/#\/schema\/logo\/image\/","url":"https:\/\/botanicapetit.es\/wp-content\/uploads\/2021\/03\/LOGO-BPETIT.png","contentUrl":"https:\/\/botanicapetit.es\/wp-content\/uploads\/2021\/03\/LOGO-BPETIT.png","width":439,"height":455,"caption":"Bota\u0301nica Petit"},"image":{"@id":"https:\/\/botanicapetit.es\/#\/schema\/logo\/image\/"}}]}},"_links":{"self":[{"href":"https:\/\/botanicapetit.es\/en\/wp-json\/wp\/v2\/pages\/1961","targetHints":{"allow":["GET"]}}],"collection":[{"href":"https:\/\/botanicapetit.es\/en\/wp-json\/wp\/v2\/pages"}],"about":[{"href":"https:\/\/botanicapetit.es\/en\/wp-json\/wp\/v2\/types\/page"}],"author":[{"embeddable":true,"href":"https:\/\/botanicapetit.es\/en\/wp-json\/wp\/v2\/users\/1"}],"replies":[{"embeddable":true,"href":"https:\/\/botanicapetit.es\/en\/wp-json\/wp\/v2\/comments?post=1961"}],"version-history":[{"count":3,"href":"https:\/\/botanicapetit.es\/en\/wp-json\/wp\/v2\/pages\/1961\/revisions"}],"predecessor-version":[{"id":4436,"href":"https:\/\/botanicapetit.es\/en\/wp-json\/wp\/v2\/pages\/1961\/revisions\/4436"}],"wp:attachment":[{"href":"https:\/\/botanicapetit.es\/en\/wp-json\/wp\/v2\/media?parent=1961"}],"curies":[{"name":"wp","href":"https:\/\/api.w.org\/{rel}","templated":true}]}}