{"id":1960,"date":"2021-04-23T13:03:07","date_gmt":"2021-04-23T13:03:07","guid":{"rendered":"https:\/\/botanicapetit.es\/?page_id=1960"},"modified":"2021-05-21T10:47:04","modified_gmt":"2021-05-21T10:47:04","slug":"guia-de-compra","status":"publish","type":"page","link":"https:\/\/botanicapetit.es\/en\/guia-de-compra\/","title":{"rendered":"BUYING GUIDE"},"content":{"rendered":"<p>En nuestra web encontrar\u00e1s todas nuestras prendas y accesorios, la compra es muy sencilla, solo deber\u00e1s entrar en el producto que se guste, elegir la tela en la que quieres tu prenda, el tipo de bot\u00f3n y la edad y a\u00f1adirlo a tu carrito de la compra.<\/p>\n\n\n\n<p>Hay algunos modelos en los que pod\u00e9is elegir varias telas, por ejemplo, en un peto podr\u00e9is elegir una tela de base y otra para los tirantes, en ese caso deb\u00e9is especificar en el cuadrado de telas que n\u00famero de tela quer\u00e9is para cada parte. ( Ej: base n.12 y tirantes n.34).<\/p>\n\n\n\n<p>EN CASO DE TENER CUALQUIER DUDA, por favor, ponte en contacto con nosotras a trav\u00e9s de este correo electr\u00f3nico <a href=\"mailto:info@botanicapetit.es\">info@botanicapetit.es<\/a> Instagram @botanicapetit o whatsapp 633036337estaremos encantadas de ayudarte.<\/p>\n\n\n\n<p>Una vez realizada tu compra, pasamos el pedido a nuestro taller y comenzamos a confeccionar tus prendas para que tengas tu pedido en casa cuanto antes. <strong>El plazo medio de entrega suele ser de unos 15\/20 d\u00edas laborables<\/strong> (plazo que puede variar seg\u00fan el volumen de trabajo en nuestro taller).<\/p>\n\n\n\n<p>Los gastos de env\u00edo son 5,95 euros a Espa\u00f1a (islas incluidas y siempre env\u00edo certificado), resto de destinos (nacional o internacional) consultar v\u00eda mail\/tel\u00e9fono.<\/p>\n\n\n\n<p>Con pedidos superiores a 100 euros, los gastos de env\u00edos en la pen\u00ednsula e islas ser\u00e1n gratuitos.<\/p>\n\n\n\n<p>Para env\u00edos fuera de pen\u00ednsula o internacionales consultar tarifas enviando un mail a <a href=\"mailto:info@botanicapetit.es\">info@botanicapetit.es<\/a><\/p>\n\n\n\n<p><\/p>","protected":false},"excerpt":{"rendered":"<p>En nuestra web encontrar\u00e1s todas nuestras prendas y accesorios, la compra es muy sencilla, solo deber\u00e1s entrar en el producto que se guste, elegir la tela en la que quieres tu prenda, el tipo de bot\u00f3n y la edad y a\u00f1adirlo a tu carrito de la compra. Hay algunos modelos en los que pod\u00e9is elegir [&hellip;]<\/p>\n","protected":false},"author":1,"featured_media":0,"parent":0,"menu_order":0,"comment_status":"closed","ping_status":"closed","template":"","meta":{"om_disable_all_campaigns":false,"site-sidebar-layout":"default","site-content-layout":"default","ast-site-content-layout":"default","site-content-style":"default","site-sidebar-style":"default","ast-global-header-display":"","ast-banner-title-visibility":"","ast-main-header-display":"","ast-hfb-above-header-display":"","ast-hfb-below-header-display":"","ast-hfb-mobile-header-display":"","site-post-title":"","ast-breadcrumbs-content":"","ast-featured-img":"","footer-sml-layout":"","ast-disable-related-posts":"","theme-transparent-header-meta":"default","adv-header-id-meta":"","stick-header-meta":"","header-above-stick-meta":"","header-main-stick-meta":"","header-below-stick-meta":"","astra-migrate-meta-layouts":"default","ast-page-background-enabled":"default","ast-page-background-meta":{"desktop":{"background-color":"","background-image":"","background-repeat":"repeat","background-position":"center center","background-size":"auto","background-attachment":"scroll","background-type":"","background-media":"","overlay-type":"","overlay-color":"","overlay-opacity":"","overlay-gradient":""},"tablet":{"background-color":"","background-image":"","background-repeat":"repeat","background-position":"center center","background-size":"auto","background-attachment":"scroll","background-type":"","background-media":"","overlay-type":"","overlay-color":"","overlay-opacity":"","overlay-gradient":""},"mobile":{"background-color":"","background-image":"","background-repeat":"repeat","background-position":"center center","background-size":"auto","background-attachment":"scroll","background-type":"","background-media":"","overlay-type":"","overlay-color":"","overlay-opacity":"","overlay-gradient":""}},"ast-content-background-meta":{"desktop":{"background-color":"var(--ast-global-color-5)","background-image":"","background-repeat":"repeat","background-position":"center center","background-size":"auto","background-attachment":"scroll","background-type":"","background-media":"","overlay-type":"","overlay-color":"","overlay-opacity":"","overlay-gradient":""},"tablet":{"background-color":"var(--ast-global-color-5)","background-image":"","background-repeat":"repeat","background-position":"center center","background-size":"auto","background-attachment":"scroll","background-type":"","background-media":"","overlay-type":"","overlay-color":"","overlay-opacity":"","overlay-gradient":""},"mobile":{"background-color":"var(--ast-global-color-5)","background-image":"","background-repeat":"repeat","background-position":"center center","background-size":"auto","background-attachment":"scroll","background-type":"","background-media":"","overlay-type":"","overlay-color":"","overlay-opacity":"","overlay-gradient":""}},"footnotes":""},"class_list":["post-1960","page","type-page","status-publish","hentry"],"yoast_head":"<!-- This site is optimized with the Yoast SEO plugin v26.8 - https:\/\/yoast.com\/product\/yoast-seo-wordpress\/ -->\n<title>GU\u00cdA DE COMPRA - Bota\u0301nica Petit<\/title>\n<meta name=\"robots\" content=\"index, follow, max-snippet:-1, max-image-preview:large, max-video-preview:-1\" \/>\n<link rel=\"canonical\" href=\"https:\/\/botanicapetit.es\/en\/guia-de-compra\/\" \/>\n<meta property=\"og:locale\" content=\"en_US\" \/>\n<meta property=\"og:type\" content=\"article\" \/>\n<meta property=\"og:title\" content=\"GU\u00cdA DE COMPRA - Bota\u0301nica Petit\" \/>\n<meta property=\"og:description\" content=\"En nuestra web encontrar\u00e1s todas nuestras prendas y accesorios, la compra es muy sencilla, solo deber\u00e1s entrar en el producto que se guste, elegir la tela en la que quieres tu prenda, el tipo de bot\u00f3n y la edad y a\u00f1adirlo a tu carrito de la compra. Hay algunos modelos en los que pod\u00e9is elegir [&hellip;]\" \/>\n<meta property=\"og:url\" content=\"https:\/\/botanicapetit.es\/en\/guia-de-compra\/\" \/>\n<meta property=\"og:site_name\" content=\"Bota\u0301nica Petit\" \/>\n<meta property=\"article:modified_time\" content=\"2021-05-21T10:47:04+00:00\" \/>\n<meta name=\"twitter:card\" content=\"summary_large_image\" \/>\n<meta name=\"twitter:label1\" content=\"Est. reading time\" \/>\n\t<meta name=\"twitter:data1\" content=\"2 minutes\" \/>\n<script type=\"application\/ld+json\" class=\"yoast-schema-graph\">{\"@context\":\"https:\/\/schema.org\",\"@graph\":[{\"@type\":\"WebPage\",\"@id\":\"https:\/\/botanicapetit.es\/guia-de-compra\/\",\"url\":\"https:\/\/botanicapetit.es\/guia-de-compra\/\",\"name\":\"GU\u00cdA DE COMPRA - Bota\u0301nica Petit\",\"isPartOf\":{\"@id\":\"https:\/\/botanicapetit.es\/#website\"},\"datePublished\":\"2021-04-23T13:03:07+00:00\",\"dateModified\":\"2021-05-21T10:47:04+00:00\",\"breadcrumb\":{\"@id\":\"https:\/\/botanicapetit.es\/guia-de-compra\/#breadcrumb\"},\"inLanguage\":\"en-US\",\"potentialAction\":[{\"@type\":\"ReadAction\",\"target\":[\"https:\/\/botanicapetit.es\/guia-de-compra\/\"]}]},{\"@type\":\"BreadcrumbList\",\"@id\":\"https:\/\/botanicapetit.es\/guia-de-compra\/#breadcrumb\",\"itemListElement\":[{\"@type\":\"ListItem\",\"position\":1,\"name\":\"Portada\",\"item\":\"https:\/\/botanicapetit.es\/\"},{\"@type\":\"ListItem\",\"position\":2,\"name\":\"GU\u00cdA DE COMPRA\"}]},{\"@type\":\"WebSite\",\"@id\":\"https:\/\/botanicapetit.es\/#website\",\"url\":\"https:\/\/botanicapetit.es\/\",\"name\":\"Bota\u0301nica Petit\",\"description\":\"Just another WordPress site\",\"publisher\":{\"@id\":\"https:\/\/botanicapetit.es\/#organization\"},\"potentialAction\":[{\"@type\":\"SearchAction\",\"target\":{\"@type\":\"EntryPoint\",\"urlTemplate\":\"https:\/\/botanicapetit.es\/?s={search_term_string}\"},\"query-input\":{\"@type\":\"PropertyValueSpecification\",\"valueRequired\":true,\"valueName\":\"search_term_string\"}}],\"inLanguage\":\"en-US\"},{\"@type\":\"Organization\",\"@id\":\"https:\/\/botanicapetit.es\/#organization\",\"name\":\"Bota\u0301nica Petit\",\"url\":\"https:\/\/botanicapetit.es\/\",\"logo\":{\"@type\":\"ImageObject\",\"inLanguage\":\"en-US\",\"@id\":\"https:\/\/botanicapetit.es\/#\/schema\/logo\/image\/\",\"url\":\"https:\/\/botanicapetit.es\/wp-content\/uploads\/2021\/03\/LOGO-BPETIT.png\",\"contentUrl\":\"https:\/\/botanicapetit.es\/wp-content\/uploads\/2021\/03\/LOGO-BPETIT.png\",\"width\":439,\"height\":455,\"caption\":\"Bota\u0301nica Petit\"},\"image\":{\"@id\":\"https:\/\/botanicapetit.es\/#\/schema\/logo\/image\/\"}}]}<\/script>\n<!-- \/ Yoast SEO plugin. -->","yoast_head_json":{"title":"GU\u00cdA DE COMPRA - Bota\u0301nica Petit","robots":{"index":"index","follow":"follow","max-snippet":"max-snippet:-1","max-image-preview":"max-image-preview:large","max-video-preview":"max-video-preview:-1"},"canonical":"https:\/\/botanicapetit.es\/en\/guia-de-compra\/","og_locale":"en_US","og_type":"article","og_title":"GU\u00cdA DE COMPRA - Bota\u0301nica Petit","og_description":"En nuestra web encontrar\u00e1s todas nuestras prendas y accesorios, la compra es muy sencilla, solo deber\u00e1s entrar en el producto que se guste, elegir la tela en la que quieres tu prenda, el tipo de bot\u00f3n y la edad y a\u00f1adirlo a tu carrito de la compra. Hay algunos modelos en los que pod\u00e9is elegir [&hellip;]","og_url":"https:\/\/botanicapetit.es\/en\/guia-de-compra\/","og_site_name":"Bota\u0301nica Petit","article_modified_time":"2021-05-21T10:47:04+00:00","twitter_card":"summary_large_image","twitter_misc":{"Est. reading time":"2 minutes"},"schema":{"@context":"https:\/\/schema.org","@graph":[{"@type":"WebPage","@id":"https:\/\/botanicapetit.es\/guia-de-compra\/","url":"https:\/\/botanicapetit.es\/guia-de-compra\/","name":"GU\u00cdA DE COMPRA - Bota\u0301nica Petit","isPartOf":{"@id":"https:\/\/botanicapetit.es\/#website"},"datePublished":"2021-04-23T13:03:07+00:00","dateModified":"2021-05-21T10:47:04+00:00","breadcrumb":{"@id":"https:\/\/botanicapetit.es\/guia-de-compra\/#breadcrumb"},"inLanguage":"en-US","potentialAction":[{"@type":"ReadAction","target":["https:\/\/botanicapetit.es\/guia-de-compra\/"]}]},{"@type":"BreadcrumbList","@id":"https:\/\/botanicapetit.es\/guia-de-compra\/#breadcrumb","itemListElement":[{"@type":"ListItem","position":1,"name":"Portada","item":"https:\/\/botanicapetit.es\/"},{"@type":"ListItem","position":2,"name":"GU\u00cdA DE COMPRA"}]},{"@type":"WebSite","@id":"https:\/\/botanicapetit.es\/#website","url":"https:\/\/botanicapetit.es\/","name":"Petit Botany","description":"Just another WordPress site","publisher":{"@id":"https:\/\/botanicapetit.es\/#organization"},"potentialAction":[{"@type":"SearchAction","target":{"@type":"EntryPoint","urlTemplate":"https:\/\/botanicapetit.es\/?s={search_term_string}"},"query-input":{"@type":"PropertyValueSpecification","valueRequired":true,"valueName":"search_term_string"}}],"inLanguage":"en-US"},{"@type":"Organization","@id":"https:\/\/botanicapetit.es\/#organization","name":"Petit Botany","url":"https:\/\/botanicapetit.es\/","logo":{"@type":"ImageObject","inLanguage":"en-US","@id":"https:\/\/botanicapetit.es\/#\/schema\/logo\/image\/","url":"https:\/\/botanicapetit.es\/wp-content\/uploads\/2021\/03\/LOGO-BPETIT.png","contentUrl":"https:\/\/botanicapetit.es\/wp-content\/uploads\/2021\/03\/LOGO-BPETIT.png","width":439,"height":455,"caption":"Bota\u0301nica Petit"},"image":{"@id":"https:\/\/botanicapetit.es\/#\/schema\/logo\/image\/"}}]}},"_links":{"self":[{"href":"https:\/\/botanicapetit.es\/en\/wp-json\/wp\/v2\/pages\/1960","targetHints":{"allow":["GET"]}}],"collection":[{"href":"https:\/\/botanicapetit.es\/en\/wp-json\/wp\/v2\/pages"}],"about":[{"href":"https:\/\/botanicapetit.es\/en\/wp-json\/wp\/v2\/types\/page"}],"author":[{"embeddable":true,"href":"https:\/\/botanicapetit.es\/en\/wp-json\/wp\/v2\/users\/1"}],"replies":[{"embeddable":true,"href":"https:\/\/botanicapetit.es\/en\/wp-json\/wp\/v2\/comments?post=1960"}],"version-history":[{"count":3,"href":"https:\/\/botanicapetit.es\/en\/wp-json\/wp\/v2\/pages\/1960\/revisions"}],"predecessor-version":[{"id":4435,"href":"https:\/\/botanicapetit.es\/en\/wp-json\/wp\/v2\/pages\/1960\/revisions\/4435"}],"wp:attachment":[{"href":"https:\/\/botanicapetit.es\/en\/wp-json\/wp\/v2\/media?parent=1960"}],"curies":[{"name":"wp","href":"https:\/\/api.w.org\/{rel}","templated":true}]}}