{"id":1955,"date":"2021-04-23T13:00:00","date_gmt":"2021-04-23T13:00:00","guid":{"rendered":"https:\/\/botanicapetit.es\/?page_id=1955"},"modified":"2021-05-21T10:44:21","modified_gmt":"2021-05-21T10:44:21","slug":"politica-de-privacidad","status":"publish","type":"page","link":"https:\/\/botanicapetit.es\/en\/politica-de-privacidad\/","title":{"rendered":"Pol\u00edtica de privacidad"},"content":{"rendered":"<p><strong>1. INFORMACI\u00d3N AL USUARIO<\/strong><\/p>\n\n\n\n<p><strong>BOT\u00c1NICA PETIT S.L., <\/strong>con CIFB27877307, (en adelante RESPONSABLE), es el Responsable del tratamiento de los datos personales del Usuario&nbsp;y le informa que estos datos ser\u00e1n tratados de conformidad con lo dispuesto en el Reglamento (UE) 2016\/679 de 27 de abril&nbsp;(GDPR) y la Ley Org\u00e1nica 3\/2018&nbsp;de 5 de diciembre&nbsp;(LOPD), por lo que se le facilita la&nbsp;siguiente informaci\u00f3n del tratamiento:<\/p>\n\n\n\n<p><strong>Fin del tratamiento<\/strong>:&nbsp;mantener una relaci\u00f3n comercial con el Usuario. Las operaciones previstas para realizar el&nbsp;tratamiento son:<\/p>\n\n\n\n<ul class=\"wp-block-list\"><li>Tramitar encargos, solicitudes o cualquier tipo de petici\u00f3n que sea realizada por el usuario a trav\u00e9s de cualquiera de las formas de contacto que se ponen a su disposici\u00f3n.&nbsp;<\/li><li>Gesti\u00f3n de la prestaci\u00f3n de servicios y con fines de facturaci\u00f3n.<\/li><\/ul>\n\n\n\n<p><strong>Base jur\u00eddica del tratamiento<\/strong>: consentimiento del interesado.<\/p>\n\n\n\n<p><strong>Criterios de conservaci\u00f3n de los datos<\/strong>:&nbsp;se conservar\u00e1n durante no m\u00e1s tiempo del necesario para mantener el fin del tratamiento y cuando ya no sea necesario para tal fin,&nbsp;se suprimir\u00e1n con medidas de seguridad adecuadas para garantizar la seudonimizaci\u00f3n de los datos o la destrucci\u00f3n total de los mismos.<\/p>\n\n\n\n<p><strong>Comunicaci\u00f3n de&nbsp;los datos<\/strong>: No se comunicar\u00e1n los datos a terceros, salvo con fines contables y de facturaci\u00f3n u obligaci\u00f3n legal.<\/p>\n\n\n\n<p><strong>Derechos que asisten al Usuario<\/strong>:<\/p>\n\n\n\n<ul class=\"wp-block-list\"><li>Derecho a retirar el consentimiento en cualquier momento.<\/li><li>Derecho de acceso, rectificaci\u00f3n, portabilidad y supresi\u00f3n de sus datos y a la limitaci\u00f3n u oposici\u00f3n al su tratamiento.<\/li><li>Derecho a presentar una reclamaci\u00f3n ante la autoridad de control (www.aepd.es) si&nbsp;considera que el tratamiento no se ajusta a la normativa vigente.<\/li><\/ul>\n\n\n\n<p><strong>Datos de contacto para ejercer sus derechos<\/strong>:<\/p>\n\n\n\n<p>En la direcci\u00f3n R\u00faa Urbanizaci\u00f3n Mi\u00f1or 85\u00aa, 36380,Gondomar, Pontevedra, o a trav\u00e9s del correo electr\u00f3nico indicando en el asunto EJERCICIO DE LOS DERECHOS y fotocopia del DNI.<\/p>\n\n\n\n<p>Email: <a href=\"mailto:info@botanicapetit.com\">info@botanicapetit.com<\/a> o <a href=\"mailto:petit@botanicaeventos.com\">petit@botanicaeventos.com<\/a><\/p>\n\n\n\n<p><strong>2. CAR\u00c1CTER OBLIGATORIO O FACULTATIVO DE LA INFORMACI\u00d3N FACILITADA POR EL USUARIO<\/strong><\/p>\n\n\n\n<p>El Usuario garantiza que los datos personales facilitados al RESPONSABLE&nbsp;son veraces y se hace responsable de comunicar cualquier modificaci\u00f3n de los mismos.&nbsp;<\/p>\n\n\n\n<p>El RESPONSABLE informa y garantiza expresamente a los usuarios que sus datos personales no ser\u00e1n cedidos en ning\u00fan caso a terceros, y que siempre que realizara alg\u00fan tipo de cesi\u00f3n de datos personales, se pedir\u00e1 previamente el consentimiento expreso, informado e inequ\u00edvoco por parte los Usuarios. Todos los datos solicitados a trav\u00e9s del sitio web son obligatorios, ya que son necesarios para la prestaci\u00f3n de un servicio \u00f3ptimo al Usuario. En caso de que no sean facilitados todos los datos, no se garantiza que los servicios facilitados sean los \u00f3ptimos.<br>&nbsp;&nbsp;<\/p>\n\n\n\n<p><strong>3. MEDIDAS DE SEGURIDAD<\/strong><\/p>\n\n\n\n<p>Que de conformidad con lo dispuesto en las normativas vigentes en protecci\u00f3n de datos personales, el RESPONSABLE&nbsp;est\u00e1 cumpliendo con todas las disposiciones de las normativas GDPR y LOPD&nbsp;para&nbsp;el tratamiento de los datos personales de su responsabilidad, y manifiestamente con los principios descritos en el art\u00edculo 5 del GDPR, por los cuales son tratados de manera l\u00edcita, leal y transparente en relaci\u00f3n con el interesado y adecuados, pertinentes y limitados a lo necesario en relaci\u00f3n con los fines para los que son tratados.<\/p>\n\n\n\n<p>El RESPONSABLE&nbsp;garantiza que ha implementado pol\u00edticas t\u00e9cnicas y organizativas apropiadas para aplicar las medidas de seguridad que establecen el GDPR y en la LOPD con el fin de proteger los derechos y libertades de los Usuarios y les ha comunicado la informaci\u00f3n adecuada para que puedan ejercerlos.<\/p>\n\n\n\n<p><strong>4.&nbsp; MODIFICACI\u00d3N DE LA POL\u00cdTICA DE PRIVACIDAD<\/strong><\/p>\n\n\n\n<p>BOT\u00c1NICA EVENTOS S.L. se reserva el derecho a modificar su Pol\u00edtica de Privacidad, de acuerdo a su propio criterio, o motivado por un cambio legislativo, jurisprudencial o doctrinal de la Agencia Espa\u00f1ola de Protecci\u00f3n de Datos.<\/p>\n\n\n\n<p>Cualquier modificaci\u00f3n de la Pol\u00edtica de Privacidad ser\u00e1 publicada al menos 30 d\u00edas antes de su efectiva aplicaci\u00f3n. El uso de la Web despu\u00e9s de dichos cambios, implicar\u00e1 la aceptaci\u00f3n de estos.<\/p>\n\n\n\n<p><strong>5.&nbsp; EDAD DE CONSENTIMIENTO<\/strong><\/p>\n\n\n\n<p><br>Al utilizar este sitio, declaras que tienes al menos la mayor\u00eda de edad en tu estado o provincia de residencia.<\/p>\n\n\n\n<p><strong>6. LEY APLICABLE Y&nbsp;JURISDICCI\u00d3N<\/strong><\/p>\n\n\n\n<p>Para la resoluci\u00f3n de todas las controversias o cuestiones relacionadas con el presente sitio web o de las actividades en \u00e9l desarrolladas, ser\u00e1 de aplicaci\u00f3n la legislaci\u00f3nespa\u00f1ola, a la que se someten expresamente las partes, siendo competentes para la resoluci\u00f3n de todos los conflictos derivados o relacionados con su uso los Juzgados y Tribunales de VIGO.<\/p>\n\n\n\n<p><strong>7. POL\u00cdTICA DE PRIVACIDAD DE WEB Y REDES SOCIALES<\/strong><\/p>\n\n\n\n<p>Todos los textos e im\u00e1genes incluidos en esta web, as\u00ed como cualquier otro tipo de informaci\u00f3n, son propiedad de BOT\u00c1NICA EVENTOS S.L.y est\u00e1n protegidos por las leyes y tratados sobre derechos de autor, as\u00ed como por otras leyes y tratados sobre la propiedad intelectual, lo que proh\u00edbe totalmente su uso y divulgaci\u00f3n.<\/p>\n\n\n\n<p><\/p>","protected":false},"excerpt":{"rendered":"<p>1. INFORMACI\u00d3N AL USUARIO BOT\u00c1NICA PETIT S.L., con CIFB27877307, (en adelante RESPONSABLE), es el Responsable del tratamiento de los datos personales del Usuario&nbsp;y le informa que estos datos ser\u00e1n tratados de conformidad con lo dispuesto en el Reglamento (UE) 2016\/679 de 27 de abril&nbsp;(GDPR) y la Ley Org\u00e1nica 3\/2018&nbsp;de 5 de diciembre&nbsp;(LOPD), por lo que [&hellip;]<\/p>\n","protected":false},"author":1,"featured_media":0,"parent":0,"menu_order":0,"comment_status":"closed","ping_status":"closed","template":"","meta":{"om_disable_all_campaigns":false,"site-sidebar-layout":"default","site-content-layout":"default","ast-site-content-layout":"default","site-content-style":"default","site-sidebar-style":"default","ast-global-header-display":"","ast-banner-title-visibility":"","ast-main-header-display":"","ast-hfb-above-header-display":"","ast-hfb-below-header-display":"","ast-hfb-mobile-header-display":"","site-post-title":"","ast-breadcrumbs-content":"","ast-featured-img":"","footer-sml-layout":"","ast-disable-related-posts":"","theme-transparent-header-meta":"default","adv-header-id-meta":"","stick-header-meta":"","header-above-stick-meta":"","header-main-stick-meta":"","header-below-stick-meta":"","astra-migrate-meta-layouts":"default","ast-page-background-enabled":"default","ast-page-background-meta":{"desktop":{"background-color":"","background-image":"","background-repeat":"repeat","background-position":"center center","background-size":"auto","background-attachment":"scroll","background-type":"","background-media":"","overlay-type":"","overlay-color":"","overlay-opacity":"","overlay-gradient":""},"tablet":{"background-color":"","background-image":"","background-repeat":"repeat","background-position":"center center","background-size":"auto","background-attachment":"scroll","background-type":"","background-media":"","overlay-type":"","overlay-color":"","overlay-opacity":"","overlay-gradient":""},"mobile":{"background-color":"","background-image":"","background-repeat":"repeat","background-position":"center center","background-size":"auto","background-attachment":"scroll","background-type":"","background-media":"","overlay-type":"","overlay-color":"","overlay-opacity":"","overlay-gradient":""}},"ast-content-background-meta":{"desktop":{"background-color":"var(--ast-global-color-5)","background-image":"","background-repeat":"repeat","background-position":"center center","background-size":"auto","background-attachment":"scroll","background-type":"","background-media":"","overlay-type":"","overlay-color":"","overlay-opacity":"","overlay-gradient":""},"tablet":{"background-color":"var(--ast-global-color-5)","background-image":"","background-repeat":"repeat","background-position":"center center","background-size":"auto","background-attachment":"scroll","background-type":"","background-media":"","overlay-type":"","overlay-color":"","overlay-opacity":"","overlay-gradient":""},"mobile":{"background-color":"var(--ast-global-color-5)","background-image":"","background-repeat":"repeat","background-position":"center center","background-size":"auto","background-attachment":"scroll","background-type":"","background-media":"","overlay-type":"","overlay-color":"","overlay-opacity":"","overlay-gradient":""}},"footnotes":""},"class_list":["post-1955","page","type-page","status-publish","hentry"],"yoast_head":"<!-- This site is optimized with the Yoast SEO plugin v26.8 - https:\/\/yoast.com\/product\/yoast-seo-wordpress\/ -->\n<title>Pol\u00edtica de privacidad - Bota\u0301nica Petit<\/title>\n<meta name=\"robots\" content=\"index, follow, max-snippet:-1, max-image-preview:large, max-video-preview:-1\" \/>\n<link rel=\"canonical\" href=\"https:\/\/botanicapetit.es\/en\/politica-de-privacidad\/\" \/>\n<meta property=\"og:locale\" content=\"en_US\" \/>\n<meta property=\"og:type\" content=\"article\" \/>\n<meta property=\"og:title\" content=\"Pol\u00edtica de privacidad - Bota\u0301nica Petit\" \/>\n<meta property=\"og:description\" content=\"1. INFORMACI\u00d3N AL USUARIO BOT\u00c1NICA PETIT S.L., con CIFB27877307, (en adelante RESPONSABLE), es el Responsable del tratamiento de los datos personales del Usuario&nbsp;y le informa que estos datos ser\u00e1n tratados de conformidad con lo dispuesto en el Reglamento (UE) 2016\/679 de 27 de abril&nbsp;(GDPR) y la Ley Org\u00e1nica 3\/2018&nbsp;de 5 de diciembre&nbsp;(LOPD), por lo que [&hellip;]\" \/>\n<meta property=\"og:url\" content=\"https:\/\/botanicapetit.es\/en\/politica-de-privacidad\/\" \/>\n<meta property=\"og:site_name\" content=\"Bota\u0301nica Petit\" \/>\n<meta property=\"article:modified_time\" content=\"2021-05-21T10:44:21+00:00\" \/>\n<meta name=\"twitter:card\" content=\"summary_large_image\" \/>\n<meta name=\"twitter:label1\" content=\"Est. reading time\" \/>\n\t<meta name=\"twitter:data1\" content=\"4 minutes\" \/>\n<script type=\"application\/ld+json\" class=\"yoast-schema-graph\">{\"@context\":\"https:\/\/schema.org\",\"@graph\":[{\"@type\":\"WebPage\",\"@id\":\"https:\/\/botanicapetit.es\/politica-de-privacidad\/\",\"url\":\"https:\/\/botanicapetit.es\/politica-de-privacidad\/\",\"name\":\"Pol\u00edtica de privacidad - Bota\u0301nica Petit\",\"isPartOf\":{\"@id\":\"https:\/\/botanicapetit.es\/#website\"},\"datePublished\":\"2021-04-23T13:00:00+00:00\",\"dateModified\":\"2021-05-21T10:44:21+00:00\",\"breadcrumb\":{\"@id\":\"https:\/\/botanicapetit.es\/politica-de-privacidad\/#breadcrumb\"},\"inLanguage\":\"en-US\",\"potentialAction\":[{\"@type\":\"ReadAction\",\"target\":[\"https:\/\/botanicapetit.es\/politica-de-privacidad\/\"]}]},{\"@type\":\"BreadcrumbList\",\"@id\":\"https:\/\/botanicapetit.es\/politica-de-privacidad\/#breadcrumb\",\"itemListElement\":[{\"@type\":\"ListItem\",\"position\":1,\"name\":\"Portada\",\"item\":\"https:\/\/botanicapetit.es\/\"},{\"@type\":\"ListItem\",\"position\":2,\"name\":\"Pol\u00edtica de privacidad\"}]},{\"@type\":\"WebSite\",\"@id\":\"https:\/\/botanicapetit.es\/#website\",\"url\":\"https:\/\/botanicapetit.es\/\",\"name\":\"Bota\u0301nica Petit\",\"description\":\"Just another WordPress site\",\"publisher\":{\"@id\":\"https:\/\/botanicapetit.es\/#organization\"},\"potentialAction\":[{\"@type\":\"SearchAction\",\"target\":{\"@type\":\"EntryPoint\",\"urlTemplate\":\"https:\/\/botanicapetit.es\/?s={search_term_string}\"},\"query-input\":{\"@type\":\"PropertyValueSpecification\",\"valueRequired\":true,\"valueName\":\"search_term_string\"}}],\"inLanguage\":\"en-US\"},{\"@type\":\"Organization\",\"@id\":\"https:\/\/botanicapetit.es\/#organization\",\"name\":\"Bota\u0301nica Petit\",\"url\":\"https:\/\/botanicapetit.es\/\",\"logo\":{\"@type\":\"ImageObject\",\"inLanguage\":\"en-US\",\"@id\":\"https:\/\/botanicapetit.es\/#\/schema\/logo\/image\/\",\"url\":\"https:\/\/botanicapetit.es\/wp-content\/uploads\/2021\/03\/LOGO-BPETIT.png\",\"contentUrl\":\"https:\/\/botanicapetit.es\/wp-content\/uploads\/2021\/03\/LOGO-BPETIT.png\",\"width\":439,\"height\":455,\"caption\":\"Bota\u0301nica Petit\"},\"image\":{\"@id\":\"https:\/\/botanicapetit.es\/#\/schema\/logo\/image\/\"}}]}<\/script>\n<!-- \/ Yoast SEO plugin. -->","yoast_head_json":{"title":"Pol\u00edtica de privacidad - Bota\u0301nica Petit","robots":{"index":"index","follow":"follow","max-snippet":"max-snippet:-1","max-image-preview":"max-image-preview:large","max-video-preview":"max-video-preview:-1"},"canonical":"https:\/\/botanicapetit.es\/en\/politica-de-privacidad\/","og_locale":"en_US","og_type":"article","og_title":"Pol\u00edtica de privacidad - Bota\u0301nica Petit","og_description":"1. INFORMACI\u00d3N AL USUARIO BOT\u00c1NICA PETIT S.L., con CIFB27877307, (en adelante RESPONSABLE), es el Responsable del tratamiento de los datos personales del Usuario&nbsp;y le informa que estos datos ser\u00e1n tratados de conformidad con lo dispuesto en el Reglamento (UE) 2016\/679 de 27 de abril&nbsp;(GDPR) y la Ley Org\u00e1nica 3\/2018&nbsp;de 5 de diciembre&nbsp;(LOPD), por lo que [&hellip;]","og_url":"https:\/\/botanicapetit.es\/en\/politica-de-privacidad\/","og_site_name":"Bota\u0301nica Petit","article_modified_time":"2021-05-21T10:44:21+00:00","twitter_card":"summary_large_image","twitter_misc":{"Est. reading time":"4 minutes"},"schema":{"@context":"https:\/\/schema.org","@graph":[{"@type":"WebPage","@id":"https:\/\/botanicapetit.es\/politica-de-privacidad\/","url":"https:\/\/botanicapetit.es\/politica-de-privacidad\/","name":"Pol\u00edtica de privacidad - Bota\u0301nica Petit","isPartOf":{"@id":"https:\/\/botanicapetit.es\/#website"},"datePublished":"2021-04-23T13:00:00+00:00","dateModified":"2021-05-21T10:44:21+00:00","breadcrumb":{"@id":"https:\/\/botanicapetit.es\/politica-de-privacidad\/#breadcrumb"},"inLanguage":"en-US","potentialAction":[{"@type":"ReadAction","target":["https:\/\/botanicapetit.es\/politica-de-privacidad\/"]}]},{"@type":"BreadcrumbList","@id":"https:\/\/botanicapetit.es\/politica-de-privacidad\/#breadcrumb","itemListElement":[{"@type":"ListItem","position":1,"name":"Portada","item":"https:\/\/botanicapetit.es\/"},{"@type":"ListItem","position":2,"name":"Pol\u00edtica de privacidad"}]},{"@type":"WebSite","@id":"https:\/\/botanicapetit.es\/#website","url":"https:\/\/botanicapetit.es\/","name":"Petit Botany","description":"Just another WordPress site","publisher":{"@id":"https:\/\/botanicapetit.es\/#organization"},"potentialAction":[{"@type":"SearchAction","target":{"@type":"EntryPoint","urlTemplate":"https:\/\/botanicapetit.es\/?s={search_term_string}"},"query-input":{"@type":"PropertyValueSpecification","valueRequired":true,"valueName":"search_term_string"}}],"inLanguage":"en-US"},{"@type":"Organization","@id":"https:\/\/botanicapetit.es\/#organization","name":"Petit Botany","url":"https:\/\/botanicapetit.es\/","logo":{"@type":"ImageObject","inLanguage":"en-US","@id":"https:\/\/botanicapetit.es\/#\/schema\/logo\/image\/","url":"https:\/\/botanicapetit.es\/wp-content\/uploads\/2021\/03\/LOGO-BPETIT.png","contentUrl":"https:\/\/botanicapetit.es\/wp-content\/uploads\/2021\/03\/LOGO-BPETIT.png","width":439,"height":455,"caption":"Bota\u0301nica Petit"},"image":{"@id":"https:\/\/botanicapetit.es\/#\/schema\/logo\/image\/"}}]}},"_links":{"self":[{"href":"https:\/\/botanicapetit.es\/en\/wp-json\/wp\/v2\/pages\/1955","targetHints":{"allow":["GET"]}}],"collection":[{"href":"https:\/\/botanicapetit.es\/en\/wp-json\/wp\/v2\/pages"}],"about":[{"href":"https:\/\/botanicapetit.es\/en\/wp-json\/wp\/v2\/types\/page"}],"author":[{"embeddable":true,"href":"https:\/\/botanicapetit.es\/en\/wp-json\/wp\/v2\/users\/1"}],"replies":[{"embeddable":true,"href":"https:\/\/botanicapetit.es\/en\/wp-json\/wp\/v2\/comments?post=1955"}],"version-history":[{"count":3,"href":"https:\/\/botanicapetit.es\/en\/wp-json\/wp\/v2\/pages\/1955\/revisions"}],"predecessor-version":[{"id":4429,"href":"https:\/\/botanicapetit.es\/en\/wp-json\/wp\/v2\/pages\/1955\/revisions\/4429"}],"wp:attachment":[{"href":"https:\/\/botanicapetit.es\/en\/wp-json\/wp\/v2\/media?parent=1955"}],"curies":[{"name":"wp","href":"https:\/\/api.w.org\/{rel}","templated":true}]}}